{"id":8209,"date":"2024-07-29T03:55:39","date_gmt":"2024-07-29T03:55:39","guid":{"rendered":"https:\/\/design-ceramics.com\/?post_type=product&#038;p=8209"},"modified":"2024-10-09T11:38:17","modified_gmt":"2024-10-09T11:38:17","slug":"full-body-tiles-300x300-shopping","status":"publish","type":"product","link":"https:\/\/design-ceramics.com\/pt\/full-body-tiles-300x300-shopping\/","title":{"rendered":"Morera Ceramic full body tiles 300\u00d7300 shopping"},"content":{"rendered":"<p>Aqui est\u00e3o alguns dos principais recursos de nossos Full Body Tiles 300\u00d7300:<\/p>\n<p>&#8211; <strong>Material dur\u00e1vel:<\/strong> Feitos de porcelana de alta qualidade, esses azulejos s\u00e3o incrivelmente dur\u00e1veis e resistentes a arranh\u00f5es, manchas e desgaste geral.<\/p>\n<p>&#8211; <strong>Uniformidade:<\/strong> A cor e o design se estendem por todo o corpo do ladrilho, tornando as lascas ou arranh\u00f5es menos percept\u00edveis e garantindo uma apar\u00eancia consistente.<\/p>\n<p>&#8211; <strong>Design vers\u00e1til:<\/strong> O tamanho elegante e moderno de 300\u00d7300 torna esses azulejos adequados para uma variedade de ambientes, desde salas de estar modernas at\u00e9 cozinhas aconchegantes.<\/p>\n<p>&#8211; <strong>F\u00e1cil manuten\u00e7\u00e3o:<\/strong> A porcelana \u00e9 conhecida por sua baixa necessidade de manuten\u00e7\u00e3o. Um r\u00e1pido esfreg\u00e3o ou varredura geralmente \u00e9 tudo o que \u00e9 necess\u00e1rio para manter esses azulejos com apar\u00eancia impec\u00e1vel.<\/p>\n<p>&#8211; <strong>Apelo est\u00e9tico:<\/strong> Com uma ampla variedade de padr\u00f5es e acabamentos dispon\u00edveis, nossos azulejos de corpo inteiro certamente complementar\u00e3o qualquer estilo de decora\u00e7\u00e3o, seja ele contempor\u00e2neo, r\u00fastico ou cl\u00e1ssico.<\/p>\n<p>&nbsp;<\/p>\n<p>Esses azulejos tamb\u00e9m trazem benef\u00edcios pr\u00e1ticos que s\u00e3o dif\u00edceis de ignorar. Seu design de corpo inteiro significa que eles podem suportar o tr\u00e1fego intenso de pedestres sem mostrar sinais de desgaste, o que os torna ideais para \u00e1reas de tr\u00e1fego intenso, como corredores e salas de estar. Al\u00e9m disso, a resist\u00eancia natural da porcelana \u00e0 umidade faz com que esses ladrilhos sejam uma \u00f3tima op\u00e7\u00e3o para banheiros e cozinhas, onde derramamentos e respingos s\u00e3o comuns.<\/p>\n<p>&nbsp;<\/p>\n<p>Mas a utilidade n\u00e3o prejudica o estilo. Nossos Full Body Tiles 300\u00d7300 oferecem uma infinidade de op\u00e7\u00f5es de design que v\u00e3o desde a apar\u00eancia de pedra natural at\u00e9 a est\u00e9tica moderna minimalista. Eles podem servir como um pano de fundo neutro para deixar seus m\u00f3veis brilharem ou podem ser a estrela do ambiente com padr\u00f5es e texturas arrojados.<\/p>\n<p>&nbsp;<\/p>\n<p>Para aqueles que desejam personalizar a apar\u00eancia de sua casa, esses ladrilhos oferecem o tipo de flexibilidade que \u00e9 o sonho de qualquer decorador. Combine diferentes padr\u00f5es e texturas para criar um design exclusivo que combine com seu estilo pessoal. O tamanho de 300\u00d7300 dos ladrilhos tamb\u00e9m os torna incrivelmente adapt\u00e1veis, cabendo em \u00e1reas grandes e pequenas sem a necessidade de cortes ou ajustes excessivos.<\/p>\n<p>&nbsp;<\/p>\n<p>N\u00e3o hesite em transformar sua sala de estar em um ref\u00fagio de beleza e durabilidade com nossos azulejos Full Body Tiles 300\u00d7300. Para ver mais possibilidades de design ou fazer um pedido, sinta-se \u00e0 vontade para entrar em contato pelo WhatsApp. Quer voc\u00ea seja um propriet\u00e1rio com uma vis\u00e3o ou um designer com um toque criativo, esses azulejos s\u00e3o o meio perfeito para dar vida \u00e0s suas ideias.<\/p>","protected":false},"excerpt":{"rendered":"<p data-pm-slice=\"1 1 []\">Nunca foi t\u00e3o f\u00e1cil enfeitar sua sala de estar com a nossa cole\u00e7\u00e3o Full Body Tiles 300\u00d7300. Esses ladrilhos s\u00e3o a combina\u00e7\u00e3o perfeita de estilo, durabilidade e versatilidade, o que os torna uma excelente op\u00e7\u00e3o para qualquer piso de sua casa. N\u00e3o importa se voc\u00ea est\u00e1 renovando a sala de estar, ampliando a cozinha ou apenas querendo dar um toque de eleg\u00e2ncia ao banheiro, esses ladrilhos s\u00e3o a solu\u00e7\u00e3o. Fabricados com precis\u00e3o e cuidado, nossos ladrilhos de corpo inteiro s\u00e3o projetados para resistir ao teste do tempo e dar um toque sofisticado aos seus interiores.<\/p>\n<p>Um dos atributos de destaque desses azulejos \u00e9 sua composi\u00e7\u00e3o de corpo inteiro. Ao contr\u00e1rio de outros tipos de ladrilhos que t\u00eam apenas um esmalte colorido na camada superior, nossos ladrilhos de corpo inteiro s\u00e3o constru\u00eddos com materiais uniformes em toda a sua espessura. Isso resulta em maior durabilidade e vida \u00fatil mais longa, garantindo que seus pisos tenham uma apar\u00eancia deslumbrante por muitos anos.<\/p>\n<p>&nbsp;<\/p>","protected":false},"featured_media":8079,"comment_status":"open","ping_status":"closed","template":"","meta":{"_acf_changed":false},"product-sp-name":[75],"product_brand":[],"product_cat":[15],"product_tag":[],"class_list":{"0":"post-8209","1":"product","2":"type-product","3":"status-publish","4":"has-post-thumbnail","6":"product-sp-name-morera-ceramic-full-body-tiles-300x300-shopping","7":"product_cat-uncategorized","9":"first","10":"instock","11":"shipping-taxable","12":"product-type-simple"},"acf":[],"_links":{"self":[{"href":"https:\/\/design-ceramics.com\/pt\/wp-json\/wp\/v2\/product\/8209","targetHints":{"allow":["GET"]}}],"collection":[{"href":"https:\/\/design-ceramics.com\/pt\/wp-json\/wp\/v2\/product"}],"about":[{"href":"https:\/\/design-ceramics.com\/pt\/wp-json\/wp\/v2\/types\/product"}],"replies":[{"embeddable":true,"href":"https:\/\/design-ceramics.com\/pt\/wp-json\/wp\/v2\/comments?post=8209"}],"version-history":[{"count":3,"href":"https:\/\/design-ceramics.com\/pt\/wp-json\/wp\/v2\/product\/8209\/revisions"}],"predecessor-version":[{"id":8215,"href":"https:\/\/design-ceramics.com\/pt\/wp-json\/wp\/v2\/product\/8209\/revisions\/8215"}],"wp:featuredmedia":[{"embeddable":true,"href":"https:\/\/design-ceramics.com\/pt\/wp-json\/wp\/v2\/media\/8079"}],"wp:attachment":[{"href":"https:\/\/design-ceramics.com\/pt\/wp-json\/wp\/v2\/media?parent=8209"}],"wp:term":[{"taxonomy":"product-sp-name","embeddable":true,"href":"https:\/\/design-ceramics.com\/pt\/wp-json\/wp\/v2\/product-sp-name?post=8209"},{"taxonomy":"product_brand","embeddable":true,"href":"https:\/\/design-ceramics.com\/pt\/wp-json\/wp\/v2\/product_brand?post=8209"},{"taxonomy":"product_cat","embeddable":true,"href":"https:\/\/design-ceramics.com\/pt\/wp-json\/wp\/v2\/product_cat?post=8209"},{"taxonomy":"product_tag","embeddable":true,"href":"https:\/\/design-ceramics.com\/pt\/wp-json\/wp\/v2\/product_tag?post=8209"}],"curies":[{"name":"wp","href":"https:\/\/api.w.org\/{rel}","templated":true}]}}