{"id":7197,"date":"2024-06-26T02:49:05","date_gmt":"2024-06-26T02:49:05","guid":{"rendered":"https:\/\/design-ceramics.com\/?post_type=product&#038;p=7197"},"modified":"2025-02-13T06:56:23","modified_gmt":"2025-02-13T06:56:23","slug":"morera-popular-color-grey-tactile-pavers-d4503b-1","status":"publish","type":"product","link":"https:\/\/design-ceramics.com\/pt\/morera-popular-color-grey-tactile-pavers-d4503b-1\/","title":{"rendered":"Morera Popular Color Grey Tactile Pavers (D4503B-1)"},"content":{"rendered":"<p>Nosso Tactile Paving oferece um benef\u00edcio altamente comercializ\u00e1vel para empresas e pr\u00e9dios p\u00fablicos, portanto, investir em acessibilidade para todos \u00e9 crucial ao projetar seu novo espa\u00e7o.<\/p>","protected":false},"excerpt":{"rendered":"<p>Temos o prazer de apresentar nossas populares pavimentadoras t\u00e1teis na cor cinza D4503B-1, que aumentam a seguran\u00e7a e o acesso em uma s\u00e9rie de ambientes. Essas superf\u00edcies t\u00e1teis tamb\u00e9m s\u00e3o um aux\u00edlio importante para os cegos e permitem que eles se movimentem facilmente em pisos internos ou externos. Os marcadores direcionais est\u00e3o localizados em v\u00e1rios pontos para orientar os usu\u00e1rios, garantindo que eles possam se mover diretamente.<\/p>\n<p>Al\u00e9m disso, instalamos indicadores t\u00e1teis ao redor da pavimenta\u00e7\u00e3o t\u00e1til para que as pessoas que passem sejam alertadas sobre poss\u00edveis perigos, a fim de proporcionar um ambiente seguro de cal\u00e7ada cega. A pavimenta\u00e7\u00e3o t\u00e1til cinza \u00e9 feita com materiais de alta qualidade. Essas pavimenta\u00e7\u00f5es est\u00e3o dispon\u00edveis em uma variedade de materiais (cores) para acomodar sua est\u00e9tica. Nossas solu\u00e7\u00f5es de pavimenta\u00e7\u00e3o s\u00e3o perfeitas para zonas sem tr\u00e1fego e locais onde a seguran\u00e7a pode ser uma preocupa\u00e7\u00e3o.<\/p>","protected":false},"featured_media":7198,"comment_status":"open","ping_status":"closed","template":"","meta":{"_acf_changed":false},"product-sp-name":[135],"product_brand":[],"product_cat":[70],"product_tag":[],"class_list":{"0":"post-7197","1":"product","2":"type-product","3":"status-publish","4":"has-post-thumbnail","6":"product-sp-name-morera-popular-color-grey-tactile-pavers-d4503b-1","7":"product_cat-tactile-paving-300x300mm","9":"first","10":"instock","11":"shipping-taxable","12":"product-type-simple"},"acf":[],"_links":{"self":[{"href":"https:\/\/design-ceramics.com\/pt\/wp-json\/wp\/v2\/product\/7197","targetHints":{"allow":["GET"]}}],"collection":[{"href":"https:\/\/design-ceramics.com\/pt\/wp-json\/wp\/v2\/product"}],"about":[{"href":"https:\/\/design-ceramics.com\/pt\/wp-json\/wp\/v2\/types\/product"}],"replies":[{"embeddable":true,"href":"https:\/\/design-ceramics.com\/pt\/wp-json\/wp\/v2\/comments?post=7197"}],"version-history":[{"count":5,"href":"https:\/\/design-ceramics.com\/pt\/wp-json\/wp\/v2\/product\/7197\/revisions"}],"predecessor-version":[{"id":11827,"href":"https:\/\/design-ceramics.com\/pt\/wp-json\/wp\/v2\/product\/7197\/revisions\/11827"}],"wp:featuredmedia":[{"embeddable":true,"href":"https:\/\/design-ceramics.com\/pt\/wp-json\/wp\/v2\/media\/7198"}],"wp:attachment":[{"href":"https:\/\/design-ceramics.com\/pt\/wp-json\/wp\/v2\/media?parent=7197"}],"wp:term":[{"taxonomy":"product-sp-name","embeddable":true,"href":"https:\/\/design-ceramics.com\/pt\/wp-json\/wp\/v2\/product-sp-name?post=7197"},{"taxonomy":"product_brand","embeddable":true,"href":"https:\/\/design-ceramics.com\/pt\/wp-json\/wp\/v2\/product_brand?post=7197"},{"taxonomy":"product_cat","embeddable":true,"href":"https:\/\/design-ceramics.com\/pt\/wp-json\/wp\/v2\/product_cat?post=7197"},{"taxonomy":"product_tag","embeddable":true,"href":"https:\/\/design-ceramics.com\/pt\/wp-json\/wp\/v2\/product_tag?post=7197"}],"curies":[{"name":"wp","href":"https:\/\/api.w.org\/{rel}","templated":true}]}}