{"id":7195,"date":"2024-06-26T02:48:17","date_gmt":"2024-06-26T02:48:17","guid":{"rendered":"https:\/\/design-ceramics.com\/?post_type=product&#038;p=7195"},"modified":"2025-02-13T06:56:33","modified_gmt":"2025-02-13T06:56:33","slug":"foshan-morera-concrete-tactile-pavers-for-outside-area-d4202d-1","status":"publish","type":"product","link":"https:\/\/design-ceramics.com\/pt\/foshan-morera-concrete-tactile-pavers-for-outside-area-d4202d-1\/","title":{"rendered":"Pavimentos t\u00e1teis de concreto da Foshan Morera para \u00e1rea externa (D4202D-1)"},"content":{"rendered":"<p>Nossas pavimentadoras passam por extensos testes de resist\u00eancia ao escorregamento, o que permite que voc\u00ea se sinta confiante e seguro ao escolher nosso produto para seus espa\u00e7os externos. Acrescente beleza e paz de esp\u00edrito \u00e0 sua propriedade instalando nossas pavimentadoras resilientes.<\/p>","protected":false},"excerpt":{"rendered":"<p>Nossa nova cole\u00e7\u00e3o de pavimentadoras de concreto premium, criada para proporcionar beleza e funcionalidade aos espa\u00e7os de conviv\u00eancia ao ar livre. Essas ofertas n\u00e3o s\u00e3o usadas apenas como belas pavimentadoras arquitet\u00f4nicas, mas tamb\u00e9m consistem em uma variedade de pavimentadoras EU t\u00e1teis e direcionais mistas para ajudar na mobilidade em diferentes projetos. Cada pavimentadora \u00e9 fabricada exclusivamente para atender \u00e0s especifica\u00e7\u00f5es do produto em termos de resist\u00eancia e durabilidade.<\/p>\n<p>A cor est\u00e1 dispon\u00edvel em nossas pavimentadoras de concreto para que voc\u00ea possa escolher a tonalidade que melhor se adapte \u00e0 sua paisagem. Al\u00e9m de serem bonitos, eles s\u00e3o resistentes a manchas e antiderrapantes, o que os torna ideais para qualquer lugar, mesmo em \u00e1reas \u00famidas ou de tr\u00e1fego intenso.<\/p>","protected":false},"featured_media":7196,"comment_status":"open","ping_status":"closed","template":"","meta":{"_acf_changed":false},"product-sp-name":[136],"product_brand":[],"product_cat":[70],"product_tag":[],"class_list":{"0":"post-7195","1":"product","2":"type-product","3":"status-publish","4":"has-post-thumbnail","6":"product-sp-name-foshan-morera-concrete-tactile-pavers-for-outside-area-d4202d-1","7":"product_cat-tactile-paving-300x300mm","9":"first","10":"instock","11":"shipping-taxable","12":"product-type-simple"},"acf":[],"_links":{"self":[{"href":"https:\/\/design-ceramics.com\/pt\/wp-json\/wp\/v2\/product\/7195","targetHints":{"allow":["GET"]}}],"collection":[{"href":"https:\/\/design-ceramics.com\/pt\/wp-json\/wp\/v2\/product"}],"about":[{"href":"https:\/\/design-ceramics.com\/pt\/wp-json\/wp\/v2\/types\/product"}],"replies":[{"embeddable":true,"href":"https:\/\/design-ceramics.com\/pt\/wp-json\/wp\/v2\/comments?post=7195"}],"version-history":[{"count":4,"href":"https:\/\/design-ceramics.com\/pt\/wp-json\/wp\/v2\/product\/7195\/revisions"}],"predecessor-version":[{"id":11828,"href":"https:\/\/design-ceramics.com\/pt\/wp-json\/wp\/v2\/product\/7195\/revisions\/11828"}],"wp:featuredmedia":[{"embeddable":true,"href":"https:\/\/design-ceramics.com\/pt\/wp-json\/wp\/v2\/media\/7196"}],"wp:attachment":[{"href":"https:\/\/design-ceramics.com\/pt\/wp-json\/wp\/v2\/media?parent=7195"}],"wp:term":[{"taxonomy":"product-sp-name","embeddable":true,"href":"https:\/\/design-ceramics.com\/pt\/wp-json\/wp\/v2\/product-sp-name?post=7195"},{"taxonomy":"product_brand","embeddable":true,"href":"https:\/\/design-ceramics.com\/pt\/wp-json\/wp\/v2\/product_brand?post=7195"},{"taxonomy":"product_cat","embeddable":true,"href":"https:\/\/design-ceramics.com\/pt\/wp-json\/wp\/v2\/product_cat?post=7195"},{"taxonomy":"product_tag","embeddable":true,"href":"https:\/\/design-ceramics.com\/pt\/wp-json\/wp\/v2\/product_tag?post=7195"}],"curies":[{"name":"wp","href":"https:\/\/api.w.org\/{rel}","templated":true}]}}