{"id":7193,"date":"2024-06-26T02:47:46","date_gmt":"2024-06-26T02:47:46","guid":{"rendered":"https:\/\/design-ceramics.com\/?post_type=product&#038;p=7193"},"modified":"2025-02-13T06:56:42","modified_gmt":"2025-02-13T06:56:42","slug":"top-chinese-tactile-paving-suppliers-in-uae-d931-1","status":"publish","type":"product","link":"https:\/\/design-ceramics.com\/pt\/top-chinese-tactile-paving-suppliers-in-uae-d931-1\/","title":{"rendered":"Fornecedores de pavimenta\u00e7\u00e3o t\u00e1til chinesa Morera nos Emirados \u00c1rabes Unidos (D931-1)"},"content":{"rendered":"<p>A instala\u00e7\u00e3o \u00e9 simples, quer voc\u00ea esteja reformando um espa\u00e7o existente ou desenvolvendo uma nova \u00e1rea. Imagine a tranquilidade de saber que seu ambiente \u00e9 acess\u00edvel a todos. N\u00e3o perca a chance de melhorar a seguran\u00e7a e o design - entre em contato conosco hoje mesmo para saber como as nossas solu\u00e7\u00f5es t\u00e1teis podem transformar o seu projeto.<\/p>","protected":false},"excerpt":{"rendered":"<p data-pm-slice=\"1 1 []\">Apresentamos nossa linha inovadora de produtos t\u00e1teis projetados para aumentar a seguran\u00e7a e a acessibilidade em ambientes internos e externos. Essas solu\u00e7\u00f5es de pavimenta\u00e7\u00e3o t\u00e1til s\u00e3o perfeitas para orientar as pessoas, principalmente aquelas com defici\u00eancia visual, garantindo que elas se movimentem com confian\u00e7a em v\u00e1rios espa\u00e7os.<\/p>\n<p>Nossos produtos t\u00e1teis incluem marcadores direcionais que fornecem pistas claras de navega\u00e7\u00e3o, tornando os caminhos e as transi\u00e7\u00f5es perfeitos. Com os nossos TACTILE TILES e PORCELAIN TACTILE TILES, voc\u00ea pode criar superf\u00edcies esteticamente agrad\u00e1veis e funcionais que combinam com a arquitetura ao redor, mantendo a durabilidade.<\/p>","protected":false},"featured_media":7194,"comment_status":"open","ping_status":"closed","template":"","meta":{"_acf_changed":false},"product-sp-name":[137],"product_brand":[],"product_cat":[70],"product_tag":[],"class_list":{"0":"post-7193","1":"product","2":"type-product","3":"status-publish","4":"has-post-thumbnail","6":"product-sp-name-top-chinese-tactile-paving-suppliers-in-uae-d931-1","7":"product_cat-tactile-paving-300x300mm","9":"first","10":"instock","11":"shipping-taxable","12":"product-type-simple"},"acf":[],"_links":{"self":[{"href":"https:\/\/design-ceramics.com\/pt\/wp-json\/wp\/v2\/product\/7193","targetHints":{"allow":["GET"]}}],"collection":[{"href":"https:\/\/design-ceramics.com\/pt\/wp-json\/wp\/v2\/product"}],"about":[{"href":"https:\/\/design-ceramics.com\/pt\/wp-json\/wp\/v2\/types\/product"}],"replies":[{"embeddable":true,"href":"https:\/\/design-ceramics.com\/pt\/wp-json\/wp\/v2\/comments?post=7193"}],"version-history":[{"count":5,"href":"https:\/\/design-ceramics.com\/pt\/wp-json\/wp\/v2\/product\/7193\/revisions"}],"predecessor-version":[{"id":11829,"href":"https:\/\/design-ceramics.com\/pt\/wp-json\/wp\/v2\/product\/7193\/revisions\/11829"}],"wp:featuredmedia":[{"embeddable":true,"href":"https:\/\/design-ceramics.com\/pt\/wp-json\/wp\/v2\/media\/7194"}],"wp:attachment":[{"href":"https:\/\/design-ceramics.com\/pt\/wp-json\/wp\/v2\/media?parent=7193"}],"wp:term":[{"taxonomy":"product-sp-name","embeddable":true,"href":"https:\/\/design-ceramics.com\/pt\/wp-json\/wp\/v2\/product-sp-name?post=7193"},{"taxonomy":"product_brand","embeddable":true,"href":"https:\/\/design-ceramics.com\/pt\/wp-json\/wp\/v2\/product_brand?post=7193"},{"taxonomy":"product_cat","embeddable":true,"href":"https:\/\/design-ceramics.com\/pt\/wp-json\/wp\/v2\/product_cat?post=7193"},{"taxonomy":"product_tag","embeddable":true,"href":"https:\/\/design-ceramics.com\/pt\/wp-json\/wp\/v2\/product_tag?post=7193"}],"curies":[{"name":"wp","href":"https:\/\/api.w.org\/{rel}","templated":true}]}}