{"id":7189,"date":"2024-06-26T02:46:41","date_gmt":"2024-06-26T02:46:41","guid":{"rendered":"https:\/\/design-ceramics.com\/?post_type=product&#038;p=7189"},"modified":"2025-03-24T13:51:44","modified_gmt":"2025-03-24T13:51:44","slug":"morera-ceramic-corduroy-tactile-paving-d536g-1","status":"publish","type":"product","link":"https:\/\/design-ceramics.com\/pt\/morera-ceramic-corduroy-tactile-paving-d536g-1\/","title":{"rendered":"Pavimenta\u00e7\u00e3o t\u00e1til Corduroy Morera Ceramic (D536G-1)"},"content":{"rendered":"","protected":false},"excerpt":{"rendered":"<p><span data-slate-fragment=\"JTVCJTdCJTIydHlwZSUyMiUzQSUyMnAlMjIlMkMlMjJjaGlsZHJlbiUyMiUzQSU1QiU3QiUyMnRleHQlMjIlM0ElMjJEaXNjb3ZlciUyMHRoZSUyMGFzc3VyYW5jZSUyMGFuZCUyMHBlYWNlZnVsJTIwdGhhdCUyMENvcmR1cm95JTIwVGFjdGlsZSUyMFBhdmluZyUyMGJyaW5ncyUyMHRvJTIwYW55JTIwcHVibGljJTIwb3IlMjBwcml2YXRlJTIwc3BhY2UuJTIwVGhpcyUyMHBhdmluZyUyMHNvbHV0aW9uJTIwZW5zdXJlcyUyMHRoYXQlMjB2aXN1YWxseSUyMGltcGFpcmVkJTIwaW5kaXZpZHVhbHMlMjBhcmUlMjBhbGVydGVkJTIwdG8lMjBwb3RlbnRpYWwlMjBoYXphcmRzLiUyMEl0cyUyMHN0cmlwZWQlMjBwYXR0ZXJuJTIwbm90JTIwb25seSUyMGVuaGFuY2VzJTIwdGhlJTIwdGFjdGlsZSUyMGV4cGVyaWVuY2UlMjBidXQlMjBhbHNvJTIwc2VydmVzJTIwYXMlMjBhJTIwY3J1Y2lhbCUyMHNhZmV0eSUyMG1lY2hhbmlzbSUyMHRoYXQlMjBjb21tdW5pY2F0ZXMlMjBjYXV0aW9uLiUyMFBlcmZlY3QlMjBmb3IlMjB1cmJhbiUyMGVudmlyb25tZW50cyUyQyUyMENvcmR1cm95JTIwVGFjdGlsZSUyMFBhdmluZyUyMChENTM2Ry0xKXByb3ZlcyUyMGluZGlzcGVuc2FibGUlMjBhdCUyMGNyaXRpY2FsJTIwanVuY3Rpb25zJTIwc3VjaCUyMGFzJTIwdGhlJTIwdG9wJTIwb2YlMjBzdGVwcyUyQyUyMGxldmVsJTIwY3Jvc3NpbmdzJTJDJTIwYW5kJTIwY3ljbGUtcGVkZXN0cmlhbiUyMHBhdGhzLiUyMiU3RCU1RCUyQyUyMmlkJTIyJTNBJTIyd2ZsdTElMjIlN0QlNUQ=\">Descubra a seguran\u00e7a e a tranquilidade que o Corduroy Tactile Paving traz para qualquer espa\u00e7o p\u00fablico ou privado. Essa solu\u00e7\u00e3o de pavimenta\u00e7\u00e3o garante que os deficientes visuais sejam alertados sobre poss\u00edveis perigos. Seu padr\u00e3o listrado n\u00e3o apenas aprimora a experi\u00eancia t\u00e1til, mas tamb\u00e9m serve como um mecanismo de seguran\u00e7a crucial que comunica cautela. Perfeito para ambientes urbanos, o Corduroy Tactile Paving (D536G-1) \u00e9 indispens\u00e1vel em cruzamentos cr\u00edticos, como o topo de degraus, passagens de n\u00edvel e ciclovias para pedestres.<\/span><\/p>","protected":false},"featured_media":7190,"comment_status":"open","ping_status":"closed","template":"","meta":{"_acf_changed":false},"product-sp-name":[97],"product_brand":[],"product_cat":[70],"product_tag":[],"class_list":{"0":"post-7189","1":"product","2":"type-product","3":"status-publish","4":"has-post-thumbnail","6":"product-sp-name-morera-ceramic-non-slip-tiles-for-outside-d536g-1","7":"product_cat-tactile-paving-300x300mm","9":"first","10":"instock","11":"featured","12":"shipping-taxable","13":"product-type-simple"},"acf":[],"_links":{"self":[{"href":"https:\/\/design-ceramics.com\/pt\/wp-json\/wp\/v2\/product\/7189","targetHints":{"allow":["GET"]}}],"collection":[{"href":"https:\/\/design-ceramics.com\/pt\/wp-json\/wp\/v2\/product"}],"about":[{"href":"https:\/\/design-ceramics.com\/pt\/wp-json\/wp\/v2\/types\/product"}],"replies":[{"embeddable":true,"href":"https:\/\/design-ceramics.com\/pt\/wp-json\/wp\/v2\/comments?post=7189"}],"version-history":[{"count":5,"href":"https:\/\/design-ceramics.com\/pt\/wp-json\/wp\/v2\/product\/7189\/revisions"}],"predecessor-version":[{"id":11980,"href":"https:\/\/design-ceramics.com\/pt\/wp-json\/wp\/v2\/product\/7189\/revisions\/11980"}],"wp:featuredmedia":[{"embeddable":true,"href":"https:\/\/design-ceramics.com\/pt\/wp-json\/wp\/v2\/media\/7190"}],"wp:attachment":[{"href":"https:\/\/design-ceramics.com\/pt\/wp-json\/wp\/v2\/media?parent=7189"}],"wp:term":[{"taxonomy":"product-sp-name","embeddable":true,"href":"https:\/\/design-ceramics.com\/pt\/wp-json\/wp\/v2\/product-sp-name?post=7189"},{"taxonomy":"product_brand","embeddable":true,"href":"https:\/\/design-ceramics.com\/pt\/wp-json\/wp\/v2\/product_brand?post=7189"},{"taxonomy":"product_cat","embeddable":true,"href":"https:\/\/design-ceramics.com\/pt\/wp-json\/wp\/v2\/product_cat?post=7189"},{"taxonomy":"product_tag","embeddable":true,"href":"https:\/\/design-ceramics.com\/pt\/wp-json\/wp\/v2\/product_tag?post=7189"}],"curies":[{"name":"wp","href":"https:\/\/api.w.org\/{rel}","templated":true}]}}