{"id":7187,"date":"2024-06-26T02:45:59","date_gmt":"2024-06-26T02:45:59","guid":{"rendered":"https:\/\/design-ceramics.com\/?post_type=product&#038;p=7187"},"modified":"2025-02-13T06:42:55","modified_gmt":"2025-02-13T06:42:55","slug":"morera-tactile-paving-tiles-d533b-1","status":"publish","type":"product","link":"https:\/\/design-ceramics.com\/pt\/morera-tactile-paving-tiles-d533b-1\/","title":{"rendered":"Ladrilhos de pavimenta\u00e7\u00e3o t\u00e1til Morera Blind (D533B-1)"},"content":{"rendered":"","protected":false},"excerpt":{"rendered":"<p data-pm-slice=\"1 1 []\">Nossas solu\u00e7\u00f5es de ladrilhos de pavimenta\u00e7\u00e3o t\u00e1til para cegos s\u00e3o as mais atualizadas e totalmente projetadas para a orienta\u00e7\u00e3o em linguagem de sinais de pessoas cegas ou com defici\u00eancia visual. Os indicadores de superf\u00edcie de caminhada de pavimenta\u00e7\u00e3o t\u00e1til s\u00e3o essenciais para esta\u00e7\u00f5es ferrovi\u00e1rias e outras \u00e1reas de tr\u00e2nsito, onde podem tornar o caminho mais seguro para qualquer pessoa. Os ladrilhos de pavimenta\u00e7\u00e3o t\u00e1til da Morera, incluindo o padr\u00e3o de bolhas de diferentes estilos, melhoram os avisos para os usu\u00e1rios que se aproximam de \u00e1reas importantes. Capacitando as pessoas a navegar com confian\u00e7a, a pavimenta\u00e7\u00e3o antiderrapante \u00e9 facilmente reconhec\u00edvel em ambientes movimentados, como esta\u00e7\u00f5es de trem. Na Austr\u00e1lia, onde o acesso ao transporte p\u00fablico \u00e9 essencial e vital, a implementa\u00e7\u00e3o de v\u00e1rios indicadores t\u00e1teis na superf\u00edcie do solo faz uma enorme diferen\u00e7a nas viagens. Seja proativo e coloque nossos produtos em sua infraestrutura ferrovi\u00e1ria para proporcionar o mais alto n\u00edvel de seguran\u00e7a e acesso para todos. Entre em contato conosco agora e contribua para um ambiente seguro para as necessidades comunit\u00e1rias!<\/p>","protected":false},"featured_media":7188,"comment_status":"open","ping_status":"closed","template":"","meta":{"_acf_changed":false},"product-sp-name":[139],"product_brand":[],"product_cat":[70],"product_tag":[],"class_list":{"0":"post-7187","1":"product","2":"type-product","3":"status-publish","4":"has-post-thumbnail","6":"product-sp-name-foshan-morera-blind-tactile-paving-tiles-d533b-1","7":"product_cat-tactile-paving-300x300mm","9":"first","10":"instock","11":"shipping-taxable","12":"product-type-simple"},"acf":[],"_links":{"self":[{"href":"https:\/\/design-ceramics.com\/pt\/wp-json\/wp\/v2\/product\/7187","targetHints":{"allow":["GET"]}}],"collection":[{"href":"https:\/\/design-ceramics.com\/pt\/wp-json\/wp\/v2\/product"}],"about":[{"href":"https:\/\/design-ceramics.com\/pt\/wp-json\/wp\/v2\/types\/product"}],"replies":[{"embeddable":true,"href":"https:\/\/design-ceramics.com\/pt\/wp-json\/wp\/v2\/comments?post=7187"}],"version-history":[{"count":5,"href":"https:\/\/design-ceramics.com\/pt\/wp-json\/wp\/v2\/product\/7187\/revisions"}],"predecessor-version":[{"id":11822,"href":"https:\/\/design-ceramics.com\/pt\/wp-json\/wp\/v2\/product\/7187\/revisions\/11822"}],"wp:featuredmedia":[{"embeddable":true,"href":"https:\/\/design-ceramics.com\/pt\/wp-json\/wp\/v2\/media\/7188"}],"wp:attachment":[{"href":"https:\/\/design-ceramics.com\/pt\/wp-json\/wp\/v2\/media?parent=7187"}],"wp:term":[{"taxonomy":"product-sp-name","embeddable":true,"href":"https:\/\/design-ceramics.com\/pt\/wp-json\/wp\/v2\/product-sp-name?post=7187"},{"taxonomy":"product_brand","embeddable":true,"href":"https:\/\/design-ceramics.com\/pt\/wp-json\/wp\/v2\/product_brand?post=7187"},{"taxonomy":"product_cat","embeddable":true,"href":"https:\/\/design-ceramics.com\/pt\/wp-json\/wp\/v2\/product_cat?post=7187"},{"taxonomy":"product_tag","embeddable":true,"href":"https:\/\/design-ceramics.com\/pt\/wp-json\/wp\/v2\/product_tag?post=7187"}],"curies":[{"name":"wp","href":"https:\/\/api.w.org\/{rel}","templated":true}]}}