{"id":7183,"date":"2024-06-26T02:44:59","date_gmt":"2024-06-26T02:44:59","guid":{"rendered":"https:\/\/design-ceramics.com\/?post_type=product&#038;p=7183"},"modified":"2025-02-13T06:41:57","modified_gmt":"2025-02-13T06:41:57","slug":"morera-anti-slip-tactile-corduroy-tile","status":"publish","type":"product","link":"https:\/\/design-ceramics.com\/pt\/morera-anti-slip-tactile-corduroy-tile\/","title":{"rendered":"Telha de veludo cotel\u00ea t\u00e1til antiderrapante Morera (D506G-8)"},"content":{"rendered":"<table style=\"height: 162px;\" width=\"860\">\n<tbody>\n<tr>\n<td width=\"113\">TAMANHO (MM\uff09<\/td>\n<td width=\"95\">PCS\/CART\u00c3O<\/td>\n<td width=\"116\">SQM\/CARTONA<\/td>\n<td width=\"93\">KG\/CARTONA<\/td>\n<td width=\"120\">CART\u00c3O\/PALET\u00c3O<\/td>\n<td width=\"105\">PALLET\/20'GP<\/td>\n<td width=\"88\">N.W\/20'GP<\/td>\n<td width=\"85\">SQM\/20'GP<\/td>\n<\/tr>\n<tr>\n<td>200*200*12<\/td>\n<td>20<\/td>\n<td>0.8<\/td>\n<td>21<\/td>\n<td>52<\/td>\n<td>20<\/td>\n<td>21840<\/td>\n<td>832<\/td>\n<\/tr>\n<tr>\n<td><\/td>\n<td><\/td>\n<td><\/td>\n<td><\/td>\n<td><\/td>\n<td><\/td>\n<td><\/td>\n<td><\/td>\n<\/tr>\n<tr>\n<td>TAMANHO (MM\uff09<\/td>\n<td>PCS\/CART\u00c3O<\/td>\n<td>SQM\/CARTONA<\/td>\n<td>KG\/CARTONA<\/td>\n<td>CART\u00c3O\/PALET\u00c3O<\/td>\n<td>PALLET\/20'GP<\/td>\n<td>N.W\/20'GP<\/td>\n<td>SQM\/20'GP<\/td>\n<\/tr>\n<tr>\n<td>300*300*15<\/td>\n<td>11<\/td>\n<td>0.99<\/td>\n<td>26.5<\/td>\n<td>48<\/td>\n<td>20<\/td>\n<td>25440<\/td>\n<td>950.4<\/td>\n<\/tr>\n<\/tbody>\n<\/table>","protected":false},"excerpt":{"rendered":"<p>Abrace a ess\u00eancia do outono com o nosso Anti Slip Tactile Corduroy Tile (D506G-8). O design exclusivo traz a beleza da natureza para o seu espa\u00e7o, criando uma atmosfera aconchegante que ecoa a esta\u00e7\u00e3o do outono. Fabricados com recursos antiderrapantes para seguran\u00e7a e capacidade de absor\u00e7\u00e3o de \u00e1gua, esses ladrilhos oferecem funcionalidade e estilo.<\/p>\n<p>Medindo 300x300 mm, esses ladrilhos s\u00e3o perfeitos para dar um toque de aconchego e eleg\u00e2ncia aos seus pisos. O design elegante complementa qualquer decora\u00e7\u00e3o, tornando-os uma op\u00e7\u00e3o vers\u00e1til para qualquer c\u00f4modo.<\/p>\n<p>Eleve o n\u00edvel de sua casa com nossos porcelanatos antiderrapantes neste outono. Melhore seu espa\u00e7o com um toque de design, durabilidade e sofistica\u00e7\u00e3o. Transforme seus ambientes e sinta o charme da esta\u00e7\u00e3o.<\/p>","protected":false},"featured_media":7184,"comment_status":"open","ping_status":"closed","template":"","meta":{"_acf_changed":false},"product-sp-name":[96],"product_brand":[],"product_cat":[70],"product_tag":[],"class_list":{"0":"post-7183","1":"product","2":"type-product","3":"status-publish","4":"has-post-thumbnail","6":"product-sp-name-non-slip-outdoor-floor-tiles-30x30-indicator-d506g-8","7":"product_cat-tactile-paving-300x300mm","9":"first","10":"instock","11":"featured","12":"shipping-taxable","13":"product-type-simple"},"acf":[],"_links":{"self":[{"href":"https:\/\/design-ceramics.com\/pt\/wp-json\/wp\/v2\/product\/7183","targetHints":{"allow":["GET"]}}],"collection":[{"href":"https:\/\/design-ceramics.com\/pt\/wp-json\/wp\/v2\/product"}],"about":[{"href":"https:\/\/design-ceramics.com\/pt\/wp-json\/wp\/v2\/types\/product"}],"replies":[{"embeddable":true,"href":"https:\/\/design-ceramics.com\/pt\/wp-json\/wp\/v2\/comments?post=7183"}],"version-history":[{"count":5,"href":"https:\/\/design-ceramics.com\/pt\/wp-json\/wp\/v2\/product\/7183\/revisions"}],"predecessor-version":[{"id":11728,"href":"https:\/\/design-ceramics.com\/pt\/wp-json\/wp\/v2\/product\/7183\/revisions\/11728"}],"wp:featuredmedia":[{"embeddable":true,"href":"https:\/\/design-ceramics.com\/pt\/wp-json\/wp\/v2\/media\/7184"}],"wp:attachment":[{"href":"https:\/\/design-ceramics.com\/pt\/wp-json\/wp\/v2\/media?parent=7183"}],"wp:term":[{"taxonomy":"product-sp-name","embeddable":true,"href":"https:\/\/design-ceramics.com\/pt\/wp-json\/wp\/v2\/product-sp-name?post=7183"},{"taxonomy":"product_brand","embeddable":true,"href":"https:\/\/design-ceramics.com\/pt\/wp-json\/wp\/v2\/product_brand?post=7183"},{"taxonomy":"product_cat","embeddable":true,"href":"https:\/\/design-ceramics.com\/pt\/wp-json\/wp\/v2\/product_cat?post=7183"},{"taxonomy":"product_tag","embeddable":true,"href":"https:\/\/design-ceramics.com\/pt\/wp-json\/wp\/v2\/product_tag?post=7183"}],"curies":[{"name":"wp","href":"https:\/\/api.w.org\/{rel}","templated":true}]}}