{"id":7181,"date":"2024-06-26T02:42:43","date_gmt":"2024-06-26T02:42:43","guid":{"rendered":"https:\/\/design-ceramics.com\/?post_type=product&#038;p=7181"},"modified":"2025-02-13T06:49:02","modified_gmt":"2025-02-13T06:49:02","slug":"foshan-morera-tactile-paving-tile-bus-stop-d506g-2h","status":"publish","type":"product","link":"https:\/\/design-ceramics.com\/pt\/foshan-morera-tactile-paving-tile-bus-stop-d506g-2h\/","title":{"rendered":"Ladrilhos de ponto de \u00f4nibus de pavimenta\u00e7\u00e3o t\u00e1til Morera (D506G-2H)"},"content":{"rendered":"<p>Para otimizar a integra\u00e7\u00e3o da rede, os pontos de \u00f4nibus de transporte p\u00fablico est\u00e3o dispon\u00edveis em v\u00e1rias partes da propriedade. Eles projetaram especificamente um grupo de caracter\u00edsticas para grupos-alvo, que incluem pessoas cegas e deficientes visuais, de modo a facilitar sua movimenta\u00e7\u00e3o em ambientes urbanos. Aproveite para melhorar a mobilidade e a inclus\u00e3o em sua localidade. Opte pelo D506G-2H e d\u00ea o exemplo para um futuro mais acess\u00edvel.<\/p>","protected":false},"excerpt":{"rendered":"<p>Apresentando o D506G-2H Tactile Paving Bus Stop Tiles, os azulejos de parada de \u00f4nibus navegar\u00e3o pelos espa\u00e7os usando pavimenta\u00e7\u00e3o t\u00e1til e escrita t\u00e1til; recursos que, se utilizados em todos os espa\u00e7os p\u00fablicos, garantiriam destreza manual aos usu\u00e1rios cegos. Cada ladrilho foi especialmente projetado para ajudar os usu\u00e1rios a navegar pela cidade, criando obst\u00e1culos que se transformam em caminhos para todos.<\/p>\n<p>Aux\u00edlios \u00e0 navega\u00e7\u00e3o, como sinais de tr\u00e2nsito, est\u00e3o inclu\u00eddos no D506G-2H, e cruzamentos importantes foram colocados para facilitar a vida de todos os pedestres. Isso resulta em uma experi\u00eancia de tr\u00e2nsito geral significativamente melhor, informando os usu\u00e1rios por meio de sinais visuais e t\u00e1teis quando eles podem atravessar ruas (conforme exigido nas paradas de bonde) ou cruzamentos.<\/p>\n<p>&nbsp;<\/p>","protected":false},"featured_media":7182,"comment_status":"open","ping_status":"closed","template":"","meta":{"_acf_changed":false},"product-sp-name":[141],"product_brand":[],"product_cat":[70],"product_tag":[],"class_list":{"0":"post-7181","1":"product","2":"type-product","3":"status-publish","4":"has-post-thumbnail","6":"product-sp-name-foshan-morera-tactile-paving-bus-stop-tiles-d506g-2h","7":"product_cat-tactile-paving-300x300mm","9":"first","10":"instock","11":"shipping-taxable","12":"product-type-simple"},"acf":[],"_links":{"self":[{"href":"https:\/\/design-ceramics.com\/pt\/wp-json\/wp\/v2\/product\/7181","targetHints":{"allow":["GET"]}}],"collection":[{"href":"https:\/\/design-ceramics.com\/pt\/wp-json\/wp\/v2\/product"}],"about":[{"href":"https:\/\/design-ceramics.com\/pt\/wp-json\/wp\/v2\/types\/product"}],"replies":[{"embeddable":true,"href":"https:\/\/design-ceramics.com\/pt\/wp-json\/wp\/v2\/comments?post=7181"}],"version-history":[{"count":5,"href":"https:\/\/design-ceramics.com\/pt\/wp-json\/wp\/v2\/product\/7181\/revisions"}],"predecessor-version":[{"id":11824,"href":"https:\/\/design-ceramics.com\/pt\/wp-json\/wp\/v2\/product\/7181\/revisions\/11824"}],"wp:featuredmedia":[{"embeddable":true,"href":"https:\/\/design-ceramics.com\/pt\/wp-json\/wp\/v2\/media\/7182"}],"wp:attachment":[{"href":"https:\/\/design-ceramics.com\/pt\/wp-json\/wp\/v2\/media?parent=7181"}],"wp:term":[{"taxonomy":"product-sp-name","embeddable":true,"href":"https:\/\/design-ceramics.com\/pt\/wp-json\/wp\/v2\/product-sp-name?post=7181"},{"taxonomy":"product_brand","embeddable":true,"href":"https:\/\/design-ceramics.com\/pt\/wp-json\/wp\/v2\/product_brand?post=7181"},{"taxonomy":"product_cat","embeddable":true,"href":"https:\/\/design-ceramics.com\/pt\/wp-json\/wp\/v2\/product_cat?post=7181"},{"taxonomy":"product_tag","embeddable":true,"href":"https:\/\/design-ceramics.com\/pt\/wp-json\/wp\/v2\/product_tag?post=7181"}],"curies":[{"name":"wp","href":"https:\/\/api.w.org\/{rel}","templated":true}]}}