{"id":7171,"date":"2024-06-26T02:34:46","date_gmt":"2024-06-26T02:34:46","guid":{"rendered":"https:\/\/design-ceramics.com\/?post_type=product&#038;p=7171"},"modified":"2024-10-09T11:38:18","modified_gmt":"2024-10-09T11:38:18","slug":"tactile-paving-tiles-wholesale-supplier-d503b-1","status":"publish","type":"product","link":"https:\/\/design-ceramics.com\/pt\/tactile-paving-tiles-wholesale-supplier-d503b-1\/","title":{"rendered":"Ladrilhos de pavimenta\u00e7\u00e3o t\u00e1til Fornecedor por atacado D503B-1"},"content":{"rendered":"","protected":false},"excerpt":{"rendered":"<p>Essas solu\u00e7\u00f5es de pavimenta\u00e7\u00e3o t\u00e1til s\u00e3o projetadas de forma espec\u00edfica, com texturas de solo distintas, para que as pessoas possam reconhec\u00ea-las sob os p\u00e9s e, assim, perceber os riscos potenciais, atuando como superf\u00edcies de alerta. Perfeito para passarelas p\u00fablicas, terminais de transporte e faixas de pedestres, o design orienta o tr\u00e1fego de pedestres para onde ele precisa estar, alertando os usu\u00e1rios com defici\u00eancia visual.<\/p>\n<p>Esse tipo de pavimenta\u00e7\u00e3o t\u00e1til melhora significativamente n\u00e3o apenas a \u00e1rea da superf\u00edcie, mas tamb\u00e9m sugere um layout de solo mais simples de navegar para todos. A incorpora\u00e7\u00e3o de elementos de pavimenta\u00e7\u00e3o t\u00e1til em todo o seu espa\u00e7o pode aumentar a seguran\u00e7a e a inclus\u00e3o em geral.<\/p>","protected":false},"featured_media":7172,"comment_status":"open","ping_status":"closed","template":"","meta":{"_acf_changed":false},"product-sp-name":[146],"product_brand":[],"product_cat":[70],"product_tag":[],"class_list":{"0":"post-7171","1":"product","2":"type-product","3":"status-publish","4":"has-post-thumbnail","6":"product-sp-name-tactile-paving-tiles-wholesale-supplier-d503b-1","7":"product_cat-tactile-paving-300x300mm","9":"first","10":"instock","11":"shipping-taxable","12":"product-type-simple"},"acf":[],"_links":{"self":[{"href":"https:\/\/design-ceramics.com\/pt\/wp-json\/wp\/v2\/product\/7171","targetHints":{"allow":["GET"]}}],"collection":[{"href":"https:\/\/design-ceramics.com\/pt\/wp-json\/wp\/v2\/product"}],"about":[{"href":"https:\/\/design-ceramics.com\/pt\/wp-json\/wp\/v2\/types\/product"}],"replies":[{"embeddable":true,"href":"https:\/\/design-ceramics.com\/pt\/wp-json\/wp\/v2\/comments?post=7171"}],"version-history":[{"count":2,"href":"https:\/\/design-ceramics.com\/pt\/wp-json\/wp\/v2\/product\/7171\/revisions"}],"predecessor-version":[{"id":8505,"href":"https:\/\/design-ceramics.com\/pt\/wp-json\/wp\/v2\/product\/7171\/revisions\/8505"}],"wp:featuredmedia":[{"embeddable":true,"href":"https:\/\/design-ceramics.com\/pt\/wp-json\/wp\/v2\/media\/7172"}],"wp:attachment":[{"href":"https:\/\/design-ceramics.com\/pt\/wp-json\/wp\/v2\/media?parent=7171"}],"wp:term":[{"taxonomy":"product-sp-name","embeddable":true,"href":"https:\/\/design-ceramics.com\/pt\/wp-json\/wp\/v2\/product-sp-name?post=7171"},{"taxonomy":"product_brand","embeddable":true,"href":"https:\/\/design-ceramics.com\/pt\/wp-json\/wp\/v2\/product_brand?post=7171"},{"taxonomy":"product_cat","embeddable":true,"href":"https:\/\/design-ceramics.com\/pt\/wp-json\/wp\/v2\/product_cat?post=7171"},{"taxonomy":"product_tag","embeddable":true,"href":"https:\/\/design-ceramics.com\/pt\/wp-json\/wp\/v2\/product_tag?post=7171"}],"curies":[{"name":"wp","href":"https:\/\/api.w.org\/{rel}","templated":true}]}}