{"id":7161,"date":"2024-06-26T02:30:07","date_gmt":"2024-06-26T02:30:07","guid":{"rendered":"https:\/\/design-ceramics.com\/?post_type=product&#038;p=7161"},"modified":"2024-10-09T11:38:18","modified_gmt":"2024-10-09T11:38:18","slug":"high-quality-porcelain-tactile-pavers-nz","status":"publish","type":"product","link":"https:\/\/design-ceramics.com\/pt\/high-quality-porcelain-tactile-pavers-nz\/","title":{"rendered":"Pavers t\u00e1teis de porcelana de alta qualidade NZ Series 300x300mm e 400x400mm Atacado (D502D-1)"},"content":{"rendered":"<table style=\"height: 162px;\" width=\"860\">\n<tbody>\n<tr>\n<td width=\"113\">TAMANHO (MM\uff09<\/td>\n<td width=\"95\">PCS\/CART\u00c3O<\/td>\n<td width=\"116\">SQM\/CARTONA<\/td>\n<td width=\"93\">KG\/CARTONA<\/td>\n<td width=\"120\">CART\u00c3O\/PALET\u00c3O<\/td>\n<td width=\"105\">PALLET\/20'GP<\/td>\n<td width=\"88\">N.W\/20'GP<\/td>\n<td width=\"85\">SQM\/20'GP<\/td>\n<\/tr>\n<tr>\n<td>200*200*12<\/td>\n<td>20<\/td>\n<td>0.8<\/td>\n<td>21<\/td>\n<td>52<\/td>\n<td>20<\/td>\n<td>21840<\/td>\n<td>832<\/td>\n<\/tr>\n<tr>\n<td><\/td>\n<td><\/td>\n<td><\/td>\n<td><\/td>\n<td><\/td>\n<td><\/td>\n<td><\/td>\n<td><\/td>\n<\/tr>\n<tr>\n<td>TAMANHO (MM\uff09<\/td>\n<td>PCS\/CART\u00c3O<\/td>\n<td>SQM\/CARTONA<\/td>\n<td>KG\/CARTONA<\/td>\n<td>CART\u00c3O\/PALET\u00c3O<\/td>\n<td>PALLET\/20'GP<\/td>\n<td>N.W\/20'GP<\/td>\n<td>SQM\/20'GP<\/td>\n<\/tr>\n<tr>\n<td>300*300*15<\/td>\n<td>11<\/td>\n<td>0.99<\/td>\n<td>26.5<\/td>\n<td>48<\/td>\n<td>20<\/td>\n<td>25440<\/td>\n<td>950.4<\/td>\n<\/tr>\n<\/tbody>\n<\/table>","protected":false},"excerpt":{"rendered":"<p>Aprimore seus espa\u00e7os ao ar livre com as nossas Tactile Pavers NZ Series D502D-1, uma pavimenta\u00e7\u00e3o t\u00e1til de porcelana premium que oferece uma combina\u00e7\u00e3o de estilo e praticidade. Fabricadas com perfei\u00e7\u00e3o, essas pavimentadoras t\u00eam 300x300 mm de tamanho, o que as torna ideais para v\u00e1rias \u00e1reas de pedestres.<\/p>\n<p>Com tecnologia antiderrapante avan\u00e7ada e propriedades resistentes a raios UV, esses Tactile Pavers garantem seguran\u00e7a e durabilidade. Sua excepcional resist\u00eancia ao deslizamento e estabilidade de cor garantem uma qualidade duradoura, enquanto o tamanho uniforme proporciona um acabamento elegante e profissional.<\/p>\n<p>Experimente a combina\u00e7\u00e3o perfeita de est\u00e9tica e funcionalidade com o D502D-1. Invista em qualidade, seguran\u00e7a e estilo para seus projetos ao ar livre hoje mesmo!<\/p>","protected":false},"featured_media":7162,"comment_status":"open","ping_status":"closed","template":"","meta":{"_acf_changed":false},"product-sp-name":[94],"product_brand":[],"product_cat":[70],"product_tag":[],"class_list":{"0":"post-7161","1":"product","2":"type-product","3":"status-publish","4":"has-post-thumbnail","6":"product-sp-name-high-quality-porcelain-tactile-pavers-nz-series-300x300mm-400x400mm-wholesale-d502d-1","7":"product_cat-tactile-paving-300x300mm","9":"first","10":"instock","11":"featured","12":"shipping-taxable","13":"product-type-simple"},"acf":[],"_links":{"self":[{"href":"https:\/\/design-ceramics.com\/pt\/wp-json\/wp\/v2\/product\/7161","targetHints":{"allow":["GET"]}}],"collection":[{"href":"https:\/\/design-ceramics.com\/pt\/wp-json\/wp\/v2\/product"}],"about":[{"href":"https:\/\/design-ceramics.com\/pt\/wp-json\/wp\/v2\/types\/product"}],"replies":[{"embeddable":true,"href":"https:\/\/design-ceramics.com\/pt\/wp-json\/wp\/v2\/comments?post=7161"}],"version-history":[{"count":5,"href":"https:\/\/design-ceramics.com\/pt\/wp-json\/wp\/v2\/product\/7161\/revisions"}],"predecessor-version":[{"id":8345,"href":"https:\/\/design-ceramics.com\/pt\/wp-json\/wp\/v2\/product\/7161\/revisions\/8345"}],"wp:featuredmedia":[{"embeddable":true,"href":"https:\/\/design-ceramics.com\/pt\/wp-json\/wp\/v2\/media\/7162"}],"wp:attachment":[{"href":"https:\/\/design-ceramics.com\/pt\/wp-json\/wp\/v2\/media?parent=7161"}],"wp:term":[{"taxonomy":"product-sp-name","embeddable":true,"href":"https:\/\/design-ceramics.com\/pt\/wp-json\/wp\/v2\/product-sp-name?post=7161"},{"taxonomy":"product_brand","embeddable":true,"href":"https:\/\/design-ceramics.com\/pt\/wp-json\/wp\/v2\/product_brand?post=7161"},{"taxonomy":"product_cat","embeddable":true,"href":"https:\/\/design-ceramics.com\/pt\/wp-json\/wp\/v2\/product_cat?post=7161"},{"taxonomy":"product_tag","embeddable":true,"href":"https:\/\/design-ceramics.com\/pt\/wp-json\/wp\/v2\/product_tag?post=7161"}],"curies":[{"name":"wp","href":"https:\/\/api.w.org\/{rel}","templated":true}]}}