{"id":7159,"date":"2024-06-26T02:29:29","date_gmt":"2024-06-26T02:29:29","guid":{"rendered":"https:\/\/design-ceramics.com\/?post_type=product&#038;p=7159"},"modified":"2025-01-05T14:55:57","modified_gmt":"2025-01-05T14:55:57","slug":"morera-ceramic-detectable-tactile-warning-tiles-d232d-1","status":"publish","type":"product","link":"https:\/\/design-ceramics.com\/pt\/morera-ceramic-detectable-tactile-warning-tiles-d232d-1\/","title":{"rendered":"Ladrilhos de advert\u00eancia t\u00e1til detect\u00e1veis de cer\u00e2mica Morera (D232D-1)"},"content":{"rendered":"<table style=\"height: 160px;\" width=\"855\">\n<tbody>\n<tr>\n<td width=\"113\">TAMANHO (MM\uff09<\/td>\n<td width=\"95\">PCS\/CART\u00c3O<\/td>\n<td width=\"116\">SQM\/CARTONA<\/td>\n<td width=\"93\">KG\/CARTONA<\/td>\n<td width=\"120\">CART\u00c3O\/PALET\u00c3O<\/td>\n<td width=\"105\">PALLET\/20'GP<\/td>\n<td width=\"88\">N.W\/20'GP<\/td>\n<td width=\"85\">SQM\/20'GP<\/td>\n<\/tr>\n<tr>\n<td>200*200*12<\/td>\n<td>20<\/td>\n<td>0.8<\/td>\n<td>21<\/td>\n<td>52<\/td>\n<td>20<\/td>\n<td>21840<\/td>\n<td>832<\/td>\n<\/tr>\n<tr>\n<td><\/td>\n<td><\/td>\n<td><\/td>\n<td><\/td>\n<td><\/td>\n<td><\/td>\n<td><\/td>\n<td><\/td>\n<\/tr>\n<tr>\n<td>TAMANHO (MM\uff09<\/td>\n<td>PCS\/CART\u00c3O<\/td>\n<td>SQM\/CARTONA<\/td>\n<td>KG\/CARTONA<\/td>\n<td>CART\u00c3O\/PALET\u00c3O<\/td>\n<td>PALLET\/20'GP<\/td>\n<td>N.W\/20'GP<\/td>\n<td>SQM\/20'GP<\/td>\n<\/tr>\n<tr>\n<td>300*300*15<\/td>\n<td>11<\/td>\n<td>0.99<\/td>\n<td>26.5<\/td>\n<td>48<\/td>\n<td>20<\/td>\n<td>25440<\/td>\n<td>950.4<\/td>\n<\/tr>\n<\/tbody>\n<\/table>","protected":false},"excerpt":{"rendered":"<p>Exija acessibilidade e seguran\u00e7a com nossos ladrilhos de aviso t\u00e1til D232D-1 de alta qualidade. Perfeito para uso interno e externo, esse ladrilho de guia de piso foi projetado para fornecer orienta\u00e7\u00e3o visual e t\u00e1til a pessoas com defici\u00eancia visual.<\/p>\n<p>O watile dur\u00e1vel e resistente ao desgaste mede 300x300 mm, o que o torna ideal para v\u00e1rias aplica\u00e7\u00f5es, inclusive cal\u00e7adas, plataformas de trem e espa\u00e7os p\u00fablicos. Sua constru\u00e7\u00e3o resistente a intemp\u00e9ries garante longevidade e confiabilidade, proporcionando tranquilidade aos propriet\u00e1rios de im\u00f3veis e aos pedestres.<\/p>\n<p>Invista em nosso Tactile Guide Tile para melhorar a efici\u00eancia da navega\u00e7\u00e3o e criar ambientes inclusivos. Experimente os benef\u00edcios da qualidade e da funcionalidade superiores hoje mesmo!<\/p>","protected":false},"featured_media":7160,"comment_status":"open","ping_status":"closed","template":"","meta":{"_acf_changed":false},"product-sp-name":[92],"product_brand":[],"product_cat":[70],"product_tag":[],"class_list":{"0":"post-7159","1":"product","2":"type-product","3":"status-publish","4":"has-post-thumbnail","6":"product-sp-name-morera-ceramic-tactile-warning-tiles-d232d-1","7":"product_cat-tactile-paving-300x300mm","9":"first","10":"instock","11":"featured","12":"shipping-taxable","13":"product-type-simple"},"acf":[],"_links":{"self":[{"href":"https:\/\/design-ceramics.com\/pt\/wp-json\/wp\/v2\/product\/7159","targetHints":{"allow":["GET"]}}],"collection":[{"href":"https:\/\/design-ceramics.com\/pt\/wp-json\/wp\/v2\/product"}],"about":[{"href":"https:\/\/design-ceramics.com\/pt\/wp-json\/wp\/v2\/types\/product"}],"replies":[{"embeddable":true,"href":"https:\/\/design-ceramics.com\/pt\/wp-json\/wp\/v2\/comments?post=7159"}],"version-history":[{"count":5,"href":"https:\/\/design-ceramics.com\/pt\/wp-json\/wp\/v2\/product\/7159\/revisions"}],"predecessor-version":[{"id":11672,"href":"https:\/\/design-ceramics.com\/pt\/wp-json\/wp\/v2\/product\/7159\/revisions\/11672"}],"wp:featuredmedia":[{"embeddable":true,"href":"https:\/\/design-ceramics.com\/pt\/wp-json\/wp\/v2\/media\/7160"}],"wp:attachment":[{"href":"https:\/\/design-ceramics.com\/pt\/wp-json\/wp\/v2\/media?parent=7159"}],"wp:term":[{"taxonomy":"product-sp-name","embeddable":true,"href":"https:\/\/design-ceramics.com\/pt\/wp-json\/wp\/v2\/product-sp-name?post=7159"},{"taxonomy":"product_brand","embeddable":true,"href":"https:\/\/design-ceramics.com\/pt\/wp-json\/wp\/v2\/product_brand?post=7159"},{"taxonomy":"product_cat","embeddable":true,"href":"https:\/\/design-ceramics.com\/pt\/wp-json\/wp\/v2\/product_cat?post=7159"},{"taxonomy":"product_tag","embeddable":true,"href":"https:\/\/design-ceramics.com\/pt\/wp-json\/wp\/v2\/product_tag?post=7159"}],"curies":[{"name":"wp","href":"https:\/\/api.w.org\/{rel}","templated":true}]}}