{"id":7155,"date":"2024-06-26T02:28:28","date_gmt":"2024-06-26T02:28:28","guid":{"rendered":"https:\/\/design-ceramics.com\/?post_type=product&#038;p=7155"},"modified":"2024-10-09T11:38:18","modified_gmt":"2024-10-09T11:38:18","slug":"factory-direct-wholesale-tactile-pavers","status":"publish","type":"product","link":"https:\/\/design-ceramics.com\/pt\/factory-direct-wholesale-tactile-pavers\/","title":{"rendered":"Pavers t\u00e1teis de 300x300mm e 400x400mm (D202D-2) no atacado e direto da f\u00e1brica"},"content":{"rendered":"<table style=\"height: 158px;\" width=\"854\">\n<tbody>\n<tr>\n<td width=\"113\">TAMANHO (MM\uff09<\/td>\n<td width=\"95\">PCS\/CART\u00c3O<\/td>\n<td width=\"116\">SQM\/CARTONA<\/td>\n<td width=\"93\">KG\/CARTONA<\/td>\n<td width=\"120\">CART\u00c3O\/PALET\u00c3O<\/td>\n<td width=\"105\">PALLET\/20'GP<\/td>\n<td width=\"88\">N.W\/20'GP<\/td>\n<td width=\"85\">SQM\/20'GP<\/td>\n<\/tr>\n<tr>\n<td>200*200*12<\/td>\n<td>20<\/td>\n<td>0.8<\/td>\n<td>21<\/td>\n<td>52<\/td>\n<td>20<\/td>\n<td>21840<\/td>\n<td>832<\/td>\n<\/tr>\n<tr>\n<td><\/td>\n<td><\/td>\n<td><\/td>\n<td><\/td>\n<td><\/td>\n<td><\/td>\n<td><\/td>\n<td><\/td>\n<\/tr>\n<tr>\n<td>TAMANHO (MM\uff09<\/td>\n<td>PCS\/CART\u00c3O<\/td>\n<td>SQM\/CARTONA<\/td>\n<td>KG\/CARTONA<\/td>\n<td>CART\u00c3O\/PALET\u00c3O<\/td>\n<td>PALLET\/20'GP<\/td>\n<td>N.W\/20'GP<\/td>\n<td>SQM\/20'GP<\/td>\n<\/tr>\n<tr>\n<td>300*300*15<\/td>\n<td>11<\/td>\n<td>0.99<\/td>\n<td>26.5<\/td>\n<td>48<\/td>\n<td>20<\/td>\n<td>25440<\/td>\n<td>950.4<\/td>\n<\/tr>\n<\/tbody>\n<\/table>","protected":false},"excerpt":{"rendered":"<p>Aprimore seus espa\u00e7os externos com nossos inovadores Pavers D202D-2, projetados para criar um ambiente moderno e funcional. Ideal para aplica\u00e7\u00f5es comerciais devido \u00e0 sua qualidade superior e ao tamanho de 300x300 mm, esses Pavers oferecem um toque sofisticado a qualquer projeto. O design t\u00e1til direcional n\u00e3o apenas acrescenta um elemento de estilo sutil, mas tamb\u00e9m fornece orienta\u00e7\u00e3o essencial para pessoas com defici\u00eancia visual. Os TacTiles garantem uma instala\u00e7\u00e3o f\u00e1cil e durabilidade garantida, o que os torna a escolha perfeita para projetos grandes e pequenos. Invista em nossos Tactile Pavers hoje mesmo e transforme seus espa\u00e7os em \u00e1reas acess\u00edveis, seguras e visualmente atraentes.<\/p>","protected":false},"featured_media":7156,"comment_status":"open","ping_status":"closed","template":"","meta":{"_acf_changed":false},"product-sp-name":[93],"product_brand":[],"product_cat":[70],"product_tag":[],"class_list":{"0":"post-7155","1":"product","2":"type-product","3":"status-publish","4":"has-post-thumbnail","6":"product-sp-name-factory-direct-wholesale-tactile-pavers-in-300x300mm-400x400mm-d202d-2","7":"product_cat-tactile-paving-300x300mm","9":"first","10":"instock","11":"featured","12":"shipping-taxable","13":"product-type-simple"},"acf":[],"_links":{"self":[{"href":"https:\/\/design-ceramics.com\/pt\/wp-json\/wp\/v2\/product\/7155","targetHints":{"allow":["GET"]}}],"collection":[{"href":"https:\/\/design-ceramics.com\/pt\/wp-json\/wp\/v2\/product"}],"about":[{"href":"https:\/\/design-ceramics.com\/pt\/wp-json\/wp\/v2\/types\/product"}],"replies":[{"embeddable":true,"href":"https:\/\/design-ceramics.com\/pt\/wp-json\/wp\/v2\/comments?post=7155"}],"version-history":[{"count":1,"href":"https:\/\/design-ceramics.com\/pt\/wp-json\/wp\/v2\/product\/7155\/revisions"}],"predecessor-version":[{"id":8279,"href":"https:\/\/design-ceramics.com\/pt\/wp-json\/wp\/v2\/product\/7155\/revisions\/8279"}],"wp:featuredmedia":[{"embeddable":true,"href":"https:\/\/design-ceramics.com\/pt\/wp-json\/wp\/v2\/media\/7156"}],"wp:attachment":[{"href":"https:\/\/design-ceramics.com\/pt\/wp-json\/wp\/v2\/media?parent=7155"}],"wp:term":[{"taxonomy":"product-sp-name","embeddable":true,"href":"https:\/\/design-ceramics.com\/pt\/wp-json\/wp\/v2\/product-sp-name?post=7155"},{"taxonomy":"product_brand","embeddable":true,"href":"https:\/\/design-ceramics.com\/pt\/wp-json\/wp\/v2\/product_brand?post=7155"},{"taxonomy":"product_cat","embeddable":true,"href":"https:\/\/design-ceramics.com\/pt\/wp-json\/wp\/v2\/product_cat?post=7155"},{"taxonomy":"product_tag","embeddable":true,"href":"https:\/\/design-ceramics.com\/pt\/wp-json\/wp\/v2\/product_tag?post=7155"}],"curies":[{"name":"wp","href":"https:\/\/api.w.org\/{rel}","templated":true}]}}