{"id":7153,"date":"2024-06-26T02:27:51","date_gmt":"2024-06-26T02:27:51","guid":{"rendered":"https:\/\/design-ceramics.com\/?post_type=product&#038;p=7153"},"modified":"2025-02-18T08:31:09","modified_gmt":"2025-02-18T08:31:09","slug":"foshan-ceramic-anti-slip-tactile-paving-d202d-1","status":"publish","type":"product","link":"https:\/\/design-ceramics.com\/pt\/foshan-ceramic-anti-slip-tactile-paving-d202d-1\/","title":{"rendered":"Pavimenta\u00e7\u00e3o t\u00e1til antiderrapante de cer\u00e2mica da Foshan (D202D-1)"},"content":{"rendered":"<table style=\"height: 161px;\" width=\"853\">\n<tbody>\n<tr>\n<td width=\"113\">TAMANHO (MM\uff09<\/td>\n<td width=\"95\">PCS\/CART\u00c3O<\/td>\n<td width=\"116\">SQM\/CARTONA<\/td>\n<td width=\"93\">KG\/CARTONA<\/td>\n<td width=\"120\">CART\u00c3O\/PALET\u00c3O<\/td>\n<td width=\"105\">PALLET\/20'GP<\/td>\n<td width=\"88\">N.W\/20'GP<\/td>\n<td width=\"85\">SQM\/20'GP<\/td>\n<\/tr>\n<tr>\n<td>200*200*12<\/td>\n<td>20<\/td>\n<td>0.8<\/td>\n<td>21<\/td>\n<td>52<\/td>\n<td>20<\/td>\n<td>21840<\/td>\n<td>832<\/td>\n<\/tr>\n<tr>\n<td><\/td>\n<td><\/td>\n<td><\/td>\n<td><\/td>\n<td><\/td>\n<td><\/td>\n<td><\/td>\n<td><\/td>\n<\/tr>\n<tr>\n<td>TAMANHO (MM\uff09<\/td>\n<td>PCS\/CART\u00c3O<\/td>\n<td>SQM\/CARTONA<\/td>\n<td>KG\/CARTONA<\/td>\n<td>CART\u00c3O\/PALET\u00c3O<\/td>\n<td>PALLET\/20'GP<\/td>\n<td>N.W\/20'GP<\/td>\n<td>SQM\/20'GP<\/td>\n<\/tr>\n<tr>\n<td>300*300*15<\/td>\n<td>11<\/td>\n<td>0.99<\/td>\n<td>26.5<\/td>\n<td>48<\/td>\n<td>20<\/td>\n<td>25440<\/td>\n<td>950.4<\/td>\n<\/tr>\n<\/tbody>\n<\/table>","protected":false},"excerpt":{"rendered":"<p>Fa\u00e7a com que a \u00e1rea de travessia de pedestres pare\u00e7a melhor com a pavimenta\u00e7\u00e3o t\u00e1til antiderrapante, ideal para a seguran\u00e7a e a finalidade. F\u00e1cil de instalar: o tamanho de 300x300 mm desse ladrilho de pavimenta\u00e7\u00e3o t\u00e1til \u00e9 apropriado para projetos pequenos e m\u00e9dios devido ao seu design leve que permite uma instala\u00e7\u00e3o simples. Caracter\u00edsticas do piso - Superf\u00edcies f\u00e1ceis de limpar, garantindo que suas \u00e1reas n\u00e3o apenas tenham uma apar\u00eancia fant\u00e1stica, mas tamb\u00e9m sejam higi\u00eanicas. Seus atributos fazem com que seja uma escolha inteligente para aplica\u00e7\u00f5es de acessibilidade e passarelas, onde se deseja melhorar os caminhos e passarelas. O padr\u00e3o de pavimenta\u00e7\u00e3o General-Tactile oferece excelente orienta\u00e7\u00e3o ao caminhar ou rolar na dire\u00e7\u00e3o correta e \u00e9 particularmente adequado para margens de estradas e ciclovias. O D202D-1 Anti Slip Tactile Paving oferece uma solu\u00e7\u00e3o vi\u00e1vel para pisos, al\u00e9m de proporcionar a combina\u00e7\u00e3o certa de durabilidade, seguran\u00e7a e estilo.<\/p>\n<p>&nbsp;<\/p>","protected":false},"featured_media":7154,"comment_status":"open","ping_status":"closed","template":"","meta":{"_acf_changed":false},"product-sp-name":[91],"product_brand":[],"product_cat":[70],"product_tag":[],"class_list":{"0":"post-7153","1":"product","2":"type-product","3":"status-publish","4":"has-post-thumbnail","6":"product-sp-name-foshan-ceramic-blind-brick-safe-non-slip-tiles-d202d-1","7":"product_cat-tactile-paving-300x300mm","9":"first","10":"instock","11":"featured","12":"shipping-taxable","13":"product-type-simple"},"acf":[],"_links":{"self":[{"href":"https:\/\/design-ceramics.com\/pt\/wp-json\/wp\/v2\/product\/7153","targetHints":{"allow":["GET"]}}],"collection":[{"href":"https:\/\/design-ceramics.com\/pt\/wp-json\/wp\/v2\/product"}],"about":[{"href":"https:\/\/design-ceramics.com\/pt\/wp-json\/wp\/v2\/types\/product"}],"replies":[{"embeddable":true,"href":"https:\/\/design-ceramics.com\/pt\/wp-json\/wp\/v2\/comments?post=7153"}],"version-history":[{"count":5,"href":"https:\/\/design-ceramics.com\/pt\/wp-json\/wp\/v2\/product\/7153\/revisions"}],"predecessor-version":[{"id":11895,"href":"https:\/\/design-ceramics.com\/pt\/wp-json\/wp\/v2\/product\/7153\/revisions\/11895"}],"wp:featuredmedia":[{"embeddable":true,"href":"https:\/\/design-ceramics.com\/pt\/wp-json\/wp\/v2\/media\/7154"}],"wp:attachment":[{"href":"https:\/\/design-ceramics.com\/pt\/wp-json\/wp\/v2\/media?parent=7153"}],"wp:term":[{"taxonomy":"product-sp-name","embeddable":true,"href":"https:\/\/design-ceramics.com\/pt\/wp-json\/wp\/v2\/product-sp-name?post=7153"},{"taxonomy":"product_brand","embeddable":true,"href":"https:\/\/design-ceramics.com\/pt\/wp-json\/wp\/v2\/product_brand?post=7153"},{"taxonomy":"product_cat","embeddable":true,"href":"https:\/\/design-ceramics.com\/pt\/wp-json\/wp\/v2\/product_cat?post=7153"},{"taxonomy":"product_tag","embeddable":true,"href":"https:\/\/design-ceramics.com\/pt\/wp-json\/wp\/v2\/product_tag?post=7153"}],"curies":[{"name":"wp","href":"https:\/\/api.w.org\/{rel}","templated":true}]}}