{"id":7151,"date":"2024-06-26T02:15:31","date_gmt":"2024-06-26T02:15:31","guid":{"rendered":"https:\/\/design-ceramics.com\/?post_type=product&#038;p=7151"},"modified":"2024-10-09T11:38:18","modified_gmt":"2024-10-09T11:38:18","slug":"foshan-high-quality-non-slip-tile-for-restaurant-ct30128","status":"publish","type":"product","link":"https:\/\/design-ceramics.com\/pt\/foshan-high-quality-non-slip-tile-for-restaurant-ct30128\/","title":{"rendered":"Telha antiderrapante de alta qualidade da Foshan para restaurante CT30128"},"content":{"rendered":"","protected":false},"excerpt":{"rendered":"<p>Ladrilho antiderrapante de alta qualidade da Foshan para restaurante: Nosso piso antiderrapante de seguran\u00e7a premium \u00e9 essencial para qualquer ambiente de cozinha movimentado, especialmente restaurantes comerciais e cozinhas comerciais. Esse piso foi projetado tendo a seguran\u00e7a como uma das principais preocupa\u00e7\u00f5es, de modo que voc\u00ea e seus clientes poder\u00e3o moviment\u00e1-lo com seguran\u00e7a, reduzindo as chances de algu\u00e9m escorregar ou trope\u00e7ar. Seu revestimento antiderrapante exclusivo proporciona melhor ader\u00eancia, o que o torna apropriado para locais e pisos com fluidos para manter a secura. Imagine o fluxo de um restaurante movimentado - cada passo \u00e9 firme e confiante, trabalhando para algo maior.<\/p>","protected":false},"featured_media":7152,"comment_status":"open","ping_status":"closed","template":"","meta":{"_acf_changed":false},"product-sp-name":[114],"product_brand":[],"product_cat":[69],"product_tag":[],"class_list":{"0":"post-7151","1":"product","2":"type-product","3":"status-publish","4":"has-post-thumbnail","6":"product-sp-name-foshan-high-quality-non-slip-tile-for-restaurant-ct30128","7":"product_cat-300x300mm","9":"first","10":"instock","11":"shipping-taxable","12":"product-type-simple"},"acf":[],"_links":{"self":[{"href":"https:\/\/design-ceramics.com\/pt\/wp-json\/wp\/v2\/product\/7151","targetHints":{"allow":["GET"]}}],"collection":[{"href":"https:\/\/design-ceramics.com\/pt\/wp-json\/wp\/v2\/product"}],"about":[{"href":"https:\/\/design-ceramics.com\/pt\/wp-json\/wp\/v2\/types\/product"}],"replies":[{"embeddable":true,"href":"https:\/\/design-ceramics.com\/pt\/wp-json\/wp\/v2\/comments?post=7151"}],"version-history":[{"count":4,"href":"https:\/\/design-ceramics.com\/pt\/wp-json\/wp\/v2\/product\/7151\/revisions"}],"predecessor-version":[{"id":8456,"href":"https:\/\/design-ceramics.com\/pt\/wp-json\/wp\/v2\/product\/7151\/revisions\/8456"}],"wp:featuredmedia":[{"embeddable":true,"href":"https:\/\/design-ceramics.com\/pt\/wp-json\/wp\/v2\/media\/7152"}],"wp:attachment":[{"href":"https:\/\/design-ceramics.com\/pt\/wp-json\/wp\/v2\/media?parent=7151"}],"wp:term":[{"taxonomy":"product-sp-name","embeddable":true,"href":"https:\/\/design-ceramics.com\/pt\/wp-json\/wp\/v2\/product-sp-name?post=7151"},{"taxonomy":"product_brand","embeddable":true,"href":"https:\/\/design-ceramics.com\/pt\/wp-json\/wp\/v2\/product_brand?post=7151"},{"taxonomy":"product_cat","embeddable":true,"href":"https:\/\/design-ceramics.com\/pt\/wp-json\/wp\/v2\/product_cat?post=7151"},{"taxonomy":"product_tag","embeddable":true,"href":"https:\/\/design-ceramics.com\/pt\/wp-json\/wp\/v2\/product_tag?post=7151"}],"curies":[{"name":"wp","href":"https:\/\/api.w.org\/{rel}","templated":true}]}}