{"id":7141,"date":"2024-06-26T02:08:55","date_gmt":"2024-06-26T02:08:55","guid":{"rendered":"https:\/\/design-ceramics.com\/?post_type=product&#038;p=7141"},"modified":"2024-10-09T11:38:18","modified_gmt":"2024-10-09T11:38:18","slug":"foshan-popular-outdoor-garage-tiles-ct1178a-16","status":"publish","type":"product","link":"https:\/\/design-ceramics.com\/pt\/foshan-popular-outdoor-garage-tiles-ct1178a-16\/","title":{"rendered":"Telhas para garagem externa populares em Foshan CT1178A-16"},"content":{"rendered":"","protected":false},"excerpt":{"rendered":"<p>Encontre o estilo e a utilidade de nossos porcelanatos de qualidade que s\u00e3o feitos para ajudar a destacar seus interiores. \u00d3timo para garagens, telhados e outras grandes \u00e1reas de superf\u00edcie onde a apar\u00eancia agrad\u00e1vel e duradoura \u00e9 importante. A bela cor cinza combina com qualquer decora\u00e7\u00e3o, fazendo com que fique \u00f3timo em qualquer lugar que voc\u00ea o coloque. Esses azulejos t\u00eam algumas caracter\u00edsticas de baixa manuten\u00e7\u00e3o que podem preservar o ambiente ou permitir que voc\u00ea passe mais tempo desfrutando dele, em vez de limp\u00e1-lo.<\/p>\n<p>Experimente a transforma\u00e7\u00e3o que vem com nossos produtos de primeira linha, projetados para serem t\u00e3o pragm\u00e1ticos quanto elegantes. Portanto, n\u00e3o deixe passar essa oportunidade sem adquirir os azulejos que o servir\u00e3o por anos e tamb\u00e9m aumentar\u00e3o a apar\u00eancia de sua casa\/escrit\u00f3rio. Opte por nossos porcelanatos e combine beleza com robustez como nunca.<\/p>","protected":false},"featured_media":7142,"comment_status":"open","ping_status":"closed","template":"","meta":{"_acf_changed":false},"product-sp-name":[118],"product_brand":[],"product_cat":[69],"product_tag":[],"class_list":{"0":"post-7141","1":"product","2":"type-product","3":"status-publish","4":"has-post-thumbnail","6":"product-sp-name-foshan-popular-outdoor-garage-tiles-ct1178a-16","7":"product_cat-300x300mm","9":"first","10":"instock","11":"shipping-taxable","12":"product-type-simple"},"acf":[],"_links":{"self":[{"href":"https:\/\/design-ceramics.com\/pt\/wp-json\/wp\/v2\/product\/7141","targetHints":{"allow":["GET"]}}],"collection":[{"href":"https:\/\/design-ceramics.com\/pt\/wp-json\/wp\/v2\/product"}],"about":[{"href":"https:\/\/design-ceramics.com\/pt\/wp-json\/wp\/v2\/types\/product"}],"replies":[{"embeddable":true,"href":"https:\/\/design-ceramics.com\/pt\/wp-json\/wp\/v2\/comments?post=7141"}],"version-history":[{"count":2,"href":"https:\/\/design-ceramics.com\/pt\/wp-json\/wp\/v2\/product\/7141\/revisions"}],"predecessor-version":[{"id":8434,"href":"https:\/\/design-ceramics.com\/pt\/wp-json\/wp\/v2\/product\/7141\/revisions\/8434"}],"wp:featuredmedia":[{"embeddable":true,"href":"https:\/\/design-ceramics.com\/pt\/wp-json\/wp\/v2\/media\/7142"}],"wp:attachment":[{"href":"https:\/\/design-ceramics.com\/pt\/wp-json\/wp\/v2\/media?parent=7141"}],"wp:term":[{"taxonomy":"product-sp-name","embeddable":true,"href":"https:\/\/design-ceramics.com\/pt\/wp-json\/wp\/v2\/product-sp-name?post=7141"},{"taxonomy":"product_brand","embeddable":true,"href":"https:\/\/design-ceramics.com\/pt\/wp-json\/wp\/v2\/product_brand?post=7141"},{"taxonomy":"product_cat","embeddable":true,"href":"https:\/\/design-ceramics.com\/pt\/wp-json\/wp\/v2\/product_cat?post=7141"},{"taxonomy":"product_tag","embeddable":true,"href":"https:\/\/design-ceramics.com\/pt\/wp-json\/wp\/v2\/product_tag?post=7141"}],"curies":[{"name":"wp","href":"https:\/\/api.w.org\/{rel}","templated":true}]}}