{"id":7123,"date":"2024-06-25T06:15:50","date_gmt":"2024-06-25T06:15:50","guid":{"rendered":"https:\/\/design-ceramics.com\/?post_type=product&#038;p=7123"},"modified":"2024-10-09T11:38:18","modified_gmt":"2024-10-09T11:38:18","slug":"foshan-morera-outside-tiles-non-slip-ct586b","status":"publish","type":"product","link":"https:\/\/design-ceramics.com\/pt\/foshan-morera-outside-tiles-non-slip-ct586b\/","title":{"rendered":"Ladrilhos externos antiderrapantes Foshan Morera CT586B"},"content":{"rendered":"<p>Ao escolher nossos ladrilhos para ambientes internos e externos, voc\u00ea opta por robustez e eleg\u00e2ncia. Eles integram design e fun\u00e7\u00e3o, para que voc\u00ea possa criar belos espa\u00e7os de paisagismo sem sacrificar a seguran\u00e7a. N\u00e3o espere mais - redecore o exterior de sua casa hoje mesmo.<\/p>","protected":false},"excerpt":{"rendered":"<p>Crie um ref\u00fagio elegante e seguro em sua \u00e1rea externa com nossos criativos azulejos para \u00e1reas externas, ideais para qualquer espa\u00e7o! Esses azulejos t\u00eam propriedades antiderrapantes mais altas e s\u00e3o ideais para \u00e1reas externas onde \u00e9 prov\u00e1vel que haja pessoas andando sobre eles quando estiverem molhados.<\/p>\n<p>A extraordin\u00e1ria reten\u00e7\u00e3o de \u00e1gua faz com que nossos ladrilhos sejam excelentes para serem colocados ao lado de piscinas, p\u00e1tios e \u00e1reas com tend\u00eancia \u00e0 umidade. Al\u00e9m disso, os Reflective Pavers n\u00e3o s\u00e3o apenas recursos de seguran\u00e7a, mas tamb\u00e9m s\u00e3o antiderrapantes, resistentes a qualquer condi\u00e7\u00e3o clim\u00e1tica, resistentes ao desgaste e dur\u00e1veis, e seguros.<\/p>","protected":false},"featured_media":7124,"comment_status":"open","ping_status":"closed","template":"","meta":{"_acf_changed":false},"product-sp-name":[123],"product_brand":[],"product_cat":[69],"product_tag":[],"class_list":{"0":"post-7123","1":"product","2":"type-product","3":"status-publish","4":"has-post-thumbnail","6":"product-sp-name-foshan-morera-outside-tiles-non-slip-ct586b","7":"product_cat-300x300mm","9":"first","10":"instock","11":"shipping-taxable","12":"product-type-simple"},"acf":[],"_links":{"self":[{"href":"https:\/\/design-ceramics.com\/pt\/wp-json\/wp\/v2\/product\/7123","targetHints":{"allow":["GET"]}}],"collection":[{"href":"https:\/\/design-ceramics.com\/pt\/wp-json\/wp\/v2\/product"}],"about":[{"href":"https:\/\/design-ceramics.com\/pt\/wp-json\/wp\/v2\/types\/product"}],"replies":[{"embeddable":true,"href":"https:\/\/design-ceramics.com\/pt\/wp-json\/wp\/v2\/comments?post=7123"}],"version-history":[{"count":3,"href":"https:\/\/design-ceramics.com\/pt\/wp-json\/wp\/v2\/product\/7123\/revisions"}],"predecessor-version":[{"id":8459,"href":"https:\/\/design-ceramics.com\/pt\/wp-json\/wp\/v2\/product\/7123\/revisions\/8459"}],"wp:featuredmedia":[{"embeddable":true,"href":"https:\/\/design-ceramics.com\/pt\/wp-json\/wp\/v2\/media\/7124"}],"wp:attachment":[{"href":"https:\/\/design-ceramics.com\/pt\/wp-json\/wp\/v2\/media?parent=7123"}],"wp:term":[{"taxonomy":"product-sp-name","embeddable":true,"href":"https:\/\/design-ceramics.com\/pt\/wp-json\/wp\/v2\/product-sp-name?post=7123"},{"taxonomy":"product_brand","embeddable":true,"href":"https:\/\/design-ceramics.com\/pt\/wp-json\/wp\/v2\/product_brand?post=7123"},{"taxonomy":"product_cat","embeddable":true,"href":"https:\/\/design-ceramics.com\/pt\/wp-json\/wp\/v2\/product_cat?post=7123"},{"taxonomy":"product_tag","embeddable":true,"href":"https:\/\/design-ceramics.com\/pt\/wp-json\/wp\/v2\/product_tag?post=7123"}],"curies":[{"name":"wp","href":"https:\/\/api.w.org\/{rel}","templated":true}]}}