{"id":7115,"date":"2024-06-25T06:01:39","date_gmt":"2024-06-25T06:01:39","guid":{"rendered":"https:\/\/design-ceramics.com\/?post_type=product&#038;p=7115"},"modified":"2025-02-11T01:52:39","modified_gmt":"2025-02-11T01:52:39","slug":"foshan-morera-best-non-slip-floor-tiles-ct112a-2","status":"publish","type":"product","link":"https:\/\/design-ceramics.com\/pt\/foshan-morera-best-non-slip-floor-tiles-ct112a-2\/","title":{"rendered":"Ladrilhos antiderrapantes Foshan Morera CT112A"},"content":{"rendered":"","protected":false},"excerpt":{"rendered":"<p>Mestre em estilo e fun\u00e7\u00e3o, nossos Porcelanatos s\u00e3o adequados para qualquer c\u00f4modo da casa ou para usos comerciais. Fabricados com a melhor qualidade, eles s\u00e3o projetados para oferecer durabilidade sem prejudicar a apar\u00eancia est\u00e9tica de qualquer \u00e1rea.<\/p>\n<p>Resistentes a escorreg\u00f5es, os ladrilhos s\u00e3o projetados para proporcionar tra\u00e7\u00e3o, seguran\u00e7a e versatilidade em uma sele\u00e7\u00e3o ideal de pisos que possam ter condi\u00e7\u00f5es de umidade. De um restaurante movimentado a um banheiro tranquilo em sua casa, podemos garantir que nosso produto manter\u00e1 a seguran\u00e7a e o estilo. Mude seu ambiente com ladrilhos de acabamento maravilhoso que lhe dar\u00e3o n\u00e3o apenas al\u00edvio, mas tamb\u00e9m tranquilidade. Opte por nosso porcelanato antiderrapante em sua pr\u00f3xima reforma e d\u00ea a esses pisos algo a que agradecer. Clique para adquiri-lo agora e leve seu espa\u00e7o com voc\u00ea<\/p>","protected":false},"featured_media":7116,"comment_status":"open","ping_status":"closed","template":"","meta":{"_acf_changed":false},"product-sp-name":[127],"product_brand":[],"product_cat":[69],"product_tag":[],"class_list":{"0":"post-7115","1":"product","2":"type-product","3":"status-publish","4":"has-post-thumbnail","6":"product-sp-name-foshan-morera-best-non-slip-floor-tiles-ct112a","7":"product_cat-300x300mm","9":"first","10":"instock","11":"shipping-taxable","12":"product-type-simple"},"acf":[],"_links":{"self":[{"href":"https:\/\/design-ceramics.com\/pt\/wp-json\/wp\/v2\/product\/7115","targetHints":{"allow":["GET"]}}],"collection":[{"href":"https:\/\/design-ceramics.com\/pt\/wp-json\/wp\/v2\/product"}],"about":[{"href":"https:\/\/design-ceramics.com\/pt\/wp-json\/wp\/v2\/types\/product"}],"replies":[{"embeddable":true,"href":"https:\/\/design-ceramics.com\/pt\/wp-json\/wp\/v2\/comments?post=7115"}],"version-history":[{"count":4,"href":"https:\/\/design-ceramics.com\/pt\/wp-json\/wp\/v2\/product\/7115\/revisions"}],"predecessor-version":[{"id":11775,"href":"https:\/\/design-ceramics.com\/pt\/wp-json\/wp\/v2\/product\/7115\/revisions\/11775"}],"wp:featuredmedia":[{"embeddable":true,"href":"https:\/\/design-ceramics.com\/pt\/wp-json\/wp\/v2\/media\/7116"}],"wp:attachment":[{"href":"https:\/\/design-ceramics.com\/pt\/wp-json\/wp\/v2\/media?parent=7115"}],"wp:term":[{"taxonomy":"product-sp-name","embeddable":true,"href":"https:\/\/design-ceramics.com\/pt\/wp-json\/wp\/v2\/product-sp-name?post=7115"},{"taxonomy":"product_brand","embeddable":true,"href":"https:\/\/design-ceramics.com\/pt\/wp-json\/wp\/v2\/product_brand?post=7115"},{"taxonomy":"product_cat","embeddable":true,"href":"https:\/\/design-ceramics.com\/pt\/wp-json\/wp\/v2\/product_cat?post=7115"},{"taxonomy":"product_tag","embeddable":true,"href":"https:\/\/design-ceramics.com\/pt\/wp-json\/wp\/v2\/product_tag?post=7115"}],"curies":[{"name":"wp","href":"https:\/\/api.w.org\/{rel}","templated":true}]}}