{"id":7113,"date":"2024-06-25T06:00:43","date_gmt":"2024-06-25T06:00:43","guid":{"rendered":"https:\/\/design-ceramics.com\/?post_type=product&#038;p=7113"},"modified":"2024-10-09T11:38:18","modified_gmt":"2024-10-09T11:38:18","slug":"wholesale-municipal-outside-tiles-non-slip-ct51a-16","status":"publish","type":"product","link":"https:\/\/design-ceramics.com\/pt\/wholesale-municipal-outside-tiles-non-slip-ct51a-16\/","title":{"rendered":"Ladrilhos externos municipais antiderrapantes no atacado (CT51A-16)"},"content":{"rendered":"<table style=\"height: 158px;\" width=\"854\">\n<tbody>\n<tr>\n<td width=\"113\">TAMANHO (MM\uff09<\/td>\n<td width=\"95\">PCS\/CART\u00c3O<\/td>\n<td width=\"116\">SQM\/CARTONA<\/td>\n<td width=\"93\">KG\/CARTONA<\/td>\n<td width=\"120\">CART\u00c3O\/PALET\u00c3O<\/td>\n<td width=\"105\">PALLET\/20'GP<\/td>\n<td width=\"88\">N.W\/20'GP<\/td>\n<td width=\"85\">SQM\/20'GP<\/td>\n<\/tr>\n<tr>\n<td>200*200*12<\/td>\n<td>20<\/td>\n<td>0.8<\/td>\n<td>21<\/td>\n<td>52<\/td>\n<td>20<\/td>\n<td>21840<\/td>\n<td>832<\/td>\n<\/tr>\n<tr>\n<td><\/td>\n<td><\/td>\n<td><\/td>\n<td><\/td>\n<td><\/td>\n<td><\/td>\n<td><\/td>\n<td><\/td>\n<\/tr>\n<tr>\n<td>TAMANHO (MM\uff09<\/td>\n<td>PCS\/CART\u00c3O<\/td>\n<td>SQM\/CARTONA<\/td>\n<td>KG\/CARTONA<\/td>\n<td>CART\u00c3O\/PALET\u00c3O<\/td>\n<td>PALLET\/20'GP<\/td>\n<td>N.W\/20'GP<\/td>\n<td>SQM\/20'GP<\/td>\n<\/tr>\n<tr>\n<td>300*300*15<\/td>\n<td>11<\/td>\n<td>0.99<\/td>\n<td>26.5<\/td>\n<td>48<\/td>\n<td>20<\/td>\n<td>25440<\/td>\n<td>950.4<\/td>\n<\/tr>\n<\/tbody>\n<\/table>","protected":false},"excerpt":{"rendered":"<p data-pm-slice=\"1 1 []\">Apresentamos a voc\u00ea os azulejos externos CT51A-16 antiderrapantes, uma excelente op\u00e7\u00e3o para seus espa\u00e7os externos, especialmente durante os meses mais frios do inverno. Dispon\u00edveis em ladrilhos de 300x300 mm, esses produtos de porcelana fina s\u00e3o a melhor op\u00e7\u00e3o antiderrapante em termos de resist\u00eancia ao deslizamento e robustez.<\/p>\n<p>Beneficie-se dos principais recursos, como prote\u00e7\u00e3o contra intemp\u00e9ries e alta resist\u00eancia mec\u00e2nica. Nossa linha de pisos antiderrapantes para \u00e1reas externas \u00e9 adequada para todas as \u00e1reas da sua casa e garante prote\u00e7\u00e3o contra os elementos. Agora, d\u00ea adeus aos escorreg\u00f5es, pois nossos ladrilhos antiderrapantes para \u00e1reas externas s\u00e3o funcionais. Leve seu espa\u00e7o externo para o pr\u00f3ximo n\u00edvel e sinta-se bem com esses ladrilhos contempor\u00e2neos e duradouros. Invista em qualidade que dura!<\/p>","protected":false},"featured_media":7114,"comment_status":"open","ping_status":"closed","template":"","meta":{"_acf_changed":false},"product-sp-name":[89],"product_brand":[],"product_cat":[69],"product_tag":[],"class_list":{"0":"post-7113","1":"product","2":"type-product","3":"status-publish","4":"has-post-thumbnail","6":"product-sp-name-wholesale-municipal-non-slip-outdoor-tiles-ct51a-16","7":"product_cat-300x300mm","9":"first","10":"instock","11":"featured","12":"shipping-taxable","13":"product-type-simple"},"acf":[],"_links":{"self":[{"href":"https:\/\/design-ceramics.com\/pt\/wp-json\/wp\/v2\/product\/7113","targetHints":{"allow":["GET"]}}],"collection":[{"href":"https:\/\/design-ceramics.com\/pt\/wp-json\/wp\/v2\/product"}],"about":[{"href":"https:\/\/design-ceramics.com\/pt\/wp-json\/wp\/v2\/types\/product"}],"replies":[{"embeddable":true,"href":"https:\/\/design-ceramics.com\/pt\/wp-json\/wp\/v2\/comments?post=7113"}],"version-history":[{"count":5,"href":"https:\/\/design-ceramics.com\/pt\/wp-json\/wp\/v2\/product\/7113\/revisions"}],"predecessor-version":[{"id":8869,"href":"https:\/\/design-ceramics.com\/pt\/wp-json\/wp\/v2\/product\/7113\/revisions\/8869"}],"wp:featuredmedia":[{"embeddable":true,"href":"https:\/\/design-ceramics.com\/pt\/wp-json\/wp\/v2\/media\/7114"}],"wp:attachment":[{"href":"https:\/\/design-ceramics.com\/pt\/wp-json\/wp\/v2\/media?parent=7113"}],"wp:term":[{"taxonomy":"product-sp-name","embeddable":true,"href":"https:\/\/design-ceramics.com\/pt\/wp-json\/wp\/v2\/product-sp-name?post=7113"},{"taxonomy":"product_brand","embeddable":true,"href":"https:\/\/design-ceramics.com\/pt\/wp-json\/wp\/v2\/product_brand?post=7113"},{"taxonomy":"product_cat","embeddable":true,"href":"https:\/\/design-ceramics.com\/pt\/wp-json\/wp\/v2\/product_cat?post=7113"},{"taxonomy":"product_tag","embeddable":true,"href":"https:\/\/design-ceramics.com\/pt\/wp-json\/wp\/v2\/product_tag?post=7113"}],"curies":[{"name":"wp","href":"https:\/\/api.w.org\/{rel}","templated":true}]}}