{"id":7109,"date":"2024-06-25T04:29:43","date_gmt":"2024-06-25T04:29:43","guid":{"rendered":"https:\/\/design-ceramics.com\/?post_type=product&#038;p=7109"},"modified":"2024-10-09T11:38:18","modified_gmt":"2024-10-09T11:38:18","slug":"foshan-morera-brand-3x3-outdoor-tiles","status":"publish","type":"product","link":"https:\/\/design-ceramics.com\/pt\/foshan-morera-brand-3x3-outdoor-tiles\/","title":{"rendered":"Telhas externas 3\u00d73 da marca Foshan Morera AS1300C-133"},"content":{"rendered":"","protected":false},"excerpt":{"rendered":"<p>Transforme seu espa\u00e7o ao ar livre com nosso Home Improvement-3 x 3 Outdoor Tile de alta qualidade, projetado especificamente para durabilidade e estilo.<\/p>\n<p>Fabricado com porcelana premium da Home Improvement, esse ladrilho n\u00e3o s\u00f3 \u00e9 elegante como tamb\u00e9m resiste ao teste do tempo, o que o torna perfeito para uso residencial e comercial.<\/p>\n<p>Renove p\u00e1tios, passarelas ou qualquer \u00e1rea externa sem esfor\u00e7o com esse azulejo vers\u00e1til. N\u00e3o perca a oportunidade de criar o o\u00e1sis ao ar livre que voc\u00ea sempre imaginou - encomende seus azulejos hoje mesmo.<\/p>","protected":false},"featured_media":7110,"comment_status":"open","ping_status":"closed","template":"","meta":{"_acf_changed":false},"product-sp-name":[129],"product_brand":[],"product_cat":[69],"product_tag":[],"class_list":{"0":"post-7109","1":"product","2":"type-product","3":"status-publish","4":"has-post-thumbnail","6":"product-sp-name-foshan-morera-brand-3x3-outdoor-tiles-as1300c-133","7":"product_cat-300x300mm","9":"first","10":"instock","11":"shipping-taxable","12":"product-type-simple"},"acf":[],"_links":{"self":[{"href":"https:\/\/design-ceramics.com\/pt\/wp-json\/wp\/v2\/product\/7109","targetHints":{"allow":["GET"]}}],"collection":[{"href":"https:\/\/design-ceramics.com\/pt\/wp-json\/wp\/v2\/product"}],"about":[{"href":"https:\/\/design-ceramics.com\/pt\/wp-json\/wp\/v2\/types\/product"}],"replies":[{"embeddable":true,"href":"https:\/\/design-ceramics.com\/pt\/wp-json\/wp\/v2\/comments?post=7109"}],"version-history":[{"count":2,"href":"https:\/\/design-ceramics.com\/pt\/wp-json\/wp\/v2\/product\/7109\/revisions"}],"predecessor-version":[{"id":8426,"href":"https:\/\/design-ceramics.com\/pt\/wp-json\/wp\/v2\/product\/7109\/revisions\/8426"}],"wp:featuredmedia":[{"embeddable":true,"href":"https:\/\/design-ceramics.com\/pt\/wp-json\/wp\/v2\/media\/7110"}],"wp:attachment":[{"href":"https:\/\/design-ceramics.com\/pt\/wp-json\/wp\/v2\/media?parent=7109"}],"wp:term":[{"taxonomy":"product-sp-name","embeddable":true,"href":"https:\/\/design-ceramics.com\/pt\/wp-json\/wp\/v2\/product-sp-name?post=7109"},{"taxonomy":"product_brand","embeddable":true,"href":"https:\/\/design-ceramics.com\/pt\/wp-json\/wp\/v2\/product_brand?post=7109"},{"taxonomy":"product_cat","embeddable":true,"href":"https:\/\/design-ceramics.com\/pt\/wp-json\/wp\/v2\/product_cat?post=7109"},{"taxonomy":"product_tag","embeddable":true,"href":"https:\/\/design-ceramics.com\/pt\/wp-json\/wp\/v2\/product_tag?post=7109"}],"curies":[{"name":"wp","href":"https:\/\/api.w.org\/{rel}","templated":true}]}}