{"id":7107,"date":"2024-06-25T04:28:23","date_gmt":"2024-06-25T04:28:23","guid":{"rendered":"https:\/\/design-ceramics.com\/?post_type=product&#038;p=7107"},"modified":"2024-10-09T11:38:18","modified_gmt":"2024-10-09T11:38:18","slug":"factory-price-anti-skid-tiles-for-outdoor","status":"publish","type":"product","link":"https:\/\/design-ceramics.com\/pt\/factory-price-anti-skid-tiles-for-outdoor\/","title":{"rendered":"Pre\u00e7o de f\u00e1brica: 18 mm de espessura 300*300 mm de ladrilhos antiderrapantes para ambientes externos (AS1289A-133)"},"content":{"rendered":"<p>Constru\u00eddos com materiais de primeira qualidade - cer\u00e2mica e porcelana -, esses azulejos cer\u00e2micos apresentam excepcional absor\u00e7\u00e3o de \u00e1gua e resist\u00eancia a intemp\u00e9ries, o que os torna adequados para v\u00e1rios locais - garagem, tanto em ambientes internos quanto externos. O design do piso Tiles acrescenta um toque de eleg\u00e2ncia e praticidade ao seu ambiente, combinando estilo e funcionalidade perfeitamente.<\/p>\n<table style=\"height: 162px;\" width=\"854\">\n<tbody>\n<tr>\n<td width=\"113\">TAMANHO (MM\uff09<\/td>\n<td width=\"95\">PCS\/CART\u00c3O<\/td>\n<td width=\"116\">SQM\/CARTONA<\/td>\n<td width=\"93\">KG\/CARTONA<\/td>\n<td width=\"120\">CART\u00c3O\/PALET\u00c3O<\/td>\n<td width=\"105\">PALLET\/20'GP<\/td>\n<td width=\"88\">N.W\/20'GP<\/td>\n<td width=\"85\">SQM\/20'GP<\/td>\n<\/tr>\n<tr>\n<td>200*200*12<\/td>\n<td>20<\/td>\n<td>0.8<\/td>\n<td>21<\/td>\n<td>52<\/td>\n<td>20<\/td>\n<td>21840<\/td>\n<td>832<\/td>\n<\/tr>\n<tr>\n<td><\/td>\n<td><\/td>\n<td><\/td>\n<td><\/td>\n<td><\/td>\n<td><\/td>\n<td><\/td>\n<td><\/td>\n<\/tr>\n<tr>\n<td>TAMANHO (MM\uff09<\/td>\n<td>PCS\/CART\u00c3O<\/td>\n<td>SQM\/CARTONA<\/td>\n<td>KG\/CARTONA<\/td>\n<td>CART\u00c3O\/PALET\u00c3O<\/td>\n<td>PALLET\/20'GP<\/td>\n<td>N.W\/20'GP<\/td>\n<td>SQM\/20'GP<\/td>\n<\/tr>\n<tr>\n<td>300*300*15<\/td>\n<td>11<\/td>\n<td>0.99<\/td>\n<td>26.5<\/td>\n<td>48<\/td>\n<td>20<\/td>\n<td>25440<\/td>\n<td>950.4<\/td>\n<\/tr>\n<\/tbody>\n<\/table>","protected":false},"excerpt":{"rendered":"<p>Entre no luxo com nossos pisos de cer\u00e2mica de alta qualidade. Criados para elevar qualquer espa\u00e7o, esses azulejos brancos s\u00e3o ideais para uso interno e externo. Seja para melhorar a garagem, a \u00e1rea de estacionamento ou o banheiro, esses vers\u00e1teis azulejos para banheiro oferecem maior seguran\u00e7a com seu design antiderrapante. As caracter\u00edsticas antiderrapantes dos produtos os tornam perfeitos para \u00e1reas propensas \u00e0 umidade, garantindo uma superf\u00edcie segura e dur\u00e1vel.<\/p>","protected":false},"featured_media":7108,"comment_status":"open","ping_status":"closed","template":"","meta":{"_acf_changed":false},"product-sp-name":[130],"product_brand":[],"product_cat":[69],"product_tag":[],"class_list":{"0":"post-7107","1":"product","2":"type-product","3":"status-publish","4":"has-post-thumbnail","6":"product-sp-name-factory-price-18mm-thickness-300300-mm-anti-skid-tiles-for-outdooras1289a-133","7":"product_cat-300x300mm","9":"first","10":"instock","11":"featured","12":"shipping-taxable","13":"product-type-simple"},"acf":[],"_links":{"self":[{"href":"https:\/\/design-ceramics.com\/pt\/wp-json\/wp\/v2\/product\/7107","targetHints":{"allow":["GET"]}}],"collection":[{"href":"https:\/\/design-ceramics.com\/pt\/wp-json\/wp\/v2\/product"}],"about":[{"href":"https:\/\/design-ceramics.com\/pt\/wp-json\/wp\/v2\/types\/product"}],"replies":[{"embeddable":true,"href":"https:\/\/design-ceramics.com\/pt\/wp-json\/wp\/v2\/comments?post=7107"}],"version-history":[{"count":3,"href":"https:\/\/design-ceramics.com\/pt\/wp-json\/wp\/v2\/product\/7107\/revisions"}],"predecessor-version":[{"id":8381,"href":"https:\/\/design-ceramics.com\/pt\/wp-json\/wp\/v2\/product\/7107\/revisions\/8381"}],"wp:featuredmedia":[{"embeddable":true,"href":"https:\/\/design-ceramics.com\/pt\/wp-json\/wp\/v2\/media\/7108"}],"wp:attachment":[{"href":"https:\/\/design-ceramics.com\/pt\/wp-json\/wp\/v2\/media?parent=7107"}],"wp:term":[{"taxonomy":"product-sp-name","embeddable":true,"href":"https:\/\/design-ceramics.com\/pt\/wp-json\/wp\/v2\/product-sp-name?post=7107"},{"taxonomy":"product_brand","embeddable":true,"href":"https:\/\/design-ceramics.com\/pt\/wp-json\/wp\/v2\/product_brand?post=7107"},{"taxonomy":"product_cat","embeddable":true,"href":"https:\/\/design-ceramics.com\/pt\/wp-json\/wp\/v2\/product_cat?post=7107"},{"taxonomy":"product_tag","embeddable":true,"href":"https:\/\/design-ceramics.com\/pt\/wp-json\/wp\/v2\/product_tag?post=7107"}],"curies":[{"name":"wp","href":"https:\/\/api.w.org\/{rel}","templated":true}]}}