{"id":7105,"date":"2024-06-25T03:43:42","date_gmt":"2024-06-25T03:43:42","guid":{"rendered":"https:\/\/design-ceramics.com\/?post_type=product&#038;p=7105"},"modified":"2024-10-09T11:38:18","modified_gmt":"2024-10-09T11:38:18","slug":"foshan-morera-outdoor-interlocking-tiles-for-grass-a-2016d","status":"publish","type":"product","link":"https:\/\/design-ceramics.com\/pt\/foshan-morera-outdoor-interlocking-tiles-for-grass-a-2016d\/","title":{"rendered":"Telhas intertravadas para gramados externos da marca Foshan Morera A-2016D"},"content":{"rendered":"","protected":false},"excerpt":{"rendered":"<p>Transforme seu espa\u00e7o ao ar livre com nossos pisos intertravados premium para \u00e1reas externas, projetados para oferecer durabilidade e estilo.<br \/>\nEsses ladrilhos proporcionam uma superf\u00edcie segura e antiderrapante, perfeita para p\u00e1tios, decks e \u00e1reas de piscina, aprimorando sua experi\u00eancia ao ar livre e garantindo a seguran\u00e7a.<br \/>\nF\u00e1ceis de instalar e manter, nossos revestimentos cer\u00e2micos elevar\u00e3o qualquer ambiente externo. N\u00e3o perca a chance de atualizar o exterior da sua casa; fa\u00e7a seu pedido agora e aproveite seu o\u00e1sis ao ar livre.<\/p>","protected":false},"featured_media":7106,"comment_status":"open","ping_status":"closed","template":"","meta":{"_acf_changed":false},"product-sp-name":[131],"product_brand":[],"product_cat":[69],"product_tag":[],"class_list":{"0":"post-7105","1":"product","2":"type-product","3":"status-publish","4":"has-post-thumbnail","6":"product-sp-name-foshan-morera-brand-outdoor-interlocking-tiles-for-grass-a-2016d","7":"product_cat-300x300mm","9":"first","10":"instock","11":"shipping-taxable","12":"product-type-simple"},"acf":[],"_links":{"self":[{"href":"https:\/\/design-ceramics.com\/pt\/wp-json\/wp\/v2\/product\/7105","targetHints":{"allow":["GET"]}}],"collection":[{"href":"https:\/\/design-ceramics.com\/pt\/wp-json\/wp\/v2\/product"}],"about":[{"href":"https:\/\/design-ceramics.com\/pt\/wp-json\/wp\/v2\/types\/product"}],"replies":[{"embeddable":true,"href":"https:\/\/design-ceramics.com\/pt\/wp-json\/wp\/v2\/comments?post=7105"}],"version-history":[{"count":2,"href":"https:\/\/design-ceramics.com\/pt\/wp-json\/wp\/v2\/product\/7105\/revisions"}],"predecessor-version":[{"id":8410,"href":"https:\/\/design-ceramics.com\/pt\/wp-json\/wp\/v2\/product\/7105\/revisions\/8410"}],"wp:featuredmedia":[{"embeddable":true,"href":"https:\/\/design-ceramics.com\/pt\/wp-json\/wp\/v2\/media\/7106"}],"wp:attachment":[{"href":"https:\/\/design-ceramics.com\/pt\/wp-json\/wp\/v2\/media?parent=7105"}],"wp:term":[{"taxonomy":"product-sp-name","embeddable":true,"href":"https:\/\/design-ceramics.com\/pt\/wp-json\/wp\/v2\/product-sp-name?post=7105"},{"taxonomy":"product_brand","embeddable":true,"href":"https:\/\/design-ceramics.com\/pt\/wp-json\/wp\/v2\/product_brand?post=7105"},{"taxonomy":"product_cat","embeddable":true,"href":"https:\/\/design-ceramics.com\/pt\/wp-json\/wp\/v2\/product_cat?post=7105"},{"taxonomy":"product_tag","embeddable":true,"href":"https:\/\/design-ceramics.com\/pt\/wp-json\/wp\/v2\/product_tag?post=7105"}],"curies":[{"name":"wp","href":"https:\/\/api.w.org\/{rel}","templated":true}]}}