{"id":7100,"date":"2024-06-25T02:52:57","date_gmt":"2024-06-25T02:52:57","guid":{"rendered":"https:\/\/design-ceramics.com\/?post_type=product&#038;p=7100"},"modified":"2024-10-09T11:38:18","modified_gmt":"2024-10-09T11:38:18","slug":"morera-ceramic-tile-garage-floor-porcelain-a-2012b","status":"publish","type":"product","link":"https:\/\/design-ceramics.com\/pt\/morera-ceramic-tile-garage-floor-porcelain-a-2012b\/","title":{"rendered":"Morera Ceramic Tile Piso de garagem Porcelana A-2012B"},"content":{"rendered":"","protected":false},"excerpt":{"rendered":"<p>Completas com pisos de porcelana dur\u00e1veis, nossas solu\u00e7\u00f5es tornam sua garagem uma \u00e1rea impec\u00e1vel e de apar\u00eancia luxuosa. Imagine entrar em sua garagem e ver que o piso n\u00e3o s\u00f3 tem boa apar\u00eancia, mas tamb\u00e9m \u00e9 f\u00e1cil de limpar. Com os porcelanatos, o esmalte acabado ajuda a repelir a sujeira e a poeira, por isso \u00e9 muito f\u00e1cil mant\u00ea-los limpos. Comece com um piso que complemente o seu espa\u00e7o e que comprovadamente resista ao tempo com durabilidade de primeira linha. Escolha nosso piso de porcelana e encontre agora um equil\u00edbrio de estilo e qualidade sem precedentes para sua garagem.<\/p>","protected":false},"featured_media":7101,"comment_status":"open","ping_status":"closed","template":"","meta":{"_acf_changed":false},"product-sp-name":[132],"product_brand":[],"product_cat":[69],"product_tag":[],"class_list":{"0":"post-7100","1":"product","2":"type-product","3":"status-publish","4":"has-post-thumbnail","6":"product-sp-name-morera-ceramic-tile-garage-floor-porcelain-a-2012b","7":"product_cat-300x300mm","9":"first","10":"instock","11":"shipping-taxable","12":"product-type-simple"},"acf":[],"_links":{"self":[{"href":"https:\/\/design-ceramics.com\/pt\/wp-json\/wp\/v2\/product\/7100","targetHints":{"allow":["GET"]}}],"collection":[{"href":"https:\/\/design-ceramics.com\/pt\/wp-json\/wp\/v2\/product"}],"about":[{"href":"https:\/\/design-ceramics.com\/pt\/wp-json\/wp\/v2\/types\/product"}],"replies":[{"embeddable":true,"href":"https:\/\/design-ceramics.com\/pt\/wp-json\/wp\/v2\/comments?post=7100"}],"version-history":[{"count":2,"href":"https:\/\/design-ceramics.com\/pt\/wp-json\/wp\/v2\/product\/7100\/revisions"}],"predecessor-version":[{"id":8408,"href":"https:\/\/design-ceramics.com\/pt\/wp-json\/wp\/v2\/product\/7100\/revisions\/8408"}],"wp:featuredmedia":[{"embeddable":true,"href":"https:\/\/design-ceramics.com\/pt\/wp-json\/wp\/v2\/media\/7101"}],"wp:attachment":[{"href":"https:\/\/design-ceramics.com\/pt\/wp-json\/wp\/v2\/media?parent=7100"}],"wp:term":[{"taxonomy":"product-sp-name","embeddable":true,"href":"https:\/\/design-ceramics.com\/pt\/wp-json\/wp\/v2\/product-sp-name?post=7100"},{"taxonomy":"product_brand","embeddable":true,"href":"https:\/\/design-ceramics.com\/pt\/wp-json\/wp\/v2\/product_brand?post=7100"},{"taxonomy":"product_cat","embeddable":true,"href":"https:\/\/design-ceramics.com\/pt\/wp-json\/wp\/v2\/product_cat?post=7100"},{"taxonomy":"product_tag","embeddable":true,"href":"https:\/\/design-ceramics.com\/pt\/wp-json\/wp\/v2\/product_tag?post=7100"}],"curies":[{"name":"wp","href":"https:\/\/api.w.org\/{rel}","templated":true}]}}