{"id":7094,"date":"2024-06-25T02:17:16","date_gmt":"2024-06-25T02:17:16","guid":{"rendered":"https:\/\/design-ceramics.com\/?post_type=product&#038;p=7094"},"modified":"2024-10-09T11:38:18","modified_gmt":"2024-10-09T11:38:18","slug":"dark-gray-outdoor-ceramic-garage-floor-tiles-a-1006c","status":"publish","type":"product","link":"https:\/\/design-ceramics.com\/pt\/dark-gray-outdoor-ceramic-garage-floor-tiles-a-1006c\/","title":{"rendered":"Ladrilhos cer\u00e2micos cinza-escuro para pisos de garagens externas A-1006C"},"content":{"rendered":"<p>Durabilidade \u00e9 o nome do jogo com nossos azulejos para \u00e1reas externas, feitos para resistir a todos os tipos de clima e, ao mesmo tempo, manter sua boa apar\u00eancia. Acrescente chuva, sol ou neve e esse zelo continuar\u00e1 a desaparecer durante todas as esta\u00e7\u00f5es, sem causar nenhum dano \u00e0s telhas.<\/p>\n<p>Esses azulejos oferecem um alto n\u00edvel de resist\u00eancia e robustez e, ao mesmo tempo, uma apar\u00eancia simplesmente impec\u00e1vel em suas \u00e1reas externas. O acabamento moderno dos azulejos Alchemy elimina a necessidade de manuten\u00e7\u00e3o constante, deixando-o com um espa\u00e7o externo que parece t\u00e3o bom quanto quando foi instalado pela primeira vez.<\/p>\n<p>Imagine entretenimento, estilo de vida familiar ou paz e tranquilidade em um ambiente de luxo aprimorado. No final das contas, nossos azulejos premium para \u00e1reas externas n\u00e3o s\u00e3o apenas uma compra, mas um investimento em seu estilo de vida, pois trar\u00e3o valor agregado e prazer para a sua casa. N\u00e3o demore nem mais um minuto - conhe\u00e7a nossos azulejos para \u00e1reas externas e descubra como um espa\u00e7o externo pode ser transformado de forma r\u00e1pida, f\u00e1cil e elegante.<\/p>","protected":false},"excerpt":{"rendered":"<p>Aprimore os santu\u00e1rios externos de seus espa\u00e7os comerciais e residenciais com nossos pisos cer\u00e2micos para garagem ao ar livre. Se voc\u00ea quiser deixar seu p\u00e1tio, deck ou garagem ainda mais bonitos, eles dar\u00e3o um toque elegante e funcional.<br \/>\nAo optar por placas de deck intertravadas de baixa manuten\u00e7\u00e3o, voc\u00ea pode montar facilmente uma superf\u00edcie deslumbrante sem ter que se preocupar com instala\u00e7\u00f5es complicadas. Seu design exclusivo garante um bom ajuste para voc\u00ea, assegurando que esse acabamento suave e est\u00e1vel seja constru\u00eddo para resistir ao desgaste di\u00e1rio comum.<\/p>","protected":false},"featured_media":7097,"comment_status":"open","ping_status":"closed","template":"","meta":{"_acf_changed":false},"product-sp-name":[134],"product_brand":[],"product_cat":[69],"product_tag":[],"class_list":{"0":"post-7094","1":"product","2":"type-product","3":"status-publish","4":"has-post-thumbnail","6":"product-sp-name-dark-gray-outdoor-tiles-outdoor-garage-floor-tiles-a-1006c","7":"product_cat-300x300mm","9":"first","10":"instock","11":"shipping-taxable","12":"product-type-simple"},"acf":[],"_links":{"self":[{"href":"https:\/\/design-ceramics.com\/pt\/wp-json\/wp\/v2\/product\/7094","targetHints":{"allow":["GET"]}}],"collection":[{"href":"https:\/\/design-ceramics.com\/pt\/wp-json\/wp\/v2\/product"}],"about":[{"href":"https:\/\/design-ceramics.com\/pt\/wp-json\/wp\/v2\/types\/product"}],"replies":[{"embeddable":true,"href":"https:\/\/design-ceramics.com\/pt\/wp-json\/wp\/v2\/comments?post=7094"}],"version-history":[{"count":5,"href":"https:\/\/design-ceramics.com\/pt\/wp-json\/wp\/v2\/product\/7094\/revisions"}],"predecessor-version":[{"id":8873,"href":"https:\/\/design-ceramics.com\/pt\/wp-json\/wp\/v2\/product\/7094\/revisions\/8873"}],"wp:featuredmedia":[{"embeddable":true,"href":"https:\/\/design-ceramics.com\/pt\/wp-json\/wp\/v2\/media\/7097"}],"wp:attachment":[{"href":"https:\/\/design-ceramics.com\/pt\/wp-json\/wp\/v2\/media?parent=7094"}],"wp:term":[{"taxonomy":"product-sp-name","embeddable":true,"href":"https:\/\/design-ceramics.com\/pt\/wp-json\/wp\/v2\/product-sp-name?post=7094"},{"taxonomy":"product_brand","embeddable":true,"href":"https:\/\/design-ceramics.com\/pt\/wp-json\/wp\/v2\/product_brand?post=7094"},{"taxonomy":"product_cat","embeddable":true,"href":"https:\/\/design-ceramics.com\/pt\/wp-json\/wp\/v2\/product_cat?post=7094"},{"taxonomy":"product_tag","embeddable":true,"href":"https:\/\/design-ceramics.com\/pt\/wp-json\/wp\/v2\/product_tag?post=7094"}],"curies":[{"name":"wp","href":"https:\/\/api.w.org\/{rel}","templated":true}]}}