{"id":5641,"date":"2022-11-18T09:19:55","date_gmt":"2022-11-18T09:19:55","guid":{"rendered":"https:\/\/marblex.peacefulqode.com\/?post_type=product&#038;p=5641"},"modified":"2024-10-09T11:38:19","modified_gmt":"2024-10-09T11:38:19","slug":"porcelain-tile-garage-floor-outdoor-2100h","status":"publish","type":"product","link":"https:\/\/design-ceramics.com\/pt\/porcelain-tile-garage-floor-outdoor-2100h\/","title":{"rendered":"Ladrilho de porcelana Piso de garagem ao ar livre Ladrilhos quadrados de 12 mm de espessura 200*200 mm (2100H)"},"content":{"rendered":"<p>Nossa solu\u00e7\u00e3o de piso atende a todos os requisitos, seja um piso de garagem que seja elegante e pr\u00e1tico ou pisos comerciais projetados para suportar o uso pesado. Obtenha a superf\u00edcie luxuosa e dur\u00e1vel resistente a arranh\u00f5es que a sua garagem merece - atualize para o piso de porcelanato 2100H para garagem.<\/p>\n<table style=\"height: 166px;\" width=\"856\">\n<tbody>\n<tr>\n<td width=\"113\">TAMANHO (MM\uff09<\/td>\n<td width=\"95\">PCS\/CART\u00c3O<\/td>\n<td width=\"116\">SQM\/CARTONA<\/td>\n<td width=\"93\">KG\/CARTONA<\/td>\n<td width=\"120\">CART\u00c3O\/PALET\u00c3O<\/td>\n<td width=\"105\">PALLET\/20'GP<\/td>\n<td width=\"88\">N.W\/20'GP<\/td>\n<td width=\"85\">SQM\/20'GP<\/td>\n<\/tr>\n<tr>\n<td>200*200*12<\/td>\n<td>20<\/td>\n<td>0.8<\/td>\n<td>21<\/td>\n<td>52<\/td>\n<td>20<\/td>\n<td>21840<\/td>\n<td>832<\/td>\n<\/tr>\n<tr>\n<td><\/td>\n<td><\/td>\n<td><\/td>\n<td><\/td>\n<td><\/td>\n<td><\/td>\n<td><\/td>\n<td><\/td>\n<\/tr>\n<tr>\n<td>TAMANHO (MM\uff09<\/td>\n<td>PCS\/CART\u00c3O<\/td>\n<td>SQM\/CARTONA<\/td>\n<td>KG\/CARTONA<\/td>\n<td>CART\u00c3O\/PALET\u00c3O<\/td>\n<td>PALLET\/20'GP<\/td>\n<td>N.W\/20'GP<\/td>\n<td>SQM\/20'GP<\/td>\n<\/tr>\n<tr>\n<td>300*300*15<\/td>\n<td>11<\/td>\n<td>0.99<\/td>\n<td>26.5<\/td>\n<td>48<\/td>\n<td>20<\/td>\n<td>25440<\/td>\n<td>950.4<\/td>\n<\/tr>\n<\/tbody>\n<\/table>\n<p data-pm-slice=\"1 1 []\">","protected":false},"excerpt":{"rendered":"<p data-pm-slice=\"1 1 []\">Fa\u00e7a sua garagem com nossa op\u00e7\u00e3o de piso de garagem de porcelanato 2100H. Esses pisos, que s\u00e3o feitos para durar e projetados com estilo em mente, fazem com que qualquer garagem pare\u00e7a mais contempor\u00e2nea. Cada porcelanato \u00e9 extremamente dur\u00e1vel, o que permite que ele resista ao desgaste e mantenha sua bela apar\u00eancia ao longo do tempo. Com o 2100H, voc\u00ea n\u00e3o est\u00e1 simplesmente escolhendo uma superf\u00edcie, mas investindo em uma solu\u00e7\u00e3o de design adapt\u00e1vel que combina fun\u00e7\u00e3o e forma.<br \/>\nSe voc\u00ea estiver na garagem, entre para admirar nosso porcelanato estilo texturizado. Alguns dos azulejos s\u00e3o bons para serem usados como decora\u00e7\u00e3o, mas provavelmente todos eles t\u00eam alta resist\u00eancia a manchas e arranh\u00f5es.<\/p>","protected":false},"featured_media":7050,"comment_status":"open","ping_status":"closed","template":"","meta":{"_acf_changed":false},"product-sp-name":[82],"product_brand":[],"product_cat":[68],"product_tag":[],"class_list":{"0":"post-5641","1":"product","2":"type-product","3":"status-publish","4":"has-post-thumbnail","6":"product-sp-name-porcelain-tile-garage-floor-outdoor-square-tiles-12mm-thickness-200200-mm-2100h","7":"product_cat-200x200mm","9":"first","10":"instock","11":"featured","12":"shipping-taxable","13":"product-type-simple"},"acf":[],"_links":{"self":[{"href":"https:\/\/design-ceramics.com\/pt\/wp-json\/wp\/v2\/product\/5641","targetHints":{"allow":["GET"]}}],"collection":[{"href":"https:\/\/design-ceramics.com\/pt\/wp-json\/wp\/v2\/product"}],"about":[{"href":"https:\/\/design-ceramics.com\/pt\/wp-json\/wp\/v2\/types\/product"}],"replies":[{"embeddable":true,"href":"https:\/\/design-ceramics.com\/pt\/wp-json\/wp\/v2\/comments?post=5641"}],"version-history":[{"count":5,"href":"https:\/\/design-ceramics.com\/pt\/wp-json\/wp\/v2\/product\/5641\/revisions"}],"predecessor-version":[{"id":8855,"href":"https:\/\/design-ceramics.com\/pt\/wp-json\/wp\/v2\/product\/5641\/revisions\/8855"}],"wp:featuredmedia":[{"embeddable":true,"href":"https:\/\/design-ceramics.com\/pt\/wp-json\/wp\/v2\/media\/7050"}],"wp:attachment":[{"href":"https:\/\/design-ceramics.com\/pt\/wp-json\/wp\/v2\/media?parent=5641"}],"wp:term":[{"taxonomy":"product-sp-name","embeddable":true,"href":"https:\/\/design-ceramics.com\/pt\/wp-json\/wp\/v2\/product-sp-name?post=5641"},{"taxonomy":"product_brand","embeddable":true,"href":"https:\/\/design-ceramics.com\/pt\/wp-json\/wp\/v2\/product_brand?post=5641"},{"taxonomy":"product_cat","embeddable":true,"href":"https:\/\/design-ceramics.com\/pt\/wp-json\/wp\/v2\/product_cat?post=5641"},{"taxonomy":"product_tag","embeddable":true,"href":"https:\/\/design-ceramics.com\/pt\/wp-json\/wp\/v2\/product_tag?post=5641"}],"curies":[{"name":"wp","href":"https:\/\/api.w.org\/{rel}","templated":true}]}}