{"id":1337,"date":"2022-11-03T06:28:54","date_gmt":"2022-11-03T06:28:54","guid":{"rendered":"https:\/\/marblex.peacefulqode.com\/?post_type=product&#038;p=1337"},"modified":"2024-10-09T11:38:19","modified_gmt":"2024-10-09T11:38:19","slug":"morera-anti-skid-floor-tiles-for-living-room","status":"publish","type":"product","link":"https:\/\/design-ceramics.com\/pt\/morera-anti-skid-floor-tiles-for-living-room\/","title":{"rendered":"Ladrilhos antiderrapantes Morera para sala de estar (CT1401F)"},"content":{"rendered":"<p>Fa\u00e7a uma verdadeira declara\u00e7\u00e3o de estilo com os nossos ladrilhos de m\u00e1rmore CT1401F - a fus\u00e3o perfeita de luxo e funcionalidade, projetados para aprimorar sua casa em termos de beleza e resist\u00eancia. Ladrilho de m\u00e1rmore para elevar seu espa\u00e7o Este \u00e9 o ep\u00edtome da eleg\u00e2ncia do ladrilho de m\u00e1rmore.<\/p>","protected":false},"excerpt":{"rendered":"<p>Torne sua vida mais luxuosa com nossos pisos antiderrapantes CT1401F com visual luxuoso. Com uma mistura de eleg\u00e2ncia e durabilidade, esse ladrilho tem todos os recursos que voc\u00ea deseja. Nossos tipos de ladrilhos s\u00e3o projetados para permitir que voc\u00ea mergulhe em um mundo luxuoso e seguro, com todos os nossos recursos antiderrapantes, de m\u00e1rmore ou antiderrapantes, criando a fus\u00e3o perfeita de eleg\u00e2ncia e seguran\u00e7a. Nossos azulejos s\u00e3o inovadores, com tecnologia superior de resist\u00eancia a manchas para facilitar os cuidados e o desempenho no desgaste.<\/p>\n<p>Aproveite a sensa\u00e7\u00e3o de seguran\u00e7a oferecida por nossas superf\u00edcies antiderrapantes com seguran\u00e7a aprimorada e alto estilo. Entre em uma vida de luxo sem gastar muito - ao optar pela cole\u00e7\u00e3o CT1401F em sua sala de estar. D\u00ea \u00e0 sua casa um apelo cl\u00e1ssico com esses luxuosos acess\u00f3rios decorativos de m\u00e1rmore branco. Libere o potencial de sua sala de estar com os azulejos de m\u00e1rmore DBS Premium para dar a ela uma combina\u00e7\u00e3o ideal de eleg\u00e2ncia e praticidade. Definidos por um estilo que combina luxo e conforto com afirma\u00e7\u00f5es ousadas, os recursos de design impressionantes criam uma impress\u00e3o de santu\u00e1rio para voc\u00ea se mimar e aproveitar a arte de viver bem.<\/p>","protected":false},"featured_media":7076,"comment_status":"open","ping_status":"closed","template":"","meta":{"_acf_changed":false},"product-sp-name":[105],"product_brand":[],"product_cat":[68],"product_tag":[],"class_list":{"0":"post-1337","1":"product","2":"type-product","3":"status-publish","4":"has-post-thumbnail","6":"product-sp-name-morera-anti-skid-floor-tiles-for-living-room-ct1401f","7":"product_cat-200x200mm","9":"first","10":"instock","11":"shipping-taxable","12":"product-type-simple"},"acf":[],"_links":{"self":[{"href":"https:\/\/design-ceramics.com\/pt\/wp-json\/wp\/v2\/product\/1337","targetHints":{"allow":["GET"]}}],"collection":[{"href":"https:\/\/design-ceramics.com\/pt\/wp-json\/wp\/v2\/product"}],"about":[{"href":"https:\/\/design-ceramics.com\/pt\/wp-json\/wp\/v2\/types\/product"}],"replies":[{"embeddable":true,"href":"https:\/\/design-ceramics.com\/pt\/wp-json\/wp\/v2\/comments?post=1337"}],"version-history":[{"count":5,"href":"https:\/\/design-ceramics.com\/pt\/wp-json\/wp\/v2\/product\/1337\/revisions"}],"predecessor-version":[{"id":8892,"href":"https:\/\/design-ceramics.com\/pt\/wp-json\/wp\/v2\/product\/1337\/revisions\/8892"}],"wp:featuredmedia":[{"embeddable":true,"href":"https:\/\/design-ceramics.com\/pt\/wp-json\/wp\/v2\/media\/7076"}],"wp:attachment":[{"href":"https:\/\/design-ceramics.com\/pt\/wp-json\/wp\/v2\/media?parent=1337"}],"wp:term":[{"taxonomy":"product-sp-name","embeddable":true,"href":"https:\/\/design-ceramics.com\/pt\/wp-json\/wp\/v2\/product-sp-name?post=1337"},{"taxonomy":"product_brand","embeddable":true,"href":"https:\/\/design-ceramics.com\/pt\/wp-json\/wp\/v2\/product_brand?post=1337"},{"taxonomy":"product_cat","embeddable":true,"href":"https:\/\/design-ceramics.com\/pt\/wp-json\/wp\/v2\/product_cat?post=1337"},{"taxonomy":"product_tag","embeddable":true,"href":"https:\/\/design-ceramics.com\/pt\/wp-json\/wp\/v2\/product_tag?post=1337"}],"curies":[{"name":"wp","href":"https:\/\/api.w.org\/{rel}","templated":true}]}}