{"id":1336,"date":"2022-11-03T06:28:54","date_gmt":"2022-11-03T06:28:54","guid":{"rendered":"https:\/\/marblex.peacefulqode.com\/?post_type=product&#038;p=1336"},"modified":"2024-12-08T13:40:45","modified_gmt":"2024-12-08T13:40:45","slug":"merora-ceramic-anti-slip-garden-tiles","status":"publish","type":"product","link":"https:\/\/design-ceramics.com\/pt\/merora-ceramic-anti-slip-garden-tiles\/","title":{"rendered":"Ladrilhos cer\u00e2micos antiderrapantes para \u00e1reas externas Merora CT1420D"},"content":{"rendered":"<p>Nossa linha de ladrilhos para \u00e1reas externas oferece durabilidade e resist\u00eancia e, ao mesmo tempo, mant\u00e9m um design funcional impressionante para atender a todas as necessidades. Com uma baixa taxa de absor\u00e7\u00e3o de \u00e1gua, esses azulejos foram projetados para durar e far\u00e3o maravilhas em seu o\u00e1sis perfeito. Transforme seu o\u00e1sis no quintal em uma bela decora\u00e7\u00e3o com os Garden State Tile Porcelain Outdoor Tiles, a fus\u00e3o perfeita de estilo e prop\u00f3sito. O melhor do design perfeitamente combinado com a praticidade para criar um belo ref\u00fagio em seu pr\u00f3prio quintal.<\/p>","protected":false},"excerpt":{"rendered":"<p>Entre em outro mundo cheio de eleg\u00e2ncia e grandeza com nossos azulejos antiderrapantes para jardim. Ao comprar esses azulejos, voc\u00ea pode melhorar a apar\u00eancia da \u00e1rea externa da sua casa. Esses azulejos de alta qualidade para \u00e1reas externas s\u00e3o perfeitos para embelezar seu p\u00e1tio, a beira da piscina ou o jardim. Com tecnologia antiderrapante avan\u00e7ada, os azulejos proporcionam tranquilidade em qualquer condi\u00e7\u00e3o clim\u00e1tica, tornando o ambiente mais seguro.<\/p>","protected":false},"featured_media":7080,"comment_status":"open","ping_status":"closed","template":"","meta":{"_acf_changed":false},"product-sp-name":[106],"product_brand":[],"product_cat":[68],"product_tag":[],"class_list":{"0":"post-1336","1":"product","2":"type-product","3":"status-publish","4":"has-post-thumbnail","6":"product-sp-name-merora-ceramic-anti-slip-garden-tiles-ct1420d","7":"product_cat-200x200mm","9":"first","10":"instock","11":"shipping-taxable","12":"product-type-simple"},"acf":[],"_links":{"self":[{"href":"https:\/\/design-ceramics.com\/pt\/wp-json\/wp\/v2\/product\/1336","targetHints":{"allow":["GET"]}}],"collection":[{"href":"https:\/\/design-ceramics.com\/pt\/wp-json\/wp\/v2\/product"}],"about":[{"href":"https:\/\/design-ceramics.com\/pt\/wp-json\/wp\/v2\/types\/product"}],"replies":[{"embeddable":true,"href":"https:\/\/design-ceramics.com\/pt\/wp-json\/wp\/v2\/comments?post=1336"}],"version-history":[{"count":5,"href":"https:\/\/design-ceramics.com\/pt\/wp-json\/wp\/v2\/product\/1336\/revisions"}],"predecessor-version":[{"id":11285,"href":"https:\/\/design-ceramics.com\/pt\/wp-json\/wp\/v2\/product\/1336\/revisions\/11285"}],"wp:featuredmedia":[{"embeddable":true,"href":"https:\/\/design-ceramics.com\/pt\/wp-json\/wp\/v2\/media\/7080"}],"wp:attachment":[{"href":"https:\/\/design-ceramics.com\/pt\/wp-json\/wp\/v2\/media?parent=1336"}],"wp:term":[{"taxonomy":"product-sp-name","embeddable":true,"href":"https:\/\/design-ceramics.com\/pt\/wp-json\/wp\/v2\/product-sp-name?post=1336"},{"taxonomy":"product_brand","embeddable":true,"href":"https:\/\/design-ceramics.com\/pt\/wp-json\/wp\/v2\/product_brand?post=1336"},{"taxonomy":"product_cat","embeddable":true,"href":"https:\/\/design-ceramics.com\/pt\/wp-json\/wp\/v2\/product_cat?post=1336"},{"taxonomy":"product_tag","embeddable":true,"href":"https:\/\/design-ceramics.com\/pt\/wp-json\/wp\/v2\/product_tag?post=1336"}],"curies":[{"name":"wp","href":"https:\/\/api.w.org\/{rel}","templated":true}]}}