{"id":1335,"date":"2022-11-03T06:28:54","date_gmt":"2022-11-03T06:28:54","guid":{"rendered":"https:\/\/marblex.peacefulqode.com\/?post_type=product&#038;p=1335"},"modified":"2024-12-11T03:25:28","modified_gmt":"2024-12-11T03:25:28","slug":"2x2-full-body-tiles-low-price","status":"publish","type":"product","link":"https:\/\/design-ceramics.com\/pt\/2x2-full-body-tiles-low-price\/","title":{"rendered":"Ladrilhos de corpo inteiro da s\u00e9rie 2\u00d72 de baixo custo da Morera (CT131A-16)"},"content":{"rendered":"<p>Eleve o n\u00edvel da sua sala de estar com os nossos azulejos chineses de corpo inteiro (CT131A-16), de baixo custo. Esses azulejos de cer\u00e2mica s\u00e3o a fus\u00e3o perfeita de estilo e funcionalidade, projetados para melhorar o ambiente de sua casa. A incorpora\u00e7\u00e3o desses azulejos em sua decora\u00e7\u00e3o n\u00e3o s\u00f3 elevar\u00e1 o apelo visual, mas tamb\u00e9m trar\u00e1 um elemento de luxo inigual\u00e1vel.<\/p>\n<p>Fabricados com precis\u00e3o e qualidade em mente, esses ladrilhos oferecem durabilidade excepcional, garantindo que seu investimento dure por muitos anos. A textura suave e o acabamento vibrante criam uma apar\u00eancia perfeita que acrescenta um toque de sofistica\u00e7\u00e3o a qualquer c\u00f4modo. Sejam usados em paredes ou pisos, esses azulejos exalam eleg\u00e2ncia e charme.<\/p>\n<p>Transforme seu espa\u00e7o em um santu\u00e1rio com esses azulejos vers\u00e1teis que complementam v\u00e1rios estilos de design de interiores. Do moderno ao tradicional, esses azulejos de corpo inteiro s\u00e3o uma op\u00e7\u00e3o vers\u00e1til para qualquer projeto de melhoria da casa. Com requisitos de manuten\u00e7\u00e3o f\u00e1ceis, voc\u00ea pode aproveitar a beleza desses azulejos sem o inc\u00f4modo de uma manuten\u00e7\u00e3o extensa.<\/p>\n<p>Descubra a combina\u00e7\u00e3o perfeita de pre\u00e7o acess\u00edvel e luxo com nossos azulejos chineses de corpo inteiro. Fa\u00e7a uma declara\u00e7\u00e3o em sua casa com esses azulejos de cer\u00e2mica premium que oferecem estilo e subst\u00e2ncia. Atualize seu ambiente de vida e crie um espa\u00e7o que reflita seu gosto e estilo exclusivos.<\/p>","protected":false},"excerpt":{"rendered":"<ul>\n<li>Aprimore seu espa\u00e7o com sofistica\u00e7\u00e3o<\/li>\n<li>Materiais premium para maior durabilidade<\/li>\n<li>F\u00e1cil manuten\u00e7\u00e3o para maior comodidade<\/li>\n<li>Vers\u00e1til para paredes e pisos<\/li>\n<li>O melhor do luxo econ\u00f4mico<\/li>\n<\/ul>","protected":false},"featured_media":7067,"comment_status":"open","ping_status":"closed","template":"","meta":{"_acf_changed":false},"product-sp-name":[107],"product_brand":[],"product_cat":[68],"product_tag":[],"class_list":{"0":"post-1335","1":"product","2":"type-product","3":"status-publish","4":"has-post-thumbnail","6":"product-sp-name-budget-friendly-2x2-series-full-body-tiles-ct131a-16","7":"product_cat-200x200mm","9":"first","10":"instock","11":"shipping-taxable","12":"product-type-simple"},"acf":[],"_links":{"self":[{"href":"https:\/\/design-ceramics.com\/pt\/wp-json\/wp\/v2\/product\/1335","targetHints":{"allow":["GET"]}}],"collection":[{"href":"https:\/\/design-ceramics.com\/pt\/wp-json\/wp\/v2\/product"}],"about":[{"href":"https:\/\/design-ceramics.com\/pt\/wp-json\/wp\/v2\/types\/product"}],"replies":[{"embeddable":true,"href":"https:\/\/design-ceramics.com\/pt\/wp-json\/wp\/v2\/comments?post=1335"}],"version-history":[{"count":6,"href":"https:\/\/design-ceramics.com\/pt\/wp-json\/wp\/v2\/product\/1335\/revisions"}],"predecessor-version":[{"id":11319,"href":"https:\/\/design-ceramics.com\/pt\/wp-json\/wp\/v2\/product\/1335\/revisions\/11319"}],"wp:featuredmedia":[{"embeddable":true,"href":"https:\/\/design-ceramics.com\/pt\/wp-json\/wp\/v2\/media\/7067"}],"wp:attachment":[{"href":"https:\/\/design-ceramics.com\/pt\/wp-json\/wp\/v2\/media?parent=1335"}],"wp:term":[{"taxonomy":"product-sp-name","embeddable":true,"href":"https:\/\/design-ceramics.com\/pt\/wp-json\/wp\/v2\/product-sp-name?post=1335"},{"taxonomy":"product_brand","embeddable":true,"href":"https:\/\/design-ceramics.com\/pt\/wp-json\/wp\/v2\/product_brand?post=1335"},{"taxonomy":"product_cat","embeddable":true,"href":"https:\/\/design-ceramics.com\/pt\/wp-json\/wp\/v2\/product_cat?post=1335"},{"taxonomy":"product_tag","embeddable":true,"href":"https:\/\/design-ceramics.com\/pt\/wp-json\/wp\/v2\/product_tag?post=1335"}],"curies":[{"name":"wp","href":"https:\/\/api.w.org\/{rel}","templated":true}]}}