{"id":1327,"date":"2022-11-03T06:28:54","date_gmt":"2022-11-03T06:28:54","guid":{"rendered":"https:\/\/marblex.peacefulqode.com\/?post_type=product&#038;p=1327"},"modified":"2024-12-11T03:25:37","modified_gmt":"2024-12-11T03:25:37","slug":"outside-anti-skid-tiles-parking-ct676","status":"publish","type":"product","link":"https:\/\/design-ceramics.com\/pt\/outside-anti-skid-tiles-parking-ct676\/","title":{"rendered":"Morera Telhas externas antiderrapantes para estacionamento CT676"},"content":{"rendered":"","protected":false},"excerpt":{"rendered":"<p>Nossas lajotas CT676 para estacionamento que revitalizar\u00e3o seus espa\u00e7os externos. Esses ladrilhos de paver s\u00e3o uma atualiza\u00e7\u00e3o fora de moda para seus p\u00e1tios, passarelas e caminhos de jardim. Para estar entre a eleg\u00e2ncia ao seu redor. Nossa escada de ladrilhos de cer\u00e2mica CT676 de \u00faltima gera\u00e7\u00e3o foi projetada de forma inteligente para sua facilidade e seguran\u00e7a com seu recurso antiderrapante e antiderrapante. Melhor ainda, elas medem 300\u00d7300 mm, o que lhe d\u00e1 a liberdade de criar um padr\u00e3o de design com o m\u00ednimo de esfor\u00e7o de instala\u00e7\u00e3o. Quando se trata de uma entrada de garagem ou de um estacionamento de carros, nossos ladrilhos CT676 ser\u00e3o obtidos para essa finalidade. Esses ladrilhos dur\u00e1veis s\u00e3o um cavalo de batalha atraente, a melhor maneira de embelezar sua garagem. Capture seu g\u00eanio criativo interior com a flexibilidade dos azulejos CT676 em todos os lugares, desde as garagens at\u00e9 os espa\u00e7os externos. Converta seus espa\u00e7os usando esses revestimentos cer\u00e2micos de alta qualidade e desfrute do luxo.<\/p>","protected":false},"featured_media":7071,"comment_status":"open","ping_status":"closed","template":"","meta":{"_acf_changed":false},"product-sp-name":[108],"product_brand":[],"product_cat":[68],"product_tag":[],"class_list":{"0":"post-1327","1":"product","2":"type-product","3":"status-publish","4":"has-post-thumbnail","6":"product-sp-name-outside-anti-skid-tiles-parking-ct676","7":"product_cat-200x200mm","9":"first","10":"instock","11":"shipping-taxable","12":"product-type-simple"},"acf":[],"_links":{"self":[{"href":"https:\/\/design-ceramics.com\/pt\/wp-json\/wp\/v2\/product\/1327","targetHints":{"allow":["GET"]}}],"collection":[{"href":"https:\/\/design-ceramics.com\/pt\/wp-json\/wp\/v2\/product"}],"about":[{"href":"https:\/\/design-ceramics.com\/pt\/wp-json\/wp\/v2\/types\/product"}],"replies":[{"embeddable":true,"href":"https:\/\/design-ceramics.com\/pt\/wp-json\/wp\/v2\/comments?post=1327"}],"version-history":[{"count":3,"href":"https:\/\/design-ceramics.com\/pt\/wp-json\/wp\/v2\/product\/1327\/revisions"}],"predecessor-version":[{"id":11320,"href":"https:\/\/design-ceramics.com\/pt\/wp-json\/wp\/v2\/product\/1327\/revisions\/11320"}],"wp:featuredmedia":[{"embeddable":true,"href":"https:\/\/design-ceramics.com\/pt\/wp-json\/wp\/v2\/media\/7071"}],"wp:attachment":[{"href":"https:\/\/design-ceramics.com\/pt\/wp-json\/wp\/v2\/media?parent=1327"}],"wp:term":[{"taxonomy":"product-sp-name","embeddable":true,"href":"https:\/\/design-ceramics.com\/pt\/wp-json\/wp\/v2\/product-sp-name?post=1327"},{"taxonomy":"product_brand","embeddable":true,"href":"https:\/\/design-ceramics.com\/pt\/wp-json\/wp\/v2\/product_brand?post=1327"},{"taxonomy":"product_cat","embeddable":true,"href":"https:\/\/design-ceramics.com\/pt\/wp-json\/wp\/v2\/product_cat?post=1327"},{"taxonomy":"product_tag","embeddable":true,"href":"https:\/\/design-ceramics.com\/pt\/wp-json\/wp\/v2\/product_tag?post=1327"}],"curies":[{"name":"wp","href":"https:\/\/api.w.org\/{rel}","templated":true}]}}