{"id":1325,"date":"2022-11-03T06:28:53","date_gmt":"2022-11-03T06:28:53","guid":{"rendered":"https:\/\/marblex.peacefulqode.com\/?post_type=product&#038;p=1325"},"modified":"2024-12-08T02:19:46","modified_gmt":"2024-12-08T02:19:46","slug":"morera-ceramic-tiles-anti-skid-kitchen-tiles-ct51a-2","status":"publish","type":"product","link":"https:\/\/design-ceramics.com\/pt\/morera-ceramic-tiles-anti-skid-kitchen-tiles-ct51a-2\/","title":{"rendered":"Morera Ceramic Tiles Anti Skid Restanurant Kitchen Tiles CT51A-2"},"content":{"rendered":"<p>Transforme sua casa com o revestimento cer\u00e2mico CT51A-2 - uma obra-prima atemporal que trar\u00e1 uma nova atmosfera \u00e0 sua sala de estar. Embarque em uma jornada de transforma\u00e7\u00e3o com nossos revestimentos cer\u00e2micos premium que redefinem seu espa\u00e7o em um n\u00edvel totalmente novo de estilo com desempenho. Descubra o equil\u00edbrio definitivo entre estilo e fun\u00e7\u00e3o, habilmente adaptado para aumentar sua satisfa\u00e7\u00e3o como nunca antes. Belos conjuntos de revestimentos cer\u00e2micos que d\u00e3o um toque de gl\u00f3ria ao seu zen e o colocam no colo do luxo elegante.<\/p>","protected":false},"excerpt":{"rendered":"<p>Descri\u00e7\u00e3o D\u00ea um toque personalizado aos seus espa\u00e7os com a eleg\u00e2ncia e a sofistica\u00e7\u00e3o dos nossos revestimentos cer\u00e2micos CT51A-2. Esses azulejos s\u00e3o o produto perfeito para dar \u00e0 sua cozinha, aos pisos externos e \u00e0s \u00e1reas de conviv\u00eancia uma atualiza\u00e7\u00e3o s\u00f3lida, com corpos inteligentemente criados para a vida moderna. Saboreie o am\u00e1lgama de seguran\u00e7a e estilo, pois eles s\u00e3o antiderrapantes e n\u00e3o escorregadios, acrescentando gra\u00e7a a cada passo. Entre no mundo da opul\u00eancia com nossos elegantes azulejos para paredes residenciais. Saboreie os designs detalhados que n\u00e3o s\u00e3o apenas luxuosos, mas tamb\u00e9m apresentam durabilidade para durar em condi\u00e7\u00f5es internas e externas.<\/p>","protected":false},"featured_media":7059,"comment_status":"open","ping_status":"closed","template":"","meta":{"_acf_changed":false},"product-sp-name":[102],"product_brand":[],"product_cat":[68],"product_tag":[],"class_list":{"0":"post-1325","1":"product","2":"type-product","3":"status-publish","4":"has-post-thumbnail","6":"product-sp-name-morera-ceramic-tiles-anti-skid-kitchen-tiles-ct51a-2","7":"product_cat-200x200mm","9":"first","10":"instock","11":"shipping-taxable","12":"product-type-simple"},"acf":[],"_links":{"self":[{"href":"https:\/\/design-ceramics.com\/pt\/wp-json\/wp\/v2\/product\/1325","targetHints":{"allow":["GET"]}}],"collection":[{"href":"https:\/\/design-ceramics.com\/pt\/wp-json\/wp\/v2\/product"}],"about":[{"href":"https:\/\/design-ceramics.com\/pt\/wp-json\/wp\/v2\/types\/product"}],"replies":[{"embeddable":true,"href":"https:\/\/design-ceramics.com\/pt\/wp-json\/wp\/v2\/comments?post=1325"}],"version-history":[{"count":5,"href":"https:\/\/design-ceramics.com\/pt\/wp-json\/wp\/v2\/product\/1325\/revisions"}],"predecessor-version":[{"id":11261,"href":"https:\/\/design-ceramics.com\/pt\/wp-json\/wp\/v2\/product\/1325\/revisions\/11261"}],"wp:featuredmedia":[{"embeddable":true,"href":"https:\/\/design-ceramics.com\/pt\/wp-json\/wp\/v2\/media\/7059"}],"wp:attachment":[{"href":"https:\/\/design-ceramics.com\/pt\/wp-json\/wp\/v2\/media?parent=1325"}],"wp:term":[{"taxonomy":"product-sp-name","embeddable":true,"href":"https:\/\/design-ceramics.com\/pt\/wp-json\/wp\/v2\/product-sp-name?post=1325"},{"taxonomy":"product_brand","embeddable":true,"href":"https:\/\/design-ceramics.com\/pt\/wp-json\/wp\/v2\/product_brand?post=1325"},{"taxonomy":"product_cat","embeddable":true,"href":"https:\/\/design-ceramics.com\/pt\/wp-json\/wp\/v2\/product_cat?post=1325"},{"taxonomy":"product_tag","embeddable":true,"href":"https:\/\/design-ceramics.com\/pt\/wp-json\/wp\/v2\/product_tag?post=1325"}],"curies":[{"name":"wp","href":"https:\/\/api.w.org\/{rel}","templated":true}]}}