{"id":1323,"date":"2022-11-03T06:28:53","date_gmt":"2022-11-03T06:28:53","guid":{"rendered":"https:\/\/marblex.peacefulqode.com\/?post_type=product&#038;p=1323"},"modified":"2024-10-09T11:38:19","modified_gmt":"2024-10-09T11:38:19","slug":"factory-wholesale-anti-skid-tiles-for-bathroom-and-swimming-area","status":"publish","type":"product","link":"https:\/\/design-ceramics.com\/pt\/factory-wholesale-anti-skid-tiles-for-bathroom-and-swimming-area\/","title":{"rendered":"Azulejos antiderrapantes de 200*200 mm para banheiro ou \u00e1rea de nata\u00e7\u00e3o (AS1249B-153)"},"content":{"rendered":"<p>Apresentamos o azulejo antiderrapante de cer\u00e2mica AS1249B-153, perfeito para a sua casa, como o banheiro ou a \u00e1rea da piscina. Voc\u00ea pode dizer adeus ao piso escorregadio em todos os c\u00f4modos da sua casa com \u00f3timas propriedades antiderrapantes e antiderrapantes. Ideal para banheiros, cozinhas e \u00e1reas externas de piscinas.<\/p>\n<p>Esses pisos antiderrapantes s\u00e3o fabricados com cer\u00e2mica premium, o que os torna adequados para o uso di\u00e1rio, mas tamb\u00e9m atuam como um agente de ader\u00eancia que garante cal\u00e7ados mais seguros. N\u00e3o importa se voc\u00ea est\u00e1 saindo do chuveiro ou cozinhando, n\u00f3s nos lembramos de que ele \u00e9 antiderrapante para que voc\u00ea possa andar com confian\u00e7a em seus pisos de madeira e tamb\u00e9m transmitir esse conhecimento aos seus entes queridos!<\/p>\n<p>Melhore seu estilo de vida com nossos azulejos vitirificados art\u00edsticos e funcionais. Renove o piso do seu banheiro ou da sua cozinha com os nossos azulejos AS1249B-153 para um espa\u00e7o elegante e \u00e0 prova de derrapagem!<\/p>","protected":false},"excerpt":{"rendered":"<h3>Ladrilhos antiderrapantes Morera para banheiros e \u00e1reas de piscina:<\/h3>\n<p>Tamanho: 200 mm x 200 mm<br \/>\nTelhas por m2: 25<br \/>\nQuantidade de caixas: 25 (1m2)<br \/>\nVendido por caixa<br \/>\nUso: Piso e parede internos<br \/>\nAcabamento: Cetim<br \/>\nMaterial: cer\u00e2mica<br \/>\nBorda: Borda n\u00e3o retificada (borda almofadada)<br \/>\n\u00c1rea de entrega: Em todo o mundo, dependendo da taxa de envio.<\/p>","protected":false},"featured_media":7054,"comment_status":"open","ping_status":"closed","template":"","meta":{"_acf_changed":false},"product-sp-name":[83],"product_brand":[],"product_cat":[68],"product_tag":[],"class_list":{"0":"post-1323","1":"product","2":"type-product","3":"status-publish","4":"has-post-thumbnail","6":"product-sp-name-factory-wholesale-200200-mm-anti-skid-tiles-for-bathroomas1249b-153","7":"product_cat-200x200mm","9":"first","10":"instock","11":"featured","12":"shipping-taxable","13":"product-type-simple"},"acf":[],"_links":{"self":[{"href":"https:\/\/design-ceramics.com\/pt\/wp-json\/wp\/v2\/product\/1323","targetHints":{"allow":["GET"]}}],"collection":[{"href":"https:\/\/design-ceramics.com\/pt\/wp-json\/wp\/v2\/product"}],"about":[{"href":"https:\/\/design-ceramics.com\/pt\/wp-json\/wp\/v2\/types\/product"}],"replies":[{"embeddable":true,"href":"https:\/\/design-ceramics.com\/pt\/wp-json\/wp\/v2\/comments?post=1323"}],"version-history":[{"count":6,"href":"https:\/\/design-ceramics.com\/pt\/wp-json\/wp\/v2\/product\/1323\/revisions"}],"predecessor-version":[{"id":8918,"href":"https:\/\/design-ceramics.com\/pt\/wp-json\/wp\/v2\/product\/1323\/revisions\/8918"}],"wp:featuredmedia":[{"embeddable":true,"href":"https:\/\/design-ceramics.com\/pt\/wp-json\/wp\/v2\/media\/7054"}],"wp:attachment":[{"href":"https:\/\/design-ceramics.com\/pt\/wp-json\/wp\/v2\/media?parent=1323"}],"wp:term":[{"taxonomy":"product-sp-name","embeddable":true,"href":"https:\/\/design-ceramics.com\/pt\/wp-json\/wp\/v2\/product-sp-name?post=1323"},{"taxonomy":"product_brand","embeddable":true,"href":"https:\/\/design-ceramics.com\/pt\/wp-json\/wp\/v2\/product_brand?post=1323"},{"taxonomy":"product_cat","embeddable":true,"href":"https:\/\/design-ceramics.com\/pt\/wp-json\/wp\/v2\/product_cat?post=1323"},{"taxonomy":"product_tag","embeddable":true,"href":"https:\/\/design-ceramics.com\/pt\/wp-json\/wp\/v2\/product_tag?post=1323"}],"curies":[{"name":"wp","href":"https:\/\/api.w.org\/{rel}","templated":true}]}}