{"id":1319,"date":"2022-11-03T06:28:53","date_gmt":"2022-11-03T06:28:53","guid":{"rendered":"https:\/\/marblex.peacefulqode.com\/?post_type=product&#038;p=1319"},"modified":"2024-10-09T11:38:19","modified_gmt":"2024-10-09T11:38:19","slug":"morera-anti-skid-tiles-for-outdoor-ct823a","status":"publish","type":"product","link":"https:\/\/design-ceramics.com\/pt\/morera-anti-skid-tiles-for-outdoor-ct823a\/","title":{"rendered":"Ladrilhos antiderrapantes Morera para exteriores (CT823A)"},"content":{"rendered":"<p>Invista em nosso revestimento cer\u00e2mico, pois \u00e9 uma escolha inteligente que leva a seguran\u00e7a e a beleza de m\u00e3os dadas. Para todas as \u00e1reas internas e externas, garanta com as propriedades antiderrapantes que cada passo que voc\u00ea der, usando nossos revestimentos cer\u00e2micos, tenha a qualidade de pisos elegantes e duradouros. Descubra as vantagens dos nossos revestimentos cer\u00e2micos: inspire-se e melhore seu espa\u00e7o com um belo equil\u00edbrio entre prote\u00e7\u00e3o e charme.<\/p>","protected":false},"excerpt":{"rendered":"<p>D\u00ea um passo \u00e0 frente em sua casa com o nosso requintado azulejo de cer\u00e2mica Safe Grip, que pode ser usado em ambientes internos e externos. Al\u00e9m disso, a fun\u00e7\u00e3o antiderrapante integrada garante seguran\u00e7a m\u00e1xima e tra\u00e7\u00e3o s\u00f3lida, por isso foi recomendada para uma eleg\u00e2ncia segura em ambientes com alta exig\u00eancia de ader\u00eancia.<\/p>\n<p>Ladrilho cer\u00e2mico dur\u00e1vel Projete seu o\u00e1sis pessoal com um ladrilho cer\u00e2mico que combina est\u00e9tica moderna, desempenho l\u00edder do setor e beleza duradoura. O acabamento polido mant\u00e9m a resist\u00eancia ao escorregamento, evita escorreg\u00f5es e contribui para o ambiente do c\u00f4modo, proporcionando uma apar\u00eancia mais refinada<\/p>","protected":false},"featured_media":7072,"comment_status":"open","ping_status":"closed","template":"","meta":{"_acf_changed":false},"product-sp-name":[111],"product_brand":[],"product_cat":[68],"product_tag":[],"class_list":{"0":"post-1319","1":"product","2":"type-product","3":"status-publish","4":"has-post-thumbnail","6":"product-sp-name-morera-anti-skid-tiles-for-outdoor-ct823a","7":"product_cat-200x200mm","9":"first","10":"instock","11":"shipping-taxable","12":"product-type-simple"},"acf":[],"_links":{"self":[{"href":"https:\/\/design-ceramics.com\/pt\/wp-json\/wp\/v2\/product\/1319","targetHints":{"allow":["GET"]}}],"collection":[{"href":"https:\/\/design-ceramics.com\/pt\/wp-json\/wp\/v2\/product"}],"about":[{"href":"https:\/\/design-ceramics.com\/pt\/wp-json\/wp\/v2\/types\/product"}],"replies":[{"embeddable":true,"href":"https:\/\/design-ceramics.com\/pt\/wp-json\/wp\/v2\/comments?post=1319"}],"version-history":[{"count":6,"href":"https:\/\/design-ceramics.com\/pt\/wp-json\/wp\/v2\/product\/1319\/revisions"}],"predecessor-version":[{"id":8388,"href":"https:\/\/design-ceramics.com\/pt\/wp-json\/wp\/v2\/product\/1319\/revisions\/8388"}],"wp:featuredmedia":[{"embeddable":true,"href":"https:\/\/design-ceramics.com\/pt\/wp-json\/wp\/v2\/media\/7072"}],"wp:attachment":[{"href":"https:\/\/design-ceramics.com\/pt\/wp-json\/wp\/v2\/media?parent=1319"}],"wp:term":[{"taxonomy":"product-sp-name","embeddable":true,"href":"https:\/\/design-ceramics.com\/pt\/wp-json\/wp\/v2\/product-sp-name?post=1319"},{"taxonomy":"product_brand","embeddable":true,"href":"https:\/\/design-ceramics.com\/pt\/wp-json\/wp\/v2\/product_brand?post=1319"},{"taxonomy":"product_cat","embeddable":true,"href":"https:\/\/design-ceramics.com\/pt\/wp-json\/wp\/v2\/product_cat?post=1319"},{"taxonomy":"product_tag","embeddable":true,"href":"https:\/\/design-ceramics.com\/pt\/wp-json\/wp\/v2\/product_tag?post=1319"}],"curies":[{"name":"wp","href":"https:\/\/api.w.org\/{rel}","templated":true}]}}