{"id":1317,"date":"2022-11-03T06:28:53","date_gmt":"2022-11-03T06:28:53","guid":{"rendered":"https:\/\/marblex.peacefulqode.com\/?post_type=product&#038;p=1317"},"modified":"2024-10-09T11:38:19","modified_gmt":"2024-10-09T11:38:19","slug":"foshan-merora-anti-skid-tiles-for-stairs","status":"publish","type":"product","link":"https:\/\/design-ceramics.com\/pt\/foshan-merora-anti-skid-tiles-for-stairs\/","title":{"rendered":"Ladrilhos antiderrapantes para escadas CT1419B da Foshan Merora"},"content":{"rendered":"","protected":false},"excerpt":{"rendered":"<p>Mantenha a seguran\u00e7a e a confian\u00e7a com a nossa solu\u00e7\u00e3o antiderrapante de \u00faltima gera\u00e7\u00e3o. Esse produto incr\u00edvel \u00e9 feito para a regi\u00e3o do caminho dos p\u00e9s, como escadas e azulejos, para garantir que seu ambiente se conecte com seguran\u00e7a. O ladrilho oferece excelente resist\u00eancia ao deslizamento, garantindo que, quando aplicado, resulte em uma prote\u00e7\u00e3o incompar\u00e1vel contra quedas; a solu\u00e7\u00e3o mais inteligente para uma infinidade de aplica\u00e7\u00f5es em degraus, \u00e1reas de piso de ladrilhos etc.<\/p>\n<p>&nbsp;<\/p>","protected":false},"featured_media":7077,"comment_status":"open","ping_status":"closed","template":"","meta":{"_acf_changed":false},"product-sp-name":[112],"product_brand":[],"product_cat":[68],"product_tag":[],"class_list":{"0":"post-1317","1":"product","2":"type-product","3":"status-publish","4":"has-post-thumbnail","6":"product-sp-name-foshan-merora-anti-skid-tiles-for-stairs-ct1419b","7":"product_cat-200x200mm","9":"first","10":"instock","11":"shipping-taxable","12":"product-type-simple"},"acf":[],"_links":{"self":[{"href":"https:\/\/design-ceramics.com\/pt\/wp-json\/wp\/v2\/product\/1317","targetHints":{"allow":["GET"]}}],"collection":[{"href":"https:\/\/design-ceramics.com\/pt\/wp-json\/wp\/v2\/product"}],"about":[{"href":"https:\/\/design-ceramics.com\/pt\/wp-json\/wp\/v2\/types\/product"}],"replies":[{"embeddable":true,"href":"https:\/\/design-ceramics.com\/pt\/wp-json\/wp\/v2\/comments?post=1317"}],"version-history":[{"count":2,"href":"https:\/\/design-ceramics.com\/pt\/wp-json\/wp\/v2\/product\/1317\/revisions"}],"predecessor-version":[{"id":8389,"href":"https:\/\/design-ceramics.com\/pt\/wp-json\/wp\/v2\/product\/1317\/revisions\/8389"}],"wp:featuredmedia":[{"embeddable":true,"href":"https:\/\/design-ceramics.com\/pt\/wp-json\/wp\/v2\/media\/7077"}],"wp:attachment":[{"href":"https:\/\/design-ceramics.com\/pt\/wp-json\/wp\/v2\/media?parent=1317"}],"wp:term":[{"taxonomy":"product-sp-name","embeddable":true,"href":"https:\/\/design-ceramics.com\/pt\/wp-json\/wp\/v2\/product-sp-name?post=1317"},{"taxonomy":"product_brand","embeddable":true,"href":"https:\/\/design-ceramics.com\/pt\/wp-json\/wp\/v2\/product_brand?post=1317"},{"taxonomy":"product_cat","embeddable":true,"href":"https:\/\/design-ceramics.com\/pt\/wp-json\/wp\/v2\/product_cat?post=1317"},{"taxonomy":"product_tag","embeddable":true,"href":"https:\/\/design-ceramics.com\/pt\/wp-json\/wp\/v2\/product_tag?post=1317"}],"curies":[{"name":"wp","href":"https:\/\/api.w.org\/{rel}","templated":true}]}}