{"id":1316,"date":"2022-11-03T06:28:53","date_gmt":"2022-11-03T06:28:53","guid":{"rendered":"https:\/\/marblex.peacefulqode.com\/?post_type=product&#038;p=1316"},"modified":"2024-12-11T03:26:32","modified_gmt":"2024-12-11T03:26:32","slug":"affordable-porcelain-tile-ct112a","status":"publish","type":"product","link":"https:\/\/design-ceramics.com\/pt\/affordable-porcelain-tile-ct112a\/","title":{"rendered":"Porcelanato de cobertura total Morera Affordable CT112A"},"content":{"rendered":"<p>Atualize seus espa\u00e7os com o nosso porcelanato de cobertura total acess\u00edvel 2210M. Projetados para proporcionar durabilidade e estilo ideais, esses azulejos s\u00e3o a solu\u00e7\u00e3o perfeita para renovar qualquer \u00e1rea de sua casa ou escrit\u00f3rio.<\/p>\n<p>Nossos azulejos oferecem uma mistura harmoniosa de beleza e funcionalidade, garantindo um investimento duradouro que aprimorar\u00e1 o apelo est\u00e9tico de seus pisos e paredes. Quer esteja reformando o banheiro, a cozinha ou a sala de estar, esses azulejos vers\u00e1teis se encaixam perfeitamente, dando um toque de sofistica\u00e7\u00e3o a cada espa\u00e7o.<\/p>\n<p>&nbsp;<\/p>","protected":false},"excerpt":{"rendered":"<p>Experimente a facilidade de instala\u00e7\u00e3o e o acabamento de alta qualidade que esses porcelanatos proporcionam. Eleve seu design com solu\u00e7\u00f5es de piso que n\u00e3o apenas atendem \u00e0s suas necessidades, mas tamb\u00e9m superam suas expectativas.<\/p>\n<p>De pisos de garagem a aplica\u00e7\u00f5es em paredes, nossa linha de porcelanato de corpo inteiro \u00e9 a melhor escolha para quem busca uma combina\u00e7\u00e3o de eleg\u00e2ncia e praticidade. Aproveite o poder transformador de nossos revestimentos e crie um ambiente que reflita seu estilo e gosto.<\/p>\n<p>Fa\u00e7a a escolha inteligente hoje e d\u00ea aos seus espa\u00e7os a atualiza\u00e7\u00e3o que eles merecem. Confie em nossa porcelana de alta qualidade para obter um belo acabamento que resiste ao teste do tempo.<\/p>\n<ol>\n<li>Constru\u00e7\u00e3o dur\u00e1vel e elegante<\/li>\n<li>Aprimora a est\u00e9tica de qualquer \u00e1rea<\/li>\n<li>Escolha funcional e elegante<\/li>\n<li>Ideal para pisos e paredes<\/li>\n<li>Transforme seus espa\u00e7os com facilidade<\/li>\n<\/ol>","protected":false},"featured_media":7060,"comment_status":"open","ping_status":"closed","template":"","meta":{"_acf_changed":false},"product-sp-name":[113],"product_brand":[],"product_cat":[68],"product_tag":[],"class_list":{"0":"post-1316","1":"product","2":"type-product","3":"status-publish","4":"has-post-thumbnail","6":"product-sp-name-affordable-full-coverage-porcelain-tile-ct112a","7":"product_cat-200x200mm","9":"first","10":"instock","11":"shipping-taxable","12":"product-type-simple"},"acf":[],"_links":{"self":[{"href":"https:\/\/design-ceramics.com\/pt\/wp-json\/wp\/v2\/product\/1316","targetHints":{"allow":["GET"]}}],"collection":[{"href":"https:\/\/design-ceramics.com\/pt\/wp-json\/wp\/v2\/product"}],"about":[{"href":"https:\/\/design-ceramics.com\/pt\/wp-json\/wp\/v2\/types\/product"}],"replies":[{"embeddable":true,"href":"https:\/\/design-ceramics.com\/pt\/wp-json\/wp\/v2\/comments?post=1316"}],"version-history":[{"count":5,"href":"https:\/\/design-ceramics.com\/pt\/wp-json\/wp\/v2\/product\/1316\/revisions"}],"predecessor-version":[{"id":11323,"href":"https:\/\/design-ceramics.com\/pt\/wp-json\/wp\/v2\/product\/1316\/revisions\/11323"}],"wp:featuredmedia":[{"embeddable":true,"href":"https:\/\/design-ceramics.com\/pt\/wp-json\/wp\/v2\/media\/7060"}],"wp:attachment":[{"href":"https:\/\/design-ceramics.com\/pt\/wp-json\/wp\/v2\/media?parent=1316"}],"wp:term":[{"taxonomy":"product-sp-name","embeddable":true,"href":"https:\/\/design-ceramics.com\/pt\/wp-json\/wp\/v2\/product-sp-name?post=1316"},{"taxonomy":"product_brand","embeddable":true,"href":"https:\/\/design-ceramics.com\/pt\/wp-json\/wp\/v2\/product_brand?post=1316"},{"taxonomy":"product_cat","embeddable":true,"href":"https:\/\/design-ceramics.com\/pt\/wp-json\/wp\/v2\/product_cat?post=1316"},{"taxonomy":"product_tag","embeddable":true,"href":"https:\/\/design-ceramics.com\/pt\/wp-json\/wp\/v2\/product_tag?post=1316"}],"curies":[{"name":"wp","href":"https:\/\/api.w.org\/{rel}","templated":true}]}}