{"id":1315,"date":"2022-11-03T06:28:53","date_gmt":"2022-11-03T06:28:53","guid":{"rendered":"https:\/\/marblex.peacefulqode.com\/?post_type=product&#038;p=1315"},"modified":"2024-10-09T11:38:19","modified_gmt":"2024-10-09T11:38:19","slug":"outdoor-garage-floor-tiles-design-philippines-ct1342b-152","status":"publish","type":"product","link":"https:\/\/design-ceramics.com\/pt\/outdoor-garage-floor-tiles-design-philippines-ct1342b-152\/","title":{"rendered":"Philippines Merora Ladrilhos de piso para garagem externa Design CT1342B-152"},"content":{"rendered":"","protected":false},"excerpt":{"rendered":"<p>Para seus espa\u00e7os ao ar livre e de garagem, atualize para nossa linha de produtos de pisos para garagem ao ar livre que foram feitos para o mercado filipino. Nossos pisos de 30x30 cm s\u00e3o uma mistura de qualidade com todo o estilo, ao mesmo tempo em que oferecem uma op\u00e7\u00e3o de espa\u00e7o no ch\u00e3o e ao redor do seu quintal ou garagem. Esses pisos intertravados para garagem s\u00e3o ideais para qualquer projeto de design, trazendo um benef\u00edcio est\u00e9tico e a funcionalidade necess\u00e1ria em superf\u00edcies externas.<\/p>\n<p>Esse piso externo \u00e9 perfeito para sua garagem e quintal, sendo a escolha certa de todos, pois oferece o melhor recurso para satisfazer a alta qualidade sem manuten\u00e7\u00e3o. Encomende hoje mesmo nossos ladrilhos para pisos de garagem externos e d\u00ea ao seu espa\u00e7o a apar\u00eancia que ele merece.<\/p>","protected":false},"featured_media":7075,"comment_status":"open","ping_status":"closed","template":"","meta":{"_acf_changed":false},"product-sp-name":[101],"product_brand":[],"product_cat":[68],"product_tag":[],"class_list":{"0":"post-1315","1":"product","2":"type-product","3":"status-publish","4":"has-post-thumbnail","6":"product-sp-name-philippines-merora-outdoor-garage-floor-tiles-design-ct1342b-152","7":"product_cat-200x200mm","9":"first","10":"instock","11":"shipping-taxable","12":"product-type-simple"},"acf":[],"_links":{"self":[{"href":"https:\/\/design-ceramics.com\/pt\/wp-json\/wp\/v2\/product\/1315","targetHints":{"allow":["GET"]}}],"collection":[{"href":"https:\/\/design-ceramics.com\/pt\/wp-json\/wp\/v2\/product"}],"about":[{"href":"https:\/\/design-ceramics.com\/pt\/wp-json\/wp\/v2\/types\/product"}],"replies":[{"embeddable":true,"href":"https:\/\/design-ceramics.com\/pt\/wp-json\/wp\/v2\/comments?post=1315"}],"version-history":[{"count":5,"href":"https:\/\/design-ceramics.com\/pt\/wp-json\/wp\/v2\/product\/1315\/revisions"}],"predecessor-version":[{"id":8887,"href":"https:\/\/design-ceramics.com\/pt\/wp-json\/wp\/v2\/product\/1315\/revisions\/8887"}],"wp:featuredmedia":[{"embeddable":true,"href":"https:\/\/design-ceramics.com\/pt\/wp-json\/wp\/v2\/media\/7075"}],"wp:attachment":[{"href":"https:\/\/design-ceramics.com\/pt\/wp-json\/wp\/v2\/media?parent=1315"}],"wp:term":[{"taxonomy":"product-sp-name","embeddable":true,"href":"https:\/\/design-ceramics.com\/pt\/wp-json\/wp\/v2\/product-sp-name?post=1315"},{"taxonomy":"product_brand","embeddable":true,"href":"https:\/\/design-ceramics.com\/pt\/wp-json\/wp\/v2\/product_brand?post=1315"},{"taxonomy":"product_cat","embeddable":true,"href":"https:\/\/design-ceramics.com\/pt\/wp-json\/wp\/v2\/product_cat?post=1315"},{"taxonomy":"product_tag","embeddable":true,"href":"https:\/\/design-ceramics.com\/pt\/wp-json\/wp\/v2\/product_tag?post=1315"}],"curies":[{"name":"wp","href":"https:\/\/api.w.org\/{rel}","templated":true}]}}