{"id":1314,"date":"2022-11-03T06:28:52","date_gmt":"2022-11-03T06:28:52","guid":{"rendered":"https:\/\/marblex.peacefulqode.com\/?post_type=product&#038;p=1314"},"modified":"2024-12-12T12:01:33","modified_gmt":"2024-12-12T12:01:33","slug":"2024-outdoor-porcelain-floor-tile-200x200-mm","status":"publish","type":"product","link":"https:\/\/design-ceramics.com\/pt\/2024-outdoor-porcelain-floor-tile-200x200-mm\/","title":{"rendered":"2024 Ladrilho de porcelana para uso externo 200\u00d7200 mm Ladrilho de pedra quadrado antiderrapante (CT1116D)"},"content":{"rendered":"<p data-pm-slice=\"1 1 []\">Nossos revestimentos cer\u00e2micos antiderrapantes CT1116D s\u00e3o perfeitamente sintetizados para uso interno e externo. Um produto de ladrilhos de cer\u00e2mica seria perfeito para um jardim, um ambiente externo ou praticamente qualquer projeto de piso de alto tr\u00e1fego. Os ladrilhos CT1116D s\u00e3o de cer\u00e2mica completa sem deslizamento, com durabilidade, estilo e funcionalidade. Essa linha de Paver Tiles vem com uma variedade de cores que d\u00e3o vida a qualquer espa\u00e7o ao qual s\u00e3o adicionados, transformando-o em uma declara\u00e7\u00e3o de estilo. O pre\u00e7o acess\u00edvel ao nosso alcance faz delas a melhor op\u00e7\u00e3o. Melhore suas \u00e1reas externas com pisos que n\u00e3o s\u00e3o apenas design, mas tamb\u00e9m funcionais. Projete sua \u00e1rea externa com os ladrilhos CT1116D que podem ser aplicados em v\u00e1rias aplica\u00e7\u00f5es, como p\u00e1tios, caminhos e muito mais em um ambiente externo.<\/p>\n<p>&nbsp;<\/p>","protected":false},"excerpt":{"rendered":"<p>Aplica\u00e7\u00f5es: Pra\u00e7a, pra\u00e7a, corredor, hall de entrada, varanda<br \/>\nEstilo de design: Moderno<br \/>\nFun\u00e7\u00f5es: Resistente a \u00e1cidos, antibacteriano, isolante t\u00e9rmico, antiderrapante, tijolo refrat\u00e1rio, resistente ao desgaste<br \/>\nTratamento de superf\u00edcie: Fosco<\/p>","protected":false},"featured_media":7073,"comment_status":"open","ping_status":"closed","template":"","meta":{"_acf_changed":false},"product-sp-name":[86],"product_brand":[],"product_cat":[68],"product_tag":[],"class_list":{"0":"post-1314","1":"product","2":"type-product","3":"status-publish","4":"has-post-thumbnail","6":"product-sp-name-2024-outdoor-porcelain-floor-tile-200x200-mm-anti-slip-square-stone-tiles-ct1116d","7":"product_cat-200x200mm","9":"first","10":"instock","11":"featured","12":"shipping-taxable","13":"product-type-simple"},"acf":[],"_links":{"self":[{"href":"https:\/\/design-ceramics.com\/pt\/wp-json\/wp\/v2\/product\/1314","targetHints":{"allow":["GET"]}}],"collection":[{"href":"https:\/\/design-ceramics.com\/pt\/wp-json\/wp\/v2\/product"}],"about":[{"href":"https:\/\/design-ceramics.com\/pt\/wp-json\/wp\/v2\/types\/product"}],"replies":[{"embeddable":true,"href":"https:\/\/design-ceramics.com\/pt\/wp-json\/wp\/v2\/comments?post=1314"}],"version-history":[{"count":5,"href":"https:\/\/design-ceramics.com\/pt\/wp-json\/wp\/v2\/product\/1314\/revisions"}],"predecessor-version":[{"id":11325,"href":"https:\/\/design-ceramics.com\/pt\/wp-json\/wp\/v2\/product\/1314\/revisions\/11325"}],"wp:featuredmedia":[{"embeddable":true,"href":"https:\/\/design-ceramics.com\/pt\/wp-json\/wp\/v2\/media\/7073"}],"wp:attachment":[{"href":"https:\/\/design-ceramics.com\/pt\/wp-json\/wp\/v2\/media?parent=1314"}],"wp:term":[{"taxonomy":"product-sp-name","embeddable":true,"href":"https:\/\/design-ceramics.com\/pt\/wp-json\/wp\/v2\/product-sp-name?post=1314"},{"taxonomy":"product_brand","embeddable":true,"href":"https:\/\/design-ceramics.com\/pt\/wp-json\/wp\/v2\/product_brand?post=1314"},{"taxonomy":"product_cat","embeddable":true,"href":"https:\/\/design-ceramics.com\/pt\/wp-json\/wp\/v2\/product_cat?post=1314"},{"taxonomy":"product_tag","embeddable":true,"href":"https:\/\/design-ceramics.com\/pt\/wp-json\/wp\/v2\/product_tag?post=1314"}],"curies":[{"name":"wp","href":"https:\/\/api.w.org\/{rel}","templated":true}]}}