{"id":11900,"date":"2025-02-21T07:11:41","date_gmt":"2025-02-21T07:11:41","guid":{"rendered":"https:\/\/design-ceramics.com\/?post_type=product&#038;p=11900"},"modified":"2025-08-30T01:27:15","modified_gmt":"2025-08-30T01:27:15","slug":"morera-ceramics-300x300-slip-resistant-flooring-tiles","status":"publish","type":"product","link":"https:\/\/design-ceramics.com\/pt\/morera-ceramics-300x300-slip-resistant-flooring-tiles\/","title":{"rendered":"Morera Ceramics 300X300 Ladrilhos para pisos antiderrapantes (DT2000)"},"content":{"rendered":"","protected":false},"excerpt":{"rendered":"<p><span data-slate-fragment=\"JTVCJTdCJTIydHlwZSUyMiUzQSUyMnAlMjIlMkMlMjJjaGlsZHJlbiUyMiUzQSU1QiU3QiUyMnRleHQlMjIlM0ElMjJNb3JlcmElMjAzMDBYMzAwJTIwU2xpcCUyMFJlc2lzdGFudCUyMHRpbGVzJTIwYXJlJTIwdGhlJTIwcGVyZmVjdCUyMGFkZGl0aW9uJTIwdG8lMjBhbnklMjBzcGFjZSUyMHRoYXQlMjBwcmlvcml0aXplcyUyMHByb3RlY3Rpb24lMjB3aXRob3V0JTIwY29tcHJvbWlzaW5nJTIwb24lMjBkZXNpZ24uJTIwQXMlMjBzbGlwcyUyMGFuZCUyMGZhbGxzJTIwYXJlJTIwYSUyMGNvbW1vbiUyMHByb2JsZW0lMkMlMjB0aGVzZSUyMHRpbGVzJTIwb2ZmZXIlMjBhJTIwc2FmdGV5JTIwc29sdXRpb24lMjB0byUyMGVuaGFuY2UlMjBzYWZldHklMjBpbiUyMGJvdGglMjByZXNpZGVudGlhbCUyMGFuZCUyMGNvbW1lcmNpYWwlMjBlbnZpcm9ubWVudHMuJTIyJTdEJTVEJTJDJTIyaWQlMjIlM0ElMjJ0aHZuMSUyMiU3RCU1RA==\">Os pisos Morera 300X300 Slip Resistant s\u00e3o o complemento perfeito para qualquer espa\u00e7o que priorize a prote\u00e7\u00e3o sem comprometer o design. Como os escorreg\u00f5es e as quedas s\u00e3o um problema comum, esses ladrilhos oferecem uma solu\u00e7\u00e3o segura para aumentar a seguran\u00e7a em ambientes residenciais e comerciais.<\/span><\/p>","protected":false},"featured_media":7152,"comment_status":"open","ping_status":"closed","template":"","meta":{"_acf_changed":false},"product-sp-name":[],"product_brand":[],"product_cat":[175],"product_tag":[],"class_list":{"0":"post-11900","1":"product","2":"type-product","3":"status-publish","4":"has-post-thumbnail","6":"product_cat-high-slip-resistance-tiles","8":"first","9":"instock","10":"shipping-taxable","11":"product-type-simple"},"acf":[],"_links":{"self":[{"href":"https:\/\/design-ceramics.com\/pt\/wp-json\/wp\/v2\/product\/11900","targetHints":{"allow":["GET"]}}],"collection":[{"href":"https:\/\/design-ceramics.com\/pt\/wp-json\/wp\/v2\/product"}],"about":[{"href":"https:\/\/design-ceramics.com\/pt\/wp-json\/wp\/v2\/types\/product"}],"replies":[{"embeddable":true,"href":"https:\/\/design-ceramics.com\/pt\/wp-json\/wp\/v2\/comments?post=11900"}],"version-history":[{"count":2,"href":"https:\/\/design-ceramics.com\/pt\/wp-json\/wp\/v2\/product\/11900\/revisions"}],"predecessor-version":[{"id":11902,"href":"https:\/\/design-ceramics.com\/pt\/wp-json\/wp\/v2\/product\/11900\/revisions\/11902"}],"wp:featuredmedia":[{"embeddable":true,"href":"https:\/\/design-ceramics.com\/pt\/wp-json\/wp\/v2\/media\/7152"}],"wp:attachment":[{"href":"https:\/\/design-ceramics.com\/pt\/wp-json\/wp\/v2\/media?parent=11900"}],"wp:term":[{"taxonomy":"product-sp-name","embeddable":true,"href":"https:\/\/design-ceramics.com\/pt\/wp-json\/wp\/v2\/product-sp-name?post=11900"},{"taxonomy":"product_brand","embeddable":true,"href":"https:\/\/design-ceramics.com\/pt\/wp-json\/wp\/v2\/product_brand?post=11900"},{"taxonomy":"product_cat","embeddable":true,"href":"https:\/\/design-ceramics.com\/pt\/wp-json\/wp\/v2\/product_cat?post=11900"},{"taxonomy":"product_tag","embeddable":true,"href":"https:\/\/design-ceramics.com\/pt\/wp-json\/wp\/v2\/product_tag?post=11900"}],"curies":[{"name":"wp","href":"https:\/\/api.w.org\/{rel}","templated":true}]}}