{"id":11888,"date":"2025-02-18T01:44:02","date_gmt":"2025-02-18T01:44:02","guid":{"rendered":"https:\/\/design-ceramics.com\/?post_type=product&#038;p=11888"},"modified":"2025-02-18T01:44:27","modified_gmt":"2025-02-18T01:44:27","slug":"morera-slip-resistant-bathroom-floor-tilestd3000","status":"publish","type":"product","link":"https:\/\/design-ceramics.com\/pt\/morera-slip-resistant-bathroom-floor-tilestd3000\/","title":{"rendered":"Ladrilhos antiderrapantes para banheiros Morera (TD3000)"},"content":{"rendered":"","protected":false},"excerpt":{"rendered":"<div class=\"slate-p relative m-0 px-0 pb-4 pt-1 text-lg leading-7\" data-slate-node=\"element\" data-block-id=\"ncaqg\">\n<div class=\"flex w-full flex-col\">\n<div class=\"flex w-full\">\n<div class=\"w-full\"><span data-slate-node=\"text\"><span class=\"bg-green-200 selection:bg-green-200\" data-slate-leaf=\"true\">Os revestimentos cer\u00e2micos antiderrapantes da Morera para pisos de banheiros, como as op\u00e7\u00f5es com classifica\u00e7\u00e3o r9, r10, r11, r12 e r13, foram projetados para oferecer design e seguran\u00e7a para diferentes \u00e1reas comerciais. Esses revestimentos cer\u00e2micos foram projetados com uma textura de superf\u00edcie especializada que minimiza o risco de escorreg\u00f5es e quedas, fornecendo uma camada essencial de seguran\u00e7a em \u00e1reas de alto tr\u00e1fego.<\/span><\/span><\/div>\n<\/div>\n<\/div>\n<\/div>\n<div class=\"flex w-full flex-col\" data-slate-fragment=\"JTVCJTdCJTIydHlwZSUyMiUzQSUyMnAlMjIlMkMlMjJjaGlsZHJlbiUyMiUzQSU1QiU3QiUyMnRleHQlMjIlM0ElMjJNb3JlcmElMjBDZXJhbWljJTIwU2xpcC1yZXNpc3RhbnQlMjB0aWxlcyUyMGZvciUyMGJhdGhyb29tJTIwZmxvb3JzJTJDJTIwc3VjaCUyMGFzJTIwdGhlJTIwcjklMkNyMTAlMkNyMTElMkNyMTIlMjByMTMlMjByYXRlZCUyMG9wdGlvbnMlMkMlMjBkZXNpZ25lZCUyMHRvJTIwb2ZmZXIlMjBib3RoJTIwZGVzaWduJTIwYW5kJTIwc2FmdGV5JTIwZm9yJTIwZGlmZmVyZW50JTIwY29tbWVyaWNhbCUyMGFyZWEuVGhlc2UlMjBjZXJhbWljcyUyMHRpbGVzJTIwYXJlJTIwZGVzaWduZWQlMjB3aXRoJTIwYSUyMHNwZWNpYWxpemVkJTIwc3VyZmFjZSUyMHRleHR1cmUlMjB0aGF0JTIwbWluaW1pemVzJTIwdGhlJTIwcmlzayUyMG9mJTIwc2xpcHMlMjBhbmQlMjBmYWxscyUyQyUyMHByb3ZpZGluZyUyMGFuJTIwZXNzZW50aWFsJTIwbGF5ZXIlMjBvZiUyMHNlY3VyaXR5JTIwaW4lMjBoaWdoJTIwdHJhZmZpYyUyMGFyZWEuJTIyJTdEJTVEJTJDJTIyaWQlMjIlM0ElMjJuY2FxZyUyMiU3RCUyQyU3QiUyMnR5cGUlMjIlM0ElMjJ1bCUyMiUyQyUyMmNoaWxkcmVuJTIyJTNBJTVCJTdCJTIydHlwZSUyMiUzQSUyMmxpJTIyJTJDJTIyY2hpbGRyZW4lMjIlM0ElNUIlN0IlMjJ0eXBlJTIyJTNBJTIybGljJTIyJTJDJTIyY2hpbGRyZW4lMjIlM0ElNUIlN0IlMjJ0ZXh0JTIyJTNBJTIyRWZmb3J0bGVzcyUyMGVsZWdhbmNlJTIwYW5kJTIwZnVuY3Rpb25hbGl0eS4lMjIlN0QlNUQlMkMlMjJpZCUyMiUzQSUyMmNseTlrJTIyJTdEJTVEJTJDJTIyaWQlMjIlM0ElMjJ4YzJtZyUyMiU3RCUyQyU3QiUyMnR5cGUlMjIlM0ElMjJsaSUyMiUyQyUyMmNoaWxkcmVuJTIyJTNBJTVCJTdCJTIydHlwZSUyMiUzQSUyMmxpYyUyMiUyQyUyMmNoaWxkcmVuJTIyJTNBJTVCJTdCJTIydGV4dCUyMiUzQSUyMlN1cGVyaW9yJTIwZ3JpcCUyMGluJTIwd2V0JTIwY29uZGl0aW9ucy4lMjIlN0QlNUQlMkMlMjJpZCUyMiUzQSUyMnJuY3NmJTIyJTdEJTVEJTJDJTIyaWQlMjIlM0ElMjI5Yzh4eiUyMiU3RCUyQyU3QiUyMnR5cGUlMjIlM0ElMjJsaSUyMiUyQyUyMmNoaWxkcmVuJTIyJTNBJTVCJTdCJTIydHlwZSUyMiUzQSUyMmxpYyUyMiUyQyUyMmNoaWxkcmVuJTIyJTNBJTVCJTdCJTIydGV4dCUyMiUzQSUyMkV4dGVuc2l2ZSUyMHZhcmlldHklMjBvZiUyMHN0eWxlcy4lMjIlN0QlNUQlMkMlMjJpZCUyMiUzQSUyMmwwN2FrJTIyJTdEJTVEJTJDJTIyaWQlMjIlM0ElMjI5c2hrciUyMiU3RCUyQyU3QiUyMnR5cGUlMjIlM0ElMjJsaSUyMiUyQyUyMmNoaWxkcmVuJTIyJTNBJTVCJTdCJTIydHlwZSUyMiUzQSUyMmxpYyUyMiUyQyUyMmNoaWxkcmVuJTIyJTNBJTVCJTdCJTIydGV4dCUyMiUzQSUyMkRlc2lnbmVkJTIwZm9yJTIwbG9uZ2V2aXR5JTIwYW5kJTIwZW5kdXJhbmNlLiUyMiU3RCU1RCUyQyUyMmlkJTIyJTNBJTIyMThlb2glMjIlN0QlNUQlMkMlMjJpZCUyMiUzQSUyMjAyc281JTIyJTdEJTJDJTdCJTIydHlwZSUyMiUzQSUyMmxpJTIyJTJDJTIyY2hpbGRyZW4lMjIlM0ElNUIlN0IlMjJ0eXBlJTIyJTNBJTIybGljJTIyJTJDJTIyY2hpbGRyZW4lMjIlM0ElNUIlN0IlMjJ0ZXh0JTIyJTNBJTIySWRlYWwlMjBmb3IlMjBmYW1pbGllcyUyMGFuZCUyMGluZGl2aWR1YWxzLiUyMiU3RCU1RCUyQyUyMmlkJTIyJTNBJTIyczhiaXElMjIlN0QlNUQlMkMlMjJpZCUyMiUzQSUyMjNuYWU1JTIyJTdEJTVEJTJDJTIyaWQlMjIlM0ElMjJwMnMzMyUyMiU3RCU1RA==\">\n<div class=\"flex w-full\">\n<div class=\"invisible w-5 select-none self-center\" tabindex=\"-1\" role=\"button\" contenteditable=\"false\" aria-disabled=\"false\" aria-roledescription=\"sortable\" aria-describedby=\"DndDescribedBy-0\"><\/div>\n<div class=\"w-full\">\n<ul class=\"m-0 ps-6 list-disc [&amp;_ul]:list-[circle] [&amp;_ul_ul]:list-[square] text-lg mb-4 mt-2 slate-ul\" data-slate-node=\"element\" data-block-id=\"p2s33\">\n<li class=\"py-1 leading-7\" data-slate-node=\"element\" data-block-id=\"xc2mg\">\n<div data-slate-node=\"element\"><span data-slate-node=\"text\"><span class=\"bg-green-200 selection:bg-green-200\" data-slate-leaf=\"true\">Eleg\u00e2ncia e funcionalidade sem esfor\u00e7o.<\/span><\/span><\/div>\n<\/li>\n<li class=\"py-1 leading-7\" data-slate-node=\"element\" data-block-id=\"9c8xz\">\n<div data-slate-node=\"element\"><span data-slate-node=\"text\"><span class=\"bg-green-200 selection:bg-green-200\" data-slate-leaf=\"true\">Ader\u00eancia superior em condi\u00e7\u00f5es \u00famidas.<\/span><\/span><\/div>\n<\/li>\n<li class=\"py-1 leading-7\" data-slate-node=\"element\" data-block-id=\"9shkr\">\n<div data-slate-node=\"element\"><span data-slate-node=\"text\"><span class=\"bg-green-200 selection:bg-green-200\" data-slate-leaf=\"true\">Ampla variedade de estilos.<\/span><\/span><\/div>\n<\/li>\n<li class=\"py-1 leading-7\" data-slate-node=\"element\" data-block-id=\"02so5\">\n<div data-slate-node=\"element\"><span data-slate-node=\"text\"><span class=\"bg-green-200 selection:bg-green-200\" data-slate-leaf=\"true\">Projetado para ter longevidade e resist\u00eancia.<\/span><\/span><\/div>\n<\/li>\n<li class=\"py-1 leading-7\" data-slate-node=\"element\" data-block-id=\"3nae5\">\n<div data-slate-node=\"element\"><span data-slate-node=\"text\"><span class=\"bg-green-200 selection:bg-green-200\" data-slate-leaf=\"true\">Ideal para fam\u00edlias e indiv\u00edduos.<\/span><\/span><\/div>\n<\/li>\n<\/ul>\n<\/div>\n<\/div>\n<\/div>","protected":false},"featured_media":7144,"comment_status":"open","ping_status":"closed","template":"","meta":{"_acf_changed":false},"product-sp-name":[],"product_brand":[],"product_cat":[175],"product_tag":[],"class_list":{"0":"post-11888","1":"product","2":"type-product","3":"status-publish","4":"has-post-thumbnail","6":"product_cat-high-slip-resistance-tiles","8":"first","9":"instock","10":"shipping-taxable","11":"product-type-simple"},"acf":[],"_links":{"self":[{"href":"https:\/\/design-ceramics.com\/pt\/wp-json\/wp\/v2\/product\/11888","targetHints":{"allow":["GET"]}}],"collection":[{"href":"https:\/\/design-ceramics.com\/pt\/wp-json\/wp\/v2\/product"}],"about":[{"href":"https:\/\/design-ceramics.com\/pt\/wp-json\/wp\/v2\/types\/product"}],"replies":[{"embeddable":true,"href":"https:\/\/design-ceramics.com\/pt\/wp-json\/wp\/v2\/comments?post=11888"}],"version-history":[{"count":3,"href":"https:\/\/design-ceramics.com\/pt\/wp-json\/wp\/v2\/product\/11888\/revisions"}],"predecessor-version":[{"id":11891,"href":"https:\/\/design-ceramics.com\/pt\/wp-json\/wp\/v2\/product\/11888\/revisions\/11891"}],"wp:featuredmedia":[{"embeddable":true,"href":"https:\/\/design-ceramics.com\/pt\/wp-json\/wp\/v2\/media\/7144"}],"wp:attachment":[{"href":"https:\/\/design-ceramics.com\/pt\/wp-json\/wp\/v2\/media?parent=11888"}],"wp:term":[{"taxonomy":"product-sp-name","embeddable":true,"href":"https:\/\/design-ceramics.com\/pt\/wp-json\/wp\/v2\/product-sp-name?post=11888"},{"taxonomy":"product_brand","embeddable":true,"href":"https:\/\/design-ceramics.com\/pt\/wp-json\/wp\/v2\/product_brand?post=11888"},{"taxonomy":"product_cat","embeddable":true,"href":"https:\/\/design-ceramics.com\/pt\/wp-json\/wp\/v2\/product_cat?post=11888"},{"taxonomy":"product_tag","embeddable":true,"href":"https:\/\/design-ceramics.com\/pt\/wp-json\/wp\/v2\/product_tag?post=11888"}],"curies":[{"name":"wp","href":"https:\/\/api.w.org\/{rel}","templated":true}]}}