{"id":11876,"date":"2025-02-17T02:32:25","date_gmt":"2025-02-17T02:32:25","guid":{"rendered":"https:\/\/design-ceramics.com\/?post_type=product&#038;p=11876"},"modified":"2025-08-30T01:27:14","modified_gmt":"2025-08-30T01:27:14","slug":"morera-ceramic-slip-resistant-non-slip-bathroom-floor-tiles","status":"publish","type":"product","link":"https:\/\/design-ceramics.com\/pt\/morera-ceramic-slip-resistant-non-slip-bathroom-floor-tiles\/","title":{"rendered":"Morera Ceramic Slip Resistant Non Slip Bathroom Floor Tiles (CTM2001)"},"content":{"rendered":"","protected":false},"excerpt":{"rendered":"<p><span data-slate-fragment=\"JTVCJTdCJTIydHlwZSUyMiUzQSUyMnAlMjIlMkMlMjJjaGlsZHJlbiUyMiUzQSU1QiU3QiUyMnRleHQlMjIlM0ElMjJJbnRyb2R1Y2luZyUyMCUyMG91ciUyMGNlcmFtaWMlMjBzbGlwJTIwcmVzaXN0YW50JTIwYmF0aHJvb20lMjB0aWxlcyhDVE0yMDAxKSUzQSUyMHNsaXAlMjByZXNpc3RhbnQlMjBub24lMjBzbGlwJTIwYmF0aHJvb20lMjBmbG9vciUyMHRpbGVzJTIwZGVzaWduZWQlMjB0byUyMHByb3ZpZGUlMjB5b3UlMjB3aXRoJTIwcGVhY2UlMjBvZiUyMG1pbmQlMjB3aXRob3V0JTIwY29tcHJvbWlzaW5nJTIwb24lMjBzdHlsZS4lMjBFeHBlcmllbmNlJTIwdGhlJTIwcGVyZmVjdCUyMGJsZW5kJTIwb2YlMjBmdW5jdGlvbmFsaXR5JTIwYW5kJTIwYWVzdGhldGljcyUyMHdpdGglMjB0aGVzZSUyMGlubm92YXRpdmUlMjB0aWxlcyUyQyUyMGNyYWZ0ZWQlMjB0byUyMGVuaGFuY2UlMjB0aGUlMjBvdmVyYWxsJTIwc2FmZXR5JTIwYW5kJTIwYmVhdXR5JTIwb2YlMjBhbnklMjBiYXRocm9vbSUyMHNwYWNlLiUyMiU3RCU1RCUyQyUyMmlkJTIyJTNBJTIyZjgzZTQlMjIlN0QlNUQ=\">Apresentamos nossos azulejos cer\u00e2micos antiderrapantes para banheiro (CTM2001): azulejos antiderrapantes para banheiro, projetados para proporcionar tranquilidade sem comprometer o estilo. Experimente a combina\u00e7\u00e3o perfeita de funcionalidade e est\u00e9tica com esses azulejos inovadores, criados para aumentar a seguran\u00e7a geral e a beleza de qualquer espa\u00e7o de banheiro.<\/span><\/p>","protected":false},"featured_media":7150,"comment_status":"open","ping_status":"closed","template":"","meta":{"_acf_changed":false},"product-sp-name":[],"product_brand":[],"product_cat":[175],"product_tag":[],"class_list":{"0":"post-11876","1":"product","2":"type-product","3":"status-publish","4":"has-post-thumbnail","6":"product_cat-high-slip-resistance-tiles","8":"first","9":"instock","10":"shipping-taxable","11":"product-type-simple"},"acf":[],"_links":{"self":[{"href":"https:\/\/design-ceramics.com\/pt\/wp-json\/wp\/v2\/product\/11876","targetHints":{"allow":["GET"]}}],"collection":[{"href":"https:\/\/design-ceramics.com\/pt\/wp-json\/wp\/v2\/product"}],"about":[{"href":"https:\/\/design-ceramics.com\/pt\/wp-json\/wp\/v2\/types\/product"}],"replies":[{"embeddable":true,"href":"https:\/\/design-ceramics.com\/pt\/wp-json\/wp\/v2\/comments?post=11876"}],"version-history":[{"count":2,"href":"https:\/\/design-ceramics.com\/pt\/wp-json\/wp\/v2\/product\/11876\/revisions"}],"predecessor-version":[{"id":11878,"href":"https:\/\/design-ceramics.com\/pt\/wp-json\/wp\/v2\/product\/11876\/revisions\/11878"}],"wp:featuredmedia":[{"embeddable":true,"href":"https:\/\/design-ceramics.com\/pt\/wp-json\/wp\/v2\/media\/7150"}],"wp:attachment":[{"href":"https:\/\/design-ceramics.com\/pt\/wp-json\/wp\/v2\/media?parent=11876"}],"wp:term":[{"taxonomy":"product-sp-name","embeddable":true,"href":"https:\/\/design-ceramics.com\/pt\/wp-json\/wp\/v2\/product-sp-name?post=11876"},{"taxonomy":"product_brand","embeddable":true,"href":"https:\/\/design-ceramics.com\/pt\/wp-json\/wp\/v2\/product_brand?post=11876"},{"taxonomy":"product_cat","embeddable":true,"href":"https:\/\/design-ceramics.com\/pt\/wp-json\/wp\/v2\/product_cat?post=11876"},{"taxonomy":"product_tag","embeddable":true,"href":"https:\/\/design-ceramics.com\/pt\/wp-json\/wp\/v2\/product_tag?post=11876"}],"curies":[{"name":"wp","href":"https:\/\/api.w.org\/{rel}","templated":true}]}}