{"id":11867,"date":"2025-02-17T01:43:47","date_gmt":"2025-02-17T01:43:47","guid":{"rendered":"https:\/\/design-ceramics.com\/?post_type=product&#038;p=11867"},"modified":"2025-08-30T01:27:15","modified_gmt":"2025-08-30T01:27:15","slug":"morera-slip-resistant-tiles-outdoor-td2004","status":"publish","type":"product","link":"https:\/\/design-ceramics.com\/pt\/morera-slip-resistant-tiles-outdoor-td2004\/","title":{"rendered":"Ladrilhos antiderrapantes Morera para ambientes externos (TD2004)"},"content":{"rendered":"","protected":false},"excerpt":{"rendered":"<p><span data-slate-fragment=\"JTVCJTdCJTIydHlwZSUyMiUzQSUyMnAlMjIlMkMlMjJjaGlsZHJlbiUyMiUzQSU1QiU3QiUyMnRleHQlMjIlM0ElMjJNb3JlcmElMjBzbGlwLXJlc2lzdGFudCUyMG91dGRvb3IlMjB0aWxlcyUyMChURDIwMDQpJTIwYXJlJTIwZXhwZXJ0bHklMjBjcmFmdGVkJTIwdG8lMjBlbGV2YXRlJTIwYW55JTIwZXh0ZXJpb3IlMjBzcGFjZSUyMHdpdGglMjB0aGVpciUyMGN1dHRpbmctZWRnZSUyMHRlY2hub2xvZ3klMjBhbmQlMjBzb3BoaXN0aWNhdGVkJTIwYWVzdGhldGljcy4lMjBUaGVzZSUyMHRpbGVzJTIwbm90JTIwb25seSUyMGNyZWF0ZSUyMGElMjBzYWZlJTIwZW52aXJvbm1lbnQlMjBidXQlMjBhbHNvJTIwZW5oYW5jZSUyMHRoZSUyMHZpc3VhbCUyMGFwcGVhbCUyMG9mJTIwcGF0aW9zJTJDJTIwd2Fsa3dheXMlMkMlMjBhbmQlMjBwdWJsaWMlMjBhcmVhcyUyMHdpdGglMjB0aGVpciUyMHJlZmluZWQlMjBmaW5pc2hlcyUyMGFuZCUyMHJvYnVzdCUyMGR1cmFiaWxpdHkuJTIwRGVzaWduZWQlMjB3aXRoJTIwbWV0aWN1bG91cyUyMGF0dGVudGlvbiUyMHRvJTIwZGV0YWlsJTJDJTIwdGhleSUyMGVuc3VyZSUyMHNlYW1sZXNzJTIwaW50ZWdyYXRpb24lMjBpbnRvJTIwYSUyMHZhcmlldHklMjBvZiUyMG91dGRvb3IlMjBkZXNpZ25zLiUyMiU3RCU1RCUyQyUyMmlkJTIyJTNBJTIyeHI2Y3UlMjIlN0QlNUQ=\">Os ladrilhos antiderrapantes para \u00e1reas externas da Morera (TD2004) s\u00e3o habilmente criados para elevar qualquer espa\u00e7o externo com sua tecnologia de ponta e est\u00e9tica sofisticada. Essas placas n\u00e3o apenas criam um ambiente seguro, mas tamb\u00e9m melhoram o apelo visual de p\u00e1tios, passarelas e \u00e1reas p\u00fablicas com seus acabamentos refinados e durabilidade robusta. Projetadas com aten\u00e7\u00e3o meticulosa aos detalhes, elas garantem uma integra\u00e7\u00e3o perfeita em uma variedade de designs de exteriores.<\/span><\/p>","protected":false},"featured_media":7138,"comment_status":"open","ping_status":"closed","template":"","meta":{"_acf_changed":false},"product-sp-name":[],"product_brand":[],"product_cat":[175],"product_tag":[],"class_list":{"0":"post-11867","1":"product","2":"type-product","3":"status-publish","4":"has-post-thumbnail","6":"product_cat-high-slip-resistance-tiles","8":"first","9":"instock","10":"shipping-taxable","11":"product-type-simple"},"acf":[],"_links":{"self":[{"href":"https:\/\/design-ceramics.com\/pt\/wp-json\/wp\/v2\/product\/11867","targetHints":{"allow":["GET"]}}],"collection":[{"href":"https:\/\/design-ceramics.com\/pt\/wp-json\/wp\/v2\/product"}],"about":[{"href":"https:\/\/design-ceramics.com\/pt\/wp-json\/wp\/v2\/types\/product"}],"replies":[{"embeddable":true,"href":"https:\/\/design-ceramics.com\/pt\/wp-json\/wp\/v2\/comments?post=11867"}],"version-history":[{"count":2,"href":"https:\/\/design-ceramics.com\/pt\/wp-json\/wp\/v2\/product\/11867\/revisions"}],"predecessor-version":[{"id":11869,"href":"https:\/\/design-ceramics.com\/pt\/wp-json\/wp\/v2\/product\/11867\/revisions\/11869"}],"wp:featuredmedia":[{"embeddable":true,"href":"https:\/\/design-ceramics.com\/pt\/wp-json\/wp\/v2\/media\/7138"}],"wp:attachment":[{"href":"https:\/\/design-ceramics.com\/pt\/wp-json\/wp\/v2\/media?parent=11867"}],"wp:term":[{"taxonomy":"product-sp-name","embeddable":true,"href":"https:\/\/design-ceramics.com\/pt\/wp-json\/wp\/v2\/product-sp-name?post=11867"},{"taxonomy":"product_brand","embeddable":true,"href":"https:\/\/design-ceramics.com\/pt\/wp-json\/wp\/v2\/product_brand?post=11867"},{"taxonomy":"product_cat","embeddable":true,"href":"https:\/\/design-ceramics.com\/pt\/wp-json\/wp\/v2\/product_cat?post=11867"},{"taxonomy":"product_tag","embeddable":true,"href":"https:\/\/design-ceramics.com\/pt\/wp-json\/wp\/v2\/product_tag?post=11867"}],"curies":[{"name":"wp","href":"https:\/\/api.w.org\/{rel}","templated":true}]}}