{"id":11860,"date":"2025-02-17T01:20:04","date_gmt":"2025-02-17T01:20:04","guid":{"rendered":"https:\/\/design-ceramics.com\/?post_type=product&#038;p=11860"},"modified":"2025-02-17T01:20:47","modified_gmt":"2025-02-17T01:20:47","slug":"morera-commerical-slip-resistant-floor-tilestd2002","status":"publish","type":"product","link":"https:\/\/design-ceramics.com\/pt\/morera-commerical-slip-resistant-floor-tilestd2002\/","title":{"rendered":"Ladrilhos antiderrapantes comerciais Morera (TD2002)"},"content":{"rendered":"","protected":false},"excerpt":{"rendered":"<div class=\"slate-p relative m-0 px-0 pb-4 pt-1 text-lg leading-7\" data-slate-node=\"element\" data-block-id=\"ukgmm\">\n<div class=\"flex w-full flex-col\">\n<div class=\"flex w-full\">\n<div class=\"w-full\"><span data-slate-node=\"text\"><span class=\"bg-green-200 selection:bg-green-200\" data-slate-leaf=\"true\">Perfeitos para ambientes internos e externos, os pisos antiderrapantes comerciais Morera (TD2002) oferecem uma combina\u00e7\u00e3o ideal de seguran\u00e7a e design, proporcionando aos clientes um ambiente seguro e esteticamente agrad\u00e1vel.<\/span><\/span><\/div>\n<\/div>\n<\/div>\n<\/div>\n<div class=\"slate-p relative m-0 px-0 pb-4 pt-1 text-lg leading-7\" data-slate-node=\"element\" data-block-id=\"9gmkt\">\n<div class=\"flex w-full flex-col\">\n<div class=\"flex w-full\">\n<div class=\"invisible w-5 select-none self-center\" tabindex=\"-1\" role=\"button\" contenteditable=\"false\" aria-disabled=\"false\" aria-roledescription=\"sortable\" aria-describedby=\"DndDescribedBy-13\"><\/div>\n<div class=\"w-full\"><span data-slate-node=\"text\"><span class=\"bg-green-200 selection:bg-green-200\" data-slate-leaf=\"true\">Nossos pisos antiderrapantes s\u00e3o projetados com tecnologia antiderrapante para proporcionar uma ader\u00eancia excepcional sob os p\u00e9s. Seja em um espa\u00e7o comercial movimentado ou em um banheiro em casa, esses ladrilhos reduzem o risco de escorreg\u00f5es e quedas, proporcionando seguran\u00e7a a cada passo. <\/span><\/span><\/div>\n<\/div>\n<\/div>\n<\/div>\n<div class=\"flex w-full flex-col\" data-slate-fragment=\"JTVCJTdCJTIydHlwZSUyMiUzQSUyMnAlMjIlMkMlMjJjaGlsZHJlbiUyMiUzQSU1QiU3QiUyMnRleHQlMjIlM0ElMjJQZXJmZWN0JTIwZm9yJTIwYm90aCUyMGluZG9vciUyMGFuZCUyMG91dGRvb3IlMjBlbnZpcm9ubWVudCUyQyUyME1vcmVyYSUyMENvbW1lcmNpYWwlMjBTbGlwJTIwUmVzaXN0YW50JTIwRmxvb3IlMjBUaWxlcyUyMChURDIwMDIpJTIwb2ZmZXIlMjBhbiUyMGlkZWFsJTIwYmxlbmQlMjBvZiUyMHNhZmV0eSUyMGFuZCUyMGRlc2lnbiUyQyUyMHByb3ZpZGluZyUyMGN1c3RvbWVycyUyMHdpdGglMjBhJTIwc2VjdXJlJTIwYW5kJTIwYWVzdGhldGljYWxseSUyMHBsZWFzaW5nJTIwZW52aXJvbm1lbnQuJTIyJTdEJTVEJTJDJTIyaWQlMjIlM0ElMjJ1a2dtbSUyMiU3RCUyQyU3QiUyMnR5cGUlMjIlM0ElMjJwJTIyJTJDJTIyY2hpbGRyZW4lMjIlM0ElNUIlN0IlMjJ0ZXh0JTIyJTNBJTIyT3VyJTIwc2xpcCUyMHJlc2lzdGFudCUyMGZsb29yJTIwdGlsZXMlMjBhcmUlMjBlbmdpbmVlcmVkJTIwd2l0aCUyMG5vbiUyMHNsaXAlMjB0ZWNobm9sb2d5JTIwdG8lMjBwcm92aWRlJTIwZXhjZXB0aW9uYWwlMjBncmlwJTIwdW5kZXJmb290LiUyMFdoZXRoZXIlMjBpdCVFMiU4MCU5OXMlMjBhJTIwYnVzeSUyMGNvbW1lcmNpYWwlMjBzcGFjZSUyMG9yJTIwYSUyMGJhdGhyb29tJTIwYXQlMjBob21lJTJDJTIwdGhlc2UlMjB0aWxlcyUyMHJlZHVjZSUyMHRoZSUyMHJpc2slMjBvZiUyMHNsaXBzJTIwYW5kJTIwZmFsbHMlMkMlMjBnaXZpbmclMjB5b3UlMjBzYWZldHklMjBpbiUyMGV2ZXJ5JTIwc3RlcC4lMjAlMjIlN0QlNUQlMkMlMjJpZCUyMiUzQSUyMjlnbWt0JTIyJTdEJTJDJTdCJTIydHlwZSUyMiUzQSUyMnVsJTIyJTJDJTIyY2hpbGRyZW4lMjIlM0ElNUIlN0IlMjJ0eXBlJTIyJTNBJTIybGklMjIlMkMlMjJjaGlsZHJlbiUyMiUzQSU1QiU3QiUyMnR5cGUlMjIlM0ElMjJsaWMlMjIlMkMlMjJjaGlsZHJlbiUyMiUzQSU1QiU3QiUyMnRleHQlMjIlM0ElMjJTdXBlcmlvciUyMGdyaXAlMjB0ZWNobm9sb2d5JTIyJTdEJTVEJTJDJTIyaWQlMjIlM0ElMjJhd2psZCUyMiU3RCU1RCUyQyUyMmlkJTIyJTNBJTIyNm55cDYlMjIlN0QlMkMlN0IlMjJ0eXBlJTIyJTNBJTIybGklMjIlMkMlMjJjaGlsZHJlbiUyMiUzQSU1QiU3QiUyMnR5cGUlMjIlM0ElMjJsaWMlMjIlMkMlMjJjaGlsZHJlbiUyMiUzQSU1QiU3QiUyMnRleHQlMjIlM0ElMjJJZGVhbCUyMGZvciUyMHdldCUyMGFuZCUyMGRyeSUyMGFyZWFzJTIyJTdEJTVEJTJDJTIyaWQlMjIlM0ElMjJybGx4eCUyMiU3RCU1RCUyQyUyMmlkJTIyJTNBJTIyb3YxeXolMjIlN0QlMkMlN0IlMjJ0eXBlJTIyJTNBJTIybGklMjIlMkMlMjJjaGlsZHJlbiUyMiUzQSU1QiU3QiUyMnR5cGUlMjIlM0ElMjJsaWMlMjIlMkMlMjJjaGlsZHJlbiUyMiUzQSU1QiU3QiUyMnRleHQlMjIlM0ElMjJFeGNlcHRpb25hbCUyMGR1cmFiaWxpdHklMjBmb3IlMjBsb25nLWxhc3RpbmclMjBwZXJmb3JtYW5jZSUyMiU3RCU1RCUyQyUyMmlkJTIyJTNBJTIycWI4c2slMjIlN0QlNUQlMkMlMjJpZCUyMiUzQSUyMnV4aXUxJTIyJTdEJTJDJTdCJTIydHlwZSUyMiUzQSUyMmxpJTIyJTJDJTIyY2hpbGRyZW4lMjIlM0ElNUIlN0IlMjJ0eXBlJTIyJTNBJTIybGljJTIyJTJDJTIyY2hpbGRyZW4lMjIlM0ElNUIlN0IlMjJ0ZXh0JTIyJTNBJTIyRWFzeSUyMG1haW50ZW5hbmNlJTIyJTdEJTVEJTJDJTIyaWQlMjIlM0ElMjI4eGNvNyUyMiU3RCU1RCUyQyUyMmlkJTIyJTNBJTIyejdoYmolMjIlN0QlNUQlMkMlMjJpZCUyMiUzQSUyMjhvZGowJTIyJTdEJTJDJTdCJTIydHlwZSUyMiUzQSUyMnAlMjIlMkMlMjJjaGlsZHJlbiUyMiUzQSU1QiU3QiUyMnRleHQlMjIlM0ElMjIlMjIlN0QlNUQlMkMlMjJpZCUyMiUzQSUyMm02M2M5JTIyJTdEJTVE\">\n<div class=\"flex w-full\">\n<div class=\"invisible w-5 select-none self-center\" tabindex=\"-1\" role=\"button\" contenteditable=\"false\" aria-disabled=\"false\" aria-roledescription=\"sortable\" aria-describedby=\"DndDescribedBy-13\"><\/div>\n<div class=\"w-full\">\n<ul class=\"m-0 ps-6 list-disc [&amp;_ul]:list-[circle] [&amp;_ul_ul]:list-[square] text-lg mb-4 mt-2 slate-ul\" data-slate-node=\"element\" data-block-id=\"8odj0\">\n<li class=\"py-1 leading-7\" data-slate-node=\"element\" data-block-id=\"6nyp6\">\n<div data-slate-node=\"element\"><span data-slate-node=\"text\"><span class=\"bg-green-200 selection:bg-green-200\" data-slate-leaf=\"true\">Tecnologia superior de ader\u00eancia<\/span><\/span><\/div>\n<\/li>\n<li class=\"py-1 leading-7\" data-slate-node=\"element\" data-block-id=\"ov1yz\">\n<div data-slate-node=\"element\"><span data-slate-node=\"text\"><span class=\"bg-green-200 selection:bg-green-200\" data-slate-leaf=\"true\">Ideal para \u00e1reas \u00famidas e secas<\/span><\/span><\/div>\n<\/li>\n<li class=\"py-1 leading-7\" data-slate-node=\"element\" data-block-id=\"uxiu1\">\n<div data-slate-node=\"element\"><span data-slate-node=\"text\"><span class=\"bg-green-200 selection:bg-green-200\" data-slate-leaf=\"true\">Durabilidade excepcional para um desempenho duradouro<\/span><\/span><\/div>\n<\/li>\n<li class=\"py-1 leading-7\" data-slate-node=\"element\" data-block-id=\"z7hbj\">\n<div data-slate-node=\"element\"><span data-slate-node=\"text\"><span class=\"bg-green-200 selection:bg-green-200\" data-slate-leaf=\"true\">F\u00e1cil manuten\u00e7\u00e3o<\/span><\/span><\/div>\n<\/li>\n<\/ul>\n<\/div>\n<\/div>\n<\/div>\n<div class=\"slate-p relative m-0 px-0 pb-4 pt-1 text-lg leading-7\" data-slate-node=\"element\" data-block-id=\"m63c9\">\n<div class=\"flex w-full flex-col\">\n<div class=\"flex w-full\">\n<div class=\"invisible w-5 select-none self-center\" tabindex=\"-1\" role=\"button\" contenteditable=\"false\" aria-disabled=\"false\" aria-roledescription=\"sortable\" aria-describedby=\"DndDescribedBy-13\"><\/div>\n<div class=\"w-full\"><\/div>\n<\/div>\n<\/div>\n<\/div>","protected":false},"featured_media":7150,"comment_status":"open","ping_status":"closed","template":"","meta":{"_acf_changed":false},"product-sp-name":[],"product_brand":[],"product_cat":[175],"product_tag":[],"class_list":{"0":"post-11860","1":"product","2":"type-product","3":"status-publish","4":"has-post-thumbnail","6":"product_cat-high-slip-resistance-tiles","8":"first","9":"instock","10":"shipping-taxable","11":"product-type-simple"},"acf":[],"_links":{"self":[{"href":"https:\/\/design-ceramics.com\/pt\/wp-json\/wp\/v2\/product\/11860","targetHints":{"allow":["GET"]}}],"collection":[{"href":"https:\/\/design-ceramics.com\/pt\/wp-json\/wp\/v2\/product"}],"about":[{"href":"https:\/\/design-ceramics.com\/pt\/wp-json\/wp\/v2\/types\/product"}],"replies":[{"embeddable":true,"href":"https:\/\/design-ceramics.com\/pt\/wp-json\/wp\/v2\/comments?post=11860"}],"version-history":[{"count":2,"href":"https:\/\/design-ceramics.com\/pt\/wp-json\/wp\/v2\/product\/11860\/revisions"}],"predecessor-version":[{"id":11862,"href":"https:\/\/design-ceramics.com\/pt\/wp-json\/wp\/v2\/product\/11860\/revisions\/11862"}],"wp:featuredmedia":[{"embeddable":true,"href":"https:\/\/design-ceramics.com\/pt\/wp-json\/wp\/v2\/media\/7150"}],"wp:attachment":[{"href":"https:\/\/design-ceramics.com\/pt\/wp-json\/wp\/v2\/media?parent=11860"}],"wp:term":[{"taxonomy":"product-sp-name","embeddable":true,"href":"https:\/\/design-ceramics.com\/pt\/wp-json\/wp\/v2\/product-sp-name?post=11860"},{"taxonomy":"product_brand","embeddable":true,"href":"https:\/\/design-ceramics.com\/pt\/wp-json\/wp\/v2\/product_brand?post=11860"},{"taxonomy":"product_cat","embeddable":true,"href":"https:\/\/design-ceramics.com\/pt\/wp-json\/wp\/v2\/product_cat?post=11860"},{"taxonomy":"product_tag","embeddable":true,"href":"https:\/\/design-ceramics.com\/pt\/wp-json\/wp\/v2\/product_tag?post=11860"}],"curies":[{"name":"wp","href":"https:\/\/api.w.org\/{rel}","templated":true}]}}