{"id":11814,"date":"2025-02-13T05:56:39","date_gmt":"2025-02-13T05:56:39","guid":{"rendered":"https:\/\/design-ceramics.com\/?post_type=product&#038;p=11814"},"modified":"2025-02-13T05:57:10","modified_gmt":"2025-02-13T05:57:10","slug":"morera-commercial-outdoor-slip-resistant-floor-tiled200-6","status":"publish","type":"product","link":"https:\/\/design-ceramics.com\/pt\/morera-commercial-outdoor-slip-resistant-floor-tiled200-6\/","title":{"rendered":"Morera Commercial Outdoor Slip Resistant Floor Tile (D200-6)"},"content":{"rendered":"","protected":false},"excerpt":{"rendered":"<div class=\"slate-p relative m-0 px-0 pb-4 pt-1 text-lg leading-7\" data-slate-node=\"element\" data-block-id=\"dc358\">\n<div class=\"flex w-full flex-col\">\n<div class=\"flex w-full\">\n<div class=\"w-full\"><span data-slate-node=\"text\"><span class=\"bg-green-200 selection:bg-green-200\" data-slate-leaf=\"true\">Nossos pisos antiderrapantes s\u00e3o projetados com recurso antiderrapante para proporcionar uma ader\u00eancia excepcional sob os p\u00e9s. Seja em um espa\u00e7o comercial movimentado ou no banheiro de casa, esses ladrilhos reduzem o risco de escorreg\u00f5es e quedas, dando-lhe confian\u00e7a em cada passo. Ideais para ambientes movimentados, eles atendem tanto ao apelo est\u00e9tico quanto \u00e0 praticidade, garantindo uma combina\u00e7\u00e3o perfeita com qualquer estilo de decora\u00e7\u00e3o.<\/span><\/span><\/div>\n<\/div>\n<\/div>\n<\/div>\n<div class=\"flex w-full flex-col\" data-slate-fragment=\"JTVCJTdCJTIydHlwZSUyMiUzQSUyMnAlMjIlMkMlMjJjaGlsZHJlbiUyMiUzQSU1QiU3QiUyMnRleHQlMjIlM0ElMjJPdXIlMjBzbGlwJTIwcmVzaXN0YW50JTIwZmxvb3IlMjB0aWxlcyUyMGFyZSUyMGVuZ2luZWVyZWQlMjB3aXRoJTIwbm9uJTIwc2xpcCUyMHRlY2hub2xvZ3klMjB0byUyMHByb3ZpZGUlMjBleGNlcHRpb25hbCUyMGdyaXAlMjB1bmRlcmZvb3QuJTIwV2hldGhlciUyMGl0JUUyJTgwJTk5cyUyMGElMjBidXN0bGluZyUyMGNvbW1lcmNpYWwlMjBzcGFjZSUyMG9yJTIwYSUyMGJhdGhyb29tJTIwYXQlMjBob21lJTJDJTIwdGhlc2UlMjB0aWxlcyUyMHJlZHVjZSUyMHRoZSUyMHJpc2slMjBvZiUyMHNsaXBzJTIwYW5kJTIwZmFsbHMlMkMlMjBnaXZpbmclMjB5b3UlMjBjb25maWRlbmNlJTIwaW4lMjBldmVyeSUyMHN0cmlkZS4lMjBJZGVhbCUyMGZvciUyMGJ1c3klMjBlbnZpcm9ubWVudHMlMkMlMjB0aGV5JTIwY2F0ZXIlMjB0byUyMGJvdGglMjBhZXN0aGV0aWMlMjBhcHBlYWwlMjBhbmQlMjBwcmFjdGljYWxpdHklMkMlMjBlbnN1cmluZyUyMGElMjBzZWFtbGVzcyUyMGJsZW5kJTIwd2l0aCUyMGFueSUyMGRlY29yJTIwc3R5bGUuJTIyJTdEJTVEJTJDJTIyaWQlMjIlM0ElMjJkYzM1OCUyMiU3RCUyQyU3QiUyMnR5cGUlMjIlM0ElMjJ1bCUyMiUyQyUyMmNoaWxkcmVuJTIyJTNBJTVCJTdCJTIydHlwZSUyMiUzQSUyMmxpJTIyJTJDJTIyY2hpbGRyZW4lMjIlM0ElNUIlN0IlMjJ0eXBlJTIyJTNBJTIybGljJTIyJTJDJTIyY2hpbGRyZW4lMjIlM0ElNUIlN0IlMjJ0ZXh0JTIyJTNBJTIyU3VwZXJpb3IlMjBncmlwJTIwdGVjaG5vbG9neSUyMiU3RCU1RCUyQyUyMmlkJTIyJTNBJTIydDllZmglMjIlN0QlNUQlMkMlMjJpZCUyMiUzQSUyMjBkdmplJTIyJTdEJTJDJTdCJTIydHlwZSUyMiUzQSUyMmxpJTIyJTJDJTIyY2hpbGRyZW4lMjIlM0ElNUIlN0IlMjJ0eXBlJTIyJTNBJTIybGljJTIyJTJDJTIyY2hpbGRyZW4lMjIlM0ElNUIlN0IlMjJ0ZXh0JTIyJTNBJTIySWRlYWwlMjBmb3IlMjB3ZXQlMjBhbmQlMjBkcnklMjBhcmVhcyUyMiU3RCU1RCUyQyUyMmlkJTIyJTNBJTIyN2YyeTYlMjIlN0QlNUQlMkMlMjJpZCUyMiUzQSUyMnkwa3pyJTIyJTdEJTJDJTdCJTIydHlwZSUyMiUzQSUyMmxpJTIyJTJDJTIyY2hpbGRyZW4lMjIlM0ElNUIlN0IlMjJ0eXBlJTIyJTNBJTIybGljJTIyJTJDJTIyY2hpbGRyZW4lMjIlM0ElNUIlN0IlMjJ0ZXh0JTIyJTNBJTIyRHVyYWJsZSUyMGFuZCUyMGxvbmctbGFzdGluZyUyMiU3RCU1RCUyQyUyMmlkJTIyJTNBJTIyejkxbjElMjIlN0QlNUQlMkMlMjJpZCUyMiUzQSUyMmtxeWdrJTIyJTdEJTJDJTdCJTIydHlwZSUyMiUzQSUyMmxpJTIyJTJDJTIyY2hpbGRyZW4lMjIlM0ElNUIlN0IlMjJ0eXBlJTIyJTNBJTIybGljJTIyJTJDJTIyY2hpbGRyZW4lMjIlM0ElNUIlN0IlMjJ0ZXh0JTIyJTNBJTIyRWFzeSUyMG1haW50ZW5hbmNlJTIyJTdEJTVEJTJDJTIyaWQlMjIlM0ElMjJyMngxeiUyMiU3RCU1RCUyQyUyMmlkJTIyJTNBJTIyeTlpZHMlMjIlN0QlNUQlMkMlMjJpZCUyMiUzQSUyMjRrZzl6JTIyJTdEJTVE\">\n<div class=\"flex w-full\">\n<div class=\"invisible w-5 select-none self-center\" tabindex=\"-1\" role=\"button\" contenteditable=\"false\" aria-disabled=\"false\" aria-roledescription=\"sortable\" aria-describedby=\"DndDescribedBy-4\"><\/div>\n<div class=\"w-full\">\n<ul class=\"m-0 ps-6 list-disc [&amp;_ul]:list-[circle] [&amp;_ul_ul]:list-[square] text-lg mb-4 mt-2 slate-ul\" data-slate-node=\"element\" data-block-id=\"4kg9z\">\n<li class=\"py-1 leading-7\" data-slate-node=\"element\" data-block-id=\"0dvje\">\n<div data-slate-node=\"element\"><span data-slate-node=\"text\"><span class=\"bg-green-200 selection:bg-green-200\" data-slate-leaf=\"true\">Tecnologia superior de ader\u00eancia<\/span><\/span><\/div>\n<\/li>\n<li class=\"py-1 leading-7\" data-slate-node=\"element\" data-block-id=\"y0kzr\">\n<div data-slate-node=\"element\"><span data-slate-node=\"text\"><span class=\"bg-green-200 selection:bg-green-200\" data-slate-leaf=\"true\">Ideal para \u00e1reas \u00famidas e secas<\/span><\/span><\/div>\n<\/li>\n<li class=\"py-1 leading-7\" data-slate-node=\"element\" data-block-id=\"kqygk\">\n<div data-slate-node=\"element\"><span data-slate-node=\"text\"><span class=\"bg-green-200 selection:bg-green-200\" data-slate-leaf=\"true\">Dur\u00e1vel e de longa dura\u00e7\u00e3o<\/span><\/span><\/div>\n<\/li>\n<li class=\"py-1 leading-7\" data-slate-node=\"element\" data-block-id=\"y9ids\">\n<div data-slate-node=\"element\"><span data-slate-node=\"text\"><span class=\"bg-green-200 selection:bg-green-200\" data-slate-leaf=\"true\">F\u00e1cil manuten\u00e7\u00e3o<\/span><\/span><\/div>\n<\/li>\n<\/ul>\n<\/div>\n<\/div>\n<\/div>","protected":false},"featured_media":7150,"comment_status":"open","ping_status":"closed","template":"","meta":{"_acf_changed":false},"product-sp-name":[],"product_brand":[],"product_cat":[15],"product_tag":[],"class_list":{"0":"post-11814","1":"product","2":"type-product","3":"status-publish","4":"has-post-thumbnail","6":"product_cat-uncategorized","8":"first","9":"instock","10":"shipping-taxable","11":"product-type-simple"},"acf":[],"_links":{"self":[{"href":"https:\/\/design-ceramics.com\/pt\/wp-json\/wp\/v2\/product\/11814","targetHints":{"allow":["GET"]}}],"collection":[{"href":"https:\/\/design-ceramics.com\/pt\/wp-json\/wp\/v2\/product"}],"about":[{"href":"https:\/\/design-ceramics.com\/pt\/wp-json\/wp\/v2\/types\/product"}],"replies":[{"embeddable":true,"href":"https:\/\/design-ceramics.com\/pt\/wp-json\/wp\/v2\/comments?post=11814"}],"version-history":[{"count":2,"href":"https:\/\/design-ceramics.com\/pt\/wp-json\/wp\/v2\/product\/11814\/revisions"}],"predecessor-version":[{"id":11816,"href":"https:\/\/design-ceramics.com\/pt\/wp-json\/wp\/v2\/product\/11814\/revisions\/11816"}],"wp:featuredmedia":[{"embeddable":true,"href":"https:\/\/design-ceramics.com\/pt\/wp-json\/wp\/v2\/media\/7150"}],"wp:attachment":[{"href":"https:\/\/design-ceramics.com\/pt\/wp-json\/wp\/v2\/media?parent=11814"}],"wp:term":[{"taxonomy":"product-sp-name","embeddable":true,"href":"https:\/\/design-ceramics.com\/pt\/wp-json\/wp\/v2\/product-sp-name?post=11814"},{"taxonomy":"product_brand","embeddable":true,"href":"https:\/\/design-ceramics.com\/pt\/wp-json\/wp\/v2\/product_brand?post=11814"},{"taxonomy":"product_cat","embeddable":true,"href":"https:\/\/design-ceramics.com\/pt\/wp-json\/wp\/v2\/product_cat?post=11814"},{"taxonomy":"product_tag","embeddable":true,"href":"https:\/\/design-ceramics.com\/pt\/wp-json\/wp\/v2\/product_tag?post=11814"}],"curies":[{"name":"wp","href":"https:\/\/api.w.org\/{rel}","templated":true}]}}