{"id":10925,"date":"2024-11-17T01:07:37","date_gmt":"2024-11-17T01:07:37","guid":{"rendered":"https:\/\/design-ceramics.com\/product\/directional-tactile-tiles\/"},"modified":"2025-02-14T15:12:50","modified_gmt":"2025-02-14T15:12:50","slug":"morera-ceramic-directional-tactile-tiles","status":"publish","type":"product","link":"https:\/\/design-ceramics.com\/pt\/morera-ceramic-directional-tactile-tiles\/","title":{"rendered":"Ladrilhos t\u00e1teis direcionais de cer\u00e2mica Morera (T1001)"},"content":{"rendered":"<p>Esses ladrilhos t\u00e1teis direcionais feitos de uma mistura de cer\u00e2mica dur\u00e1vel, cada ladrilho texturizado serve como um guia t\u00e1til para ajudar os cegos e deficientes visuais a navegar com confian\u00e7a. Atendendo aos padr\u00f5es de qualidade ISO9001, os ladrilhos oferecem resist\u00eancia ao deslizamento e durabilidade duradoura para suportar o tr\u00e1fego intenso de pedestres.<\/p>","protected":false},"excerpt":{"rendered":"<p>Esses ladrilhos t\u00e1teis direcionais feitos de uma mistura de cer\u00e2mica dur\u00e1vel, cada ladrilho texturizado serve como um guia t\u00e1til para ajudar os cegos e deficientes visuais a navegar com confian\u00e7a. Atendendo aos padr\u00f5es de qualidade ISO9001, os ladrilhos oferecem resist\u00eancia ao deslizamento e durabilidade duradoura para suportar o tr\u00e1fego intenso de pedestres.<\/p>","protected":false},"featured_media":11140,"comment_status":"open","ping_status":"closed","template":"","meta":{"_acf_changed":false},"product-sp-name":[],"product_brand":[],"product_cat":[167],"product_tag":[],"class_list":{"0":"post-10925","1":"product","2":"type-product","3":"status-publish","4":"has-post-thumbnail","6":"product_cat-tactile-paving-200x200mm","8":"first","9":"instock","10":"shipping-taxable","11":"product-type-simple"},"acf":[],"_links":{"self":[{"href":"https:\/\/design-ceramics.com\/pt\/wp-json\/wp\/v2\/product\/10925","targetHints":{"allow":["GET"]}}],"collection":[{"href":"https:\/\/design-ceramics.com\/pt\/wp-json\/wp\/v2\/product"}],"about":[{"href":"https:\/\/design-ceramics.com\/pt\/wp-json\/wp\/v2\/types\/product"}],"replies":[{"embeddable":true,"href":"https:\/\/design-ceramics.com\/pt\/wp-json\/wp\/v2\/comments?post=10925"}],"version-history":[{"count":4,"href":"https:\/\/design-ceramics.com\/pt\/wp-json\/wp\/v2\/product\/10925\/revisions"}],"predecessor-version":[{"id":11833,"href":"https:\/\/design-ceramics.com\/pt\/wp-json\/wp\/v2\/product\/10925\/revisions\/11833"}],"wp:featuredmedia":[{"embeddable":true,"href":"https:\/\/design-ceramics.com\/pt\/wp-json\/wp\/v2\/media\/11140"}],"wp:attachment":[{"href":"https:\/\/design-ceramics.com\/pt\/wp-json\/wp\/v2\/media?parent=10925"}],"wp:term":[{"taxonomy":"product-sp-name","embeddable":true,"href":"https:\/\/design-ceramics.com\/pt\/wp-json\/wp\/v2\/product-sp-name?post=10925"},{"taxonomy":"product_brand","embeddable":true,"href":"https:\/\/design-ceramics.com\/pt\/wp-json\/wp\/v2\/product_brand?post=10925"},{"taxonomy":"product_cat","embeddable":true,"href":"https:\/\/design-ceramics.com\/pt\/wp-json\/wp\/v2\/product_cat?post=10925"},{"taxonomy":"product_tag","embeddable":true,"href":"https:\/\/design-ceramics.com\/pt\/wp-json\/wp\/v2\/product_tag?post=10925"}],"curies":[{"name":"wp","href":"https:\/\/api.w.org\/{rel}","templated":true}]}}