{"id":10922,"date":"2024-11-17T01:07:36","date_gmt":"2024-11-17T01:07:36","guid":{"rendered":"https:\/\/design-ceramics.com\/product\/tactile-ceramic-tiles\/"},"modified":"2025-02-14T15:13:29","modified_gmt":"2025-02-14T15:13:29","slug":"morera-tactile-ceramic-tiles","status":"publish","type":"product","link":"https:\/\/design-ceramics.com\/pt\/morera-tactile-ceramic-tiles\/","title":{"rendered":"Ladrilhos de cer\u00e2mica t\u00e1til Morera (T1003)"},"content":{"rendered":"<p>Os revestimentos cer\u00e2micos t\u00e1teis da Morera, fabricados com uma mistura de cer\u00e2mica dur\u00e1vel, apresentam uma superf\u00edcie texturizada em relevo que aumenta a tra\u00e7\u00e3o e prende os cal\u00e7ados com seguran\u00e7a, evitando escorreg\u00f5es. Ele foi projetado para o trabalho pesado em \u00e1reas de tr\u00e1fego intenso, gra\u00e7as a um produto que possui certifica\u00e7\u00e3o de qualidade ISO 9001. Sejam usados em um hall de entrada, cal\u00e7ada ou corredor externo, os ladrilhos de cer\u00e2mica t\u00e1til acrescentam estilo robusto e seguran\u00e7a antiderrapante aos p\u00e9s.<\/p>","protected":false},"excerpt":{"rendered":"<p>Morera&#8217;s tactile ceramic tiles made from a durable ceramic blend, each tile features a raised, textured surface that enhances traction and grips shoes securely, preventing slips. It is designed for the heavy haul in high-traffic areas, thanks to product that achieves ISO 9001 quality certification. Whether used in an entryway, sidewalk or outdoor corridor, tactile [&hellip;]<\/p>","protected":false},"featured_media":11091,"comment_status":"open","ping_status":"closed","template":"","meta":{"_acf_changed":false},"product-sp-name":[],"product_brand":[],"product_cat":[167],"product_tag":[],"class_list":{"0":"post-10922","1":"product","2":"type-product","3":"status-publish","4":"has-post-thumbnail","6":"product_cat-tactile-paving-200x200mm","8":"first","9":"instock","10":"shipping-taxable","11":"product-type-simple"},"acf":[],"_links":{"self":[{"href":"https:\/\/design-ceramics.com\/pt\/wp-json\/wp\/v2\/product\/10922","targetHints":{"allow":["GET"]}}],"collection":[{"href":"https:\/\/design-ceramics.com\/pt\/wp-json\/wp\/v2\/product"}],"about":[{"href":"https:\/\/design-ceramics.com\/pt\/wp-json\/wp\/v2\/types\/product"}],"replies":[{"embeddable":true,"href":"https:\/\/design-ceramics.com\/pt\/wp-json\/wp\/v2\/comments?post=10922"}],"version-history":[{"count":4,"href":"https:\/\/design-ceramics.com\/pt\/wp-json\/wp\/v2\/product\/10922\/revisions"}],"predecessor-version":[{"id":11836,"href":"https:\/\/design-ceramics.com\/pt\/wp-json\/wp\/v2\/product\/10922\/revisions\/11836"}],"wp:featuredmedia":[{"embeddable":true,"href":"https:\/\/design-ceramics.com\/pt\/wp-json\/wp\/v2\/media\/11091"}],"wp:attachment":[{"href":"https:\/\/design-ceramics.com\/pt\/wp-json\/wp\/v2\/media?parent=10922"}],"wp:term":[{"taxonomy":"product-sp-name","embeddable":true,"href":"https:\/\/design-ceramics.com\/pt\/wp-json\/wp\/v2\/product-sp-name?post=10922"},{"taxonomy":"product_brand","embeddable":true,"href":"https:\/\/design-ceramics.com\/pt\/wp-json\/wp\/v2\/product_brand?post=10922"},{"taxonomy":"product_cat","embeddable":true,"href":"https:\/\/design-ceramics.com\/pt\/wp-json\/wp\/v2\/product_cat?post=10922"},{"taxonomy":"product_tag","embeddable":true,"href":"https:\/\/design-ceramics.com\/pt\/wp-json\/wp\/v2\/product_tag?post=10922"}],"curies":[{"name":"wp","href":"https:\/\/api.w.org\/{rel}","templated":true}]}}