{"id":10921,"date":"2024-11-17T01:07:36","date_gmt":"2024-11-17T01:07:36","guid":{"rendered":"https:\/\/design-ceramics.com\/product\/tactile-tiles-bunnings\/"},"modified":"2025-08-30T01:27:14","modified_gmt":"2025-08-30T01:27:14","slug":"tactile-tiles-bunnings","status":"publish","type":"product","link":"https:\/\/design-ceramics.com\/pt\/tactile-tiles-bunnings\/","title":{"rendered":"Ladrilhos t\u00e1teis de cer\u00e2mica da Bunnings (T1004)"},"content":{"rendered":"<p>Passos firmes \u00e0 frente. Esses tach\u00f5es de cer\u00e2mica trazem uma confian\u00e7a segura para qualquer \u00e1rea de tr\u00e1fego intenso. Sua superf\u00edcie t\u00e1til em relevo funciona como um guia suave para os pedestres, especialmente aqueles com defici\u00eancia visual, ajudando todos a navegar com seguran\u00e7a pelas cal\u00e7adas e caminhos<\/p>","protected":false},"excerpt":{"rendered":"<p>Passos firmes \u00e0 frente. Esses tach\u00f5es de cer\u00e2mica trazem uma confian\u00e7a segura para qualquer \u00e1rea de tr\u00e1fego intenso. Sua superf\u00edcie t\u00e1til em relevo funciona como um guia suave para os pedestres, especialmente aqueles com defici\u00eancia visual, ajudando todos a navegar com seguran\u00e7a pelas cal\u00e7adas e caminhos<\/p>","protected":false},"featured_media":11094,"comment_status":"open","ping_status":"closed","template":"","meta":{"_acf_changed":false},"product-sp-name":[],"product_brand":[],"product_cat":[167],"product_tag":[],"class_list":{"0":"post-10921","1":"product","2":"type-product","3":"status-publish","4":"has-post-thumbnail","6":"product_cat-tactile-paving-200x200mm","8":"first","9":"instock","10":"shipping-taxable","11":"product-type-simple"},"acf":[],"_links":{"self":[{"href":"https:\/\/design-ceramics.com\/pt\/wp-json\/wp\/v2\/product\/10921","targetHints":{"allow":["GET"]}}],"collection":[{"href":"https:\/\/design-ceramics.com\/pt\/wp-json\/wp\/v2\/product"}],"about":[{"href":"https:\/\/design-ceramics.com\/pt\/wp-json\/wp\/v2\/types\/product"}],"replies":[{"embeddable":true,"href":"https:\/\/design-ceramics.com\/pt\/wp-json\/wp\/v2\/comments?post=10921"}],"version-history":[{"count":4,"href":"https:\/\/design-ceramics.com\/pt\/wp-json\/wp\/v2\/product\/10921\/revisions"}],"predecessor-version":[{"id":11837,"href":"https:\/\/design-ceramics.com\/pt\/wp-json\/wp\/v2\/product\/10921\/revisions\/11837"}],"wp:featuredmedia":[{"embeddable":true,"href":"https:\/\/design-ceramics.com\/pt\/wp-json\/wp\/v2\/media\/11094"}],"wp:attachment":[{"href":"https:\/\/design-ceramics.com\/pt\/wp-json\/wp\/v2\/media?parent=10921"}],"wp:term":[{"taxonomy":"product-sp-name","embeddable":true,"href":"https:\/\/design-ceramics.com\/pt\/wp-json\/wp\/v2\/product-sp-name?post=10921"},{"taxonomy":"product_brand","embeddable":true,"href":"https:\/\/design-ceramics.com\/pt\/wp-json\/wp\/v2\/product_brand?post=10921"},{"taxonomy":"product_cat","embeddable":true,"href":"https:\/\/design-ceramics.com\/pt\/wp-json\/wp\/v2\/product_cat?post=10921"},{"taxonomy":"product_tag","embeddable":true,"href":"https:\/\/design-ceramics.com\/pt\/wp-json\/wp\/v2\/product_tag?post=10921"}],"curies":[{"name":"wp","href":"https:\/\/api.w.org\/{rel}","templated":true}]}}