{"id":10920,"date":"2024-11-17T01:07:36","date_gmt":"2024-11-17T01:07:36","guid":{"rendered":"https:\/\/design-ceramics.com\/product\/directional-tactile-paving\/"},"modified":"2025-02-14T15:13:49","modified_gmt":"2025-02-14T15:13:49","slug":"morera-directional-tactile-paving","status":"publish","type":"product","link":"https:\/\/design-ceramics.com\/pt\/morera-directional-tactile-paving\/","title":{"rendered":"Pavimenta\u00e7\u00e3o t\u00e1til direcional Morera 200-300 mm (T1005)"},"content":{"rendered":"<p>A pavimenta\u00e7\u00e3o t\u00e1til direcional Morera oferece um caminho acess\u00edvel para a recupera\u00e7\u00e3o da independ\u00eancia. Cada ladrilho de pavimenta\u00e7\u00e3o apresenta uma superf\u00edcie t\u00e1til especializada que permite que os usu\u00e1rios detectem a dire\u00e7\u00e3o da viagem apenas pela textura. Chega de se sentir perdido em espa\u00e7os lotados. Projetado para \u00e1reas de tr\u00e1fego intenso, como hospitais, o piso t\u00e1til direcional \u00e9 projetado com durabilidade excepcional para suportar passos pesados dia ap\u00f3s dia.<\/p>","protected":false},"excerpt":{"rendered":"<p>Morera Directional tactile paving provides an accessible pathway to reclaiming independence. Each paving tile features a specialized tactile surface that allows users to detect the direction of travel through texture alone. No more feeling lost in crowded spaces. Designed for high-traffic zones like hospitals, the directional tactile paving is engineered with exceptional durability to withstand [&hellip;]<\/p>","protected":false},"featured_media":11098,"comment_status":"open","ping_status":"closed","template":"","meta":{"_acf_changed":false},"product-sp-name":[],"product_brand":[],"product_cat":[167],"product_tag":[],"class_list":{"0":"post-10920","1":"product","2":"type-product","3":"status-publish","4":"has-post-thumbnail","6":"product_cat-tactile-paving-200x200mm","8":"first","9":"instock","10":"shipping-taxable","11":"product-type-simple"},"acf":[],"_links":{"self":[{"href":"https:\/\/design-ceramics.com\/pt\/wp-json\/wp\/v2\/product\/10920","targetHints":{"allow":["GET"]}}],"collection":[{"href":"https:\/\/design-ceramics.com\/pt\/wp-json\/wp\/v2\/product"}],"about":[{"href":"https:\/\/design-ceramics.com\/pt\/wp-json\/wp\/v2\/types\/product"}],"replies":[{"embeddable":true,"href":"https:\/\/design-ceramics.com\/pt\/wp-json\/wp\/v2\/comments?post=10920"}],"version-history":[{"count":5,"href":"https:\/\/design-ceramics.com\/pt\/wp-json\/wp\/v2\/product\/10920\/revisions"}],"predecessor-version":[{"id":11838,"href":"https:\/\/design-ceramics.com\/pt\/wp-json\/wp\/v2\/product\/10920\/revisions\/11838"}],"wp:featuredmedia":[{"embeddable":true,"href":"https:\/\/design-ceramics.com\/pt\/wp-json\/wp\/v2\/media\/11098"}],"wp:attachment":[{"href":"https:\/\/design-ceramics.com\/pt\/wp-json\/wp\/v2\/media?parent=10920"}],"wp:term":[{"taxonomy":"product-sp-name","embeddable":true,"href":"https:\/\/design-ceramics.com\/pt\/wp-json\/wp\/v2\/product-sp-name?post=10920"},{"taxonomy":"product_brand","embeddable":true,"href":"https:\/\/design-ceramics.com\/pt\/wp-json\/wp\/v2\/product_brand?post=10920"},{"taxonomy":"product_cat","embeddable":true,"href":"https:\/\/design-ceramics.com\/pt\/wp-json\/wp\/v2\/product_cat?post=10920"},{"taxonomy":"product_tag","embeddable":true,"href":"https:\/\/design-ceramics.com\/pt\/wp-json\/wp\/v2\/product_tag?post=10920"}],"curies":[{"name":"wp","href":"https:\/\/api.w.org\/{rel}","templated":true}]}}