{"id":10919,"date":"2024-11-17T01:07:36","date_gmt":"2024-11-17T01:07:36","guid":{"rendered":"https:\/\/design-ceramics.com\/product\/tactile-tiles\/"},"modified":"2025-02-14T15:13:58","modified_gmt":"2025-02-14T15:13:58","slug":"morera-philippines-tactile-tiles","status":"publish","type":"product","link":"https:\/\/design-ceramics.com\/pt\/morera-philippines-tactile-tiles\/","title":{"rendered":"S\u00e9rie Morera Tactile Tiles Philippines (T1006)"},"content":{"rendered":"<p>Tactile Tiles Philippines, da Morera, foi constru\u00eddo com telhas de cer\u00e2mica dur\u00e1veis. Esses azulejos econ\u00f4micos oferecem orienta\u00e7\u00e3o texturizada essencial para cegos e deficientes visuais. Instaladas em entradas de edif\u00edcios, cal\u00e7adas ou centros de tr\u00e2nsito, suas superf\u00edcies antiderrapantes garantem que a navega\u00e7\u00e3o permane\u00e7a segura e direta.<\/p>","protected":false},"excerpt":{"rendered":"<p>Tactile Tiles Philippines, da Morera, foi constru\u00eddo com telhas de cer\u00e2mica dur\u00e1veis. Esses azulejos econ\u00f4micos oferecem orienta\u00e7\u00e3o texturizada essencial para cegos e deficientes visuais. Instaladas em entradas de edif\u00edcios, cal\u00e7adas ou centros de tr\u00e2nsito, suas superf\u00edcies antiderrapantes garantem que a navega\u00e7\u00e3o permane\u00e7a segura e direta.<\/p>","protected":false},"featured_media":11101,"comment_status":"open","ping_status":"closed","template":"","meta":{"_acf_changed":false},"product-sp-name":[],"product_brand":[],"product_cat":[167],"product_tag":[],"class_list":{"0":"post-10919","1":"product","2":"type-product","3":"status-publish","4":"has-post-thumbnail","6":"product_cat-tactile-paving-200x200mm","8":"first","9":"instock","10":"shipping-taxable","11":"product-type-simple"},"acf":[],"_links":{"self":[{"href":"https:\/\/design-ceramics.com\/pt\/wp-json\/wp\/v2\/product\/10919","targetHints":{"allow":["GET"]}}],"collection":[{"href":"https:\/\/design-ceramics.com\/pt\/wp-json\/wp\/v2\/product"}],"about":[{"href":"https:\/\/design-ceramics.com\/pt\/wp-json\/wp\/v2\/types\/product"}],"replies":[{"embeddable":true,"href":"https:\/\/design-ceramics.com\/pt\/wp-json\/wp\/v2\/comments?post=10919"}],"version-history":[{"count":5,"href":"https:\/\/design-ceramics.com\/pt\/wp-json\/wp\/v2\/product\/10919\/revisions"}],"predecessor-version":[{"id":11839,"href":"https:\/\/design-ceramics.com\/pt\/wp-json\/wp\/v2\/product\/10919\/revisions\/11839"}],"wp:featuredmedia":[{"embeddable":true,"href":"https:\/\/design-ceramics.com\/pt\/wp-json\/wp\/v2\/media\/11101"}],"wp:attachment":[{"href":"https:\/\/design-ceramics.com\/pt\/wp-json\/wp\/v2\/media?parent=10919"}],"wp:term":[{"taxonomy":"product-sp-name","embeddable":true,"href":"https:\/\/design-ceramics.com\/pt\/wp-json\/wp\/v2\/product-sp-name?post=10919"},{"taxonomy":"product_brand","embeddable":true,"href":"https:\/\/design-ceramics.com\/pt\/wp-json\/wp\/v2\/product_brand?post=10919"},{"taxonomy":"product_cat","embeddable":true,"href":"https:\/\/design-ceramics.com\/pt\/wp-json\/wp\/v2\/product_cat?post=10919"},{"taxonomy":"product_tag","embeddable":true,"href":"https:\/\/design-ceramics.com\/pt\/wp-json\/wp\/v2\/product_tag?post=10919"}],"curies":[{"name":"wp","href":"https:\/\/api.w.org\/{rel}","templated":true}]}}