{"id":10917,"date":"2024-11-17T01:07:36","date_gmt":"2024-11-17T01:07:36","guid":{"rendered":"https:\/\/design-ceramics.com\/product\/tactile-grey\/"},"modified":"2025-08-30T01:27:15","modified_gmt":"2025-08-30T01:27:15","slug":"morera-grey-ceramic-tactile","status":"publish","type":"product","link":"https:\/\/design-ceramics.com\/pt\/morera-grey-ceramic-tactile\/","title":{"rendered":"Morera Cinza Cor Cer\u00e2mica T\u00e1til (T1007)"},"content":{"rendered":"<p>\u00c9 a superf\u00edcie cinza t\u00e1til que coloca a seguran\u00e7a e o estilo em p\u00e9 de igualdade. As pavimentadoras t\u00e1teis de cer\u00e2mica da Morera combinam sem esfor\u00e7o forma e fun\u00e7\u00e3o com sua tonalidade cinza elegante e superf\u00edcies texturizadas. Essa mistura contempor\u00e2nea de cer\u00e2mica cinza e t\u00e1til oferece a solu\u00e7\u00e3o perfeita para a orienta\u00e7\u00e3o, acrescentando uma dimens\u00e3o de seguran\u00e7a por meio de sua textura antiderrapante.<\/p>","protected":false},"excerpt":{"rendered":"<p>\u00c9 a superf\u00edcie cinza t\u00e1til que coloca a seguran\u00e7a e o estilo em p\u00e9 de igualdade. As pavimentadoras t\u00e1teis de cer\u00e2mica da Morera combinam sem esfor\u00e7o forma e fun\u00e7\u00e3o com sua tonalidade cinza elegante e superf\u00edcies texturizadas. Essa mistura contempor\u00e2nea de cer\u00e2mica cinza e t\u00e1til oferece a solu\u00e7\u00e3o perfeita para a orienta\u00e7\u00e3o, acrescentando uma dimens\u00e3o de seguran\u00e7a por meio de sua textura antiderrapante.<\/p>","protected":false},"featured_media":11106,"comment_status":"open","ping_status":"closed","template":"","meta":{"_acf_changed":false},"product-sp-name":[],"product_brand":[],"product_cat":[167],"product_tag":[],"class_list":{"0":"post-10917","1":"product","2":"type-product","3":"status-publish","4":"has-post-thumbnail","6":"product_cat-tactile-paving-200x200mm","8":"first","9":"instock","10":"shipping-taxable","11":"product-type-simple"},"acf":[],"_links":{"self":[{"href":"https:\/\/design-ceramics.com\/pt\/wp-json\/wp\/v2\/product\/10917","targetHints":{"allow":["GET"]}}],"collection":[{"href":"https:\/\/design-ceramics.com\/pt\/wp-json\/wp\/v2\/product"}],"about":[{"href":"https:\/\/design-ceramics.com\/pt\/wp-json\/wp\/v2\/types\/product"}],"replies":[{"embeddable":true,"href":"https:\/\/design-ceramics.com\/pt\/wp-json\/wp\/v2\/comments?post=10917"}],"version-history":[{"count":5,"href":"https:\/\/design-ceramics.com\/pt\/wp-json\/wp\/v2\/product\/10917\/revisions"}],"predecessor-version":[{"id":11841,"href":"https:\/\/design-ceramics.com\/pt\/wp-json\/wp\/v2\/product\/10917\/revisions\/11841"}],"wp:featuredmedia":[{"embeddable":true,"href":"https:\/\/design-ceramics.com\/pt\/wp-json\/wp\/v2\/media\/11106"}],"wp:attachment":[{"href":"https:\/\/design-ceramics.com\/pt\/wp-json\/wp\/v2\/media?parent=10917"}],"wp:term":[{"taxonomy":"product-sp-name","embeddable":true,"href":"https:\/\/design-ceramics.com\/pt\/wp-json\/wp\/v2\/product-sp-name?post=10917"},{"taxonomy":"product_brand","embeddable":true,"href":"https:\/\/design-ceramics.com\/pt\/wp-json\/wp\/v2\/product_brand?post=10917"},{"taxonomy":"product_cat","embeddable":true,"href":"https:\/\/design-ceramics.com\/pt\/wp-json\/wp\/v2\/product_cat?post=10917"},{"taxonomy":"product_tag","embeddable":true,"href":"https:\/\/design-ceramics.com\/pt\/wp-json\/wp\/v2\/product_tag?post=10917"}],"curies":[{"name":"wp","href":"https:\/\/api.w.org\/{rel}","templated":true}]}}