{"id":10916,"date":"2024-11-17T01:07:36","date_gmt":"2024-11-17T01:07:36","guid":{"rendered":"https:\/\/design-ceramics.com\/product\/johnson-tactile-tiles-price\/"},"modified":"2025-08-30T01:27:14","modified_gmt":"2025-08-30T01:27:14","slug":"johnson-tactile-tiles-afforable-price","status":"publish","type":"product","link":"https:\/\/design-ceramics.com\/pt\/johnson-tactile-tiles-afforable-price\/","title":{"rendered":"Ladrilhos t\u00e1teis de cer\u00e2mica Johnson Afforable Price (B1000)"},"content":{"rendered":"<p>Os ladrilhos t\u00e1teis de cer\u00e2mica com pre\u00e7o acess\u00edvel da Johnson e uma constru\u00e7\u00e3o dur\u00e1vel feita para durar, esses ladrilhos econ\u00f4micos trazem acessibilidade de alta qualidade ao seu alcance. Seja para pavimenta\u00e7\u00e3o t\u00e1til ou outras aplica\u00e7\u00f5es, a mistura de cer\u00e2mica proporciona longevidade sem compromisso. E com certifica\u00e7\u00e3o ISO 9001 na China.<\/p>","protected":false},"excerpt":{"rendered":"<p>Os ladrilhos t\u00e1teis de cer\u00e2mica com pre\u00e7o acess\u00edvel da Johnson e uma constru\u00e7\u00e3o dur\u00e1vel feita para durar, esses ladrilhos econ\u00f4micos trazem acessibilidade de alta qualidade ao seu alcance. Seja para pavimenta\u00e7\u00e3o t\u00e1til ou outras aplica\u00e7\u00f5es, a mistura de cer\u00e2mica proporciona longevidade sem compromisso. E com certifica\u00e7\u00e3o ISO 9001 na China.<\/p>","protected":false},"featured_media":11108,"comment_status":"open","ping_status":"closed","template":"","meta":{"_acf_changed":false},"product-sp-name":[],"product_brand":[],"product_cat":[167],"product_tag":[],"class_list":{"0":"post-10916","1":"product","2":"type-product","3":"status-publish","4":"has-post-thumbnail","6":"product_cat-tactile-paving-200x200mm","8":"first","9":"instock","10":"shipping-taxable","11":"product-type-simple"},"acf":[],"_links":{"self":[{"href":"https:\/\/design-ceramics.com\/pt\/wp-json\/wp\/v2\/product\/10916","targetHints":{"allow":["GET"]}}],"collection":[{"href":"https:\/\/design-ceramics.com\/pt\/wp-json\/wp\/v2\/product"}],"about":[{"href":"https:\/\/design-ceramics.com\/pt\/wp-json\/wp\/v2\/types\/product"}],"replies":[{"embeddable":true,"href":"https:\/\/design-ceramics.com\/pt\/wp-json\/wp\/v2\/comments?post=10916"}],"version-history":[{"count":4,"href":"https:\/\/design-ceramics.com\/pt\/wp-json\/wp\/v2\/product\/10916\/revisions"}],"predecessor-version":[{"id":11842,"href":"https:\/\/design-ceramics.com\/pt\/wp-json\/wp\/v2\/product\/10916\/revisions\/11842"}],"wp:featuredmedia":[{"embeddable":true,"href":"https:\/\/design-ceramics.com\/pt\/wp-json\/wp\/v2\/media\/11108"}],"wp:attachment":[{"href":"https:\/\/design-ceramics.com\/pt\/wp-json\/wp\/v2\/media?parent=10916"}],"wp:term":[{"taxonomy":"product-sp-name","embeddable":true,"href":"https:\/\/design-ceramics.com\/pt\/wp-json\/wp\/v2\/product-sp-name?post=10916"},{"taxonomy":"product_brand","embeddable":true,"href":"https:\/\/design-ceramics.com\/pt\/wp-json\/wp\/v2\/product_brand?post=10916"},{"taxonomy":"product_cat","embeddable":true,"href":"https:\/\/design-ceramics.com\/pt\/wp-json\/wp\/v2\/product_cat?post=10916"},{"taxonomy":"product_tag","embeddable":true,"href":"https:\/\/design-ceramics.com\/pt\/wp-json\/wp\/v2\/product_tag?post=10916"}],"curies":[{"name":"wp","href":"https:\/\/api.w.org\/{rel}","templated":true}]}}