{"id":10915,"date":"2024-11-17T01:07:36","date_gmt":"2024-11-17T01:07:36","guid":{"rendered":"https:\/\/design-ceramics.com\/product\/blind-tactile\/"},"modified":"2025-02-14T15:17:06","modified_gmt":"2025-02-14T15:17:06","slug":"morera-ceramic-blind-tactile","status":"publish","type":"product","link":"https:\/\/design-ceramics.com\/pt\/morera-ceramic-blind-tactile\/","title":{"rendered":"Morera Pavimento t\u00e1til cego de cer\u00e2mica (B1001)"},"content":{"rendered":"<p>As solu\u00e7\u00f5es de piso t\u00e1til s\u00e3o fundamentais para tornar as \u00e1reas de tr\u00e1fego intenso mais seguras e acess\u00edveis para pessoas cegas ou com perda de vis\u00e3o. No Canad\u00e1, mais de 3% de pessoas cegas que afetam suas vidas di\u00e1rias. Por isso, \u00e9 importante usar indicadores t\u00e1teis de superf\u00edcie de solo e marca\u00e7\u00f5es t\u00e1teis direcionais em locais p\u00fablicos.<\/p>","protected":false},"excerpt":{"rendered":"<p>As solu\u00e7\u00f5es de piso t\u00e1til s\u00e3o fundamentais para tornar as \u00e1reas de tr\u00e1fego intenso mais seguras e acess\u00edveis para pessoas cegas ou com perda de vis\u00e3o. No Canad\u00e1, mais de 3% de pessoas cegas que afetam suas vidas di\u00e1rias. Por isso, \u00e9 importante usar indicadores t\u00e1teis de superf\u00edcie de solo e marca\u00e7\u00f5es t\u00e1teis direcionais em locais p\u00fablicos.<\/p>","protected":false},"featured_media":11111,"comment_status":"open","ping_status":"closed","template":"","meta":{"_acf_changed":false},"product-sp-name":[],"product_brand":[],"product_cat":[167],"product_tag":[],"class_list":{"0":"post-10915","1":"product","2":"type-product","3":"status-publish","4":"has-post-thumbnail","6":"product_cat-tactile-paving-200x200mm","8":"first","9":"instock","10":"shipping-taxable","11":"product-type-simple"},"acf":[],"_links":{"self":[{"href":"https:\/\/design-ceramics.com\/pt\/wp-json\/wp\/v2\/product\/10915","targetHints":{"allow":["GET"]}}],"collection":[{"href":"https:\/\/design-ceramics.com\/pt\/wp-json\/wp\/v2\/product"}],"about":[{"href":"https:\/\/design-ceramics.com\/pt\/wp-json\/wp\/v2\/types\/product"}],"replies":[{"embeddable":true,"href":"https:\/\/design-ceramics.com\/pt\/wp-json\/wp\/v2\/comments?post=10915"}],"version-history":[{"count":5,"href":"https:\/\/design-ceramics.com\/pt\/wp-json\/wp\/v2\/product\/10915\/revisions"}],"predecessor-version":[{"id":11843,"href":"https:\/\/design-ceramics.com\/pt\/wp-json\/wp\/v2\/product\/10915\/revisions\/11843"}],"wp:featuredmedia":[{"embeddable":true,"href":"https:\/\/design-ceramics.com\/pt\/wp-json\/wp\/v2\/media\/11111"}],"wp:attachment":[{"href":"https:\/\/design-ceramics.com\/pt\/wp-json\/wp\/v2\/media?parent=10915"}],"wp:term":[{"taxonomy":"product-sp-name","embeddable":true,"href":"https:\/\/design-ceramics.com\/pt\/wp-json\/wp\/v2\/product-sp-name?post=10915"},{"taxonomy":"product_brand","embeddable":true,"href":"https:\/\/design-ceramics.com\/pt\/wp-json\/wp\/v2\/product_brand?post=10915"},{"taxonomy":"product_cat","embeddable":true,"href":"https:\/\/design-ceramics.com\/pt\/wp-json\/wp\/v2\/product_cat?post=10915"},{"taxonomy":"product_tag","embeddable":true,"href":"https:\/\/design-ceramics.com\/pt\/wp-json\/wp\/v2\/product_tag?post=10915"}],"curies":[{"name":"wp","href":"https:\/\/api.w.org\/{rel}","templated":true}]}}