{"id":10914,"date":"2024-11-17T01:07:36","date_gmt":"2024-11-17T01:07:36","guid":{"rendered":"https:\/\/design-ceramics.com\/product\/tactiles-perth\/"},"modified":"2025-02-14T15:13:20","modified_gmt":"2025-02-14T15:13:20","slug":"morera-ceramic-tactiles-perth","status":"publish","type":"product","link":"https:\/\/design-ceramics.com\/pt\/morera-ceramic-tactiles-perth\/","title":{"rendered":"S\u00e9rie Morera Ceramic Tactiles Perth (T1002)"},"content":{"rendered":"<p>Para as pessoas com defici\u00eancia visual, navegar pela cidade pode ser dif\u00edcil. O pavimento t\u00e1til de cer\u00e2mica \u00e9 um dos produtos mais importantes em Perth. Esses marcadores ajudam os deficientes visuais a se locomoverem com seguran\u00e7a e facilidade. Eles seguem as regras de seguran\u00e7a australianas, tornando a cidade mais acess\u00edvel.<\/p>","protected":false},"excerpt":{"rendered":"<p>Para as pessoas com defici\u00eancia visual, navegar pela cidade pode ser dif\u00edcil. O pavimento t\u00e1til de cer\u00e2mica \u00e9 um dos produtos mais importantes em Perth. Esses marcadores ajudam os deficientes visuais a se locomoverem com seguran\u00e7a e facilidade. Eles seguem as regras de seguran\u00e7a australianas, tornando a cidade mais acess\u00edvel.<\/p>","protected":false},"featured_media":11123,"comment_status":"open","ping_status":"closed","template":"","meta":{"_acf_changed":false},"product-sp-name":[],"product_brand":[],"product_cat":[167],"product_tag":[],"class_list":{"0":"post-10914","1":"product","2":"type-product","3":"status-publish","4":"has-post-thumbnail","6":"product_cat-tactile-paving-200x200mm","8":"first","9":"instock","10":"shipping-taxable","11":"product-type-simple"},"acf":[],"_links":{"self":[{"href":"https:\/\/design-ceramics.com\/pt\/wp-json\/wp\/v2\/product\/10914","targetHints":{"allow":["GET"]}}],"collection":[{"href":"https:\/\/design-ceramics.com\/pt\/wp-json\/wp\/v2\/product"}],"about":[{"href":"https:\/\/design-ceramics.com\/pt\/wp-json\/wp\/v2\/types\/product"}],"replies":[{"embeddable":true,"href":"https:\/\/design-ceramics.com\/pt\/wp-json\/wp\/v2\/comments?post=10914"}],"version-history":[{"count":4,"href":"https:\/\/design-ceramics.com\/pt\/wp-json\/wp\/v2\/product\/10914\/revisions"}],"predecessor-version":[{"id":11835,"href":"https:\/\/design-ceramics.com\/pt\/wp-json\/wp\/v2\/product\/10914\/revisions\/11835"}],"wp:featuredmedia":[{"embeddable":true,"href":"https:\/\/design-ceramics.com\/pt\/wp-json\/wp\/v2\/media\/11123"}],"wp:attachment":[{"href":"https:\/\/design-ceramics.com\/pt\/wp-json\/wp\/v2\/media?parent=10914"}],"wp:term":[{"taxonomy":"product-sp-name","embeddable":true,"href":"https:\/\/design-ceramics.com\/pt\/wp-json\/wp\/v2\/product-sp-name?post=10914"},{"taxonomy":"product_brand","embeddable":true,"href":"https:\/\/design-ceramics.com\/pt\/wp-json\/wp\/v2\/product_brand?post=10914"},{"taxonomy":"product_cat","embeddable":true,"href":"https:\/\/design-ceramics.com\/pt\/wp-json\/wp\/v2\/product_cat?post=10914"},{"taxonomy":"product_tag","embeddable":true,"href":"https:\/\/design-ceramics.com\/pt\/wp-json\/wp\/v2\/product_tag?post=10914"}],"curies":[{"name":"wp","href":"https:\/\/api.w.org\/{rel}","templated":true}]}}